{"id":3823,"date":"2024-01-21T23:42:31","date_gmt":"2024-01-21T21:42:31","guid":{"rendered":"https:\/\/nactionrentacar.com\/?page_id=3823"},"modified":"2025-01-14T13:55:48","modified_gmt":"2025-01-14T11:55:48","slug":"airport","status":"publish","type":"page","link":"https:\/\/nactionrentacar.com\/it\/airport\/","title":{"rendered":"Airport &#8211; Naxos Rent a Car"},"content":{"rendered":"<div class=\"wpb-content-wrapper\"><p>[vc_row][vc_column]<div class=\"cz_gap clr \" style=\"height: 100px\"><\/div>[vc_custom_heading text=&#8221;Airport &#8211; Naxos Rent a Car&#8221; font_container=&#8221;tag:h1|font_size:36|text_align:center|color:%2300aeef&#8221; use_theme_fonts=&#8221;yes&#8221;]<div class=\"cz_gap clr \" style=\"height: 50px\"><\/div>[vc_column_text]Naction Rent a car Naxos \u00e8 un&#8217;affidabile compagnia di autonoleggio con sufficiente esperienza nel settore del noleggio e del turismo. Il rispetto e la responsabilit\u00e0 verso ogni visitatore dell&#8217;isola di Naxos danno al Team di Naction Rental Car la motivazione per fornire un servizio completo di noleggio auto. Il nostro team offre numerose visite guidate per dare ai visitatori suggerimenti sulle bellezze di Naxos.<br \/>\nLa nostra collaborazione con diverse localit\u00e0 turistiche di Naxos conferisce all&#8217;agenzia Rent a Car Naxos credibilit\u00e0 e vantaggi riconosciuti per la nostra attivit\u00e0. Inizialmente la scelta di eccellenti nuovi modelli di auto, con standard elevati per tour pi\u00f9 sicuri e confortevoli, ovviamente con un supporto sempre personale per ogni cliente.<br \/>\nConsegniamo il tuo veicolo ovunque sull&#8217;isola e offriamo una grande variet\u00e0 di auto. Siamo orgogliosi di offrire le migliori offerte senza costi nascosti!<br \/>\nHai scelto di arrivare a Naxos in aereo? Perfetto! \u00c8 la scelta migliore per un viaggio veloce e piacevole.<br \/>\nE noi di Naction Rent a Car, Naxos ti rendiamo ancora pi\u00f9 semplice la scelta di noleggiare un&#8217;auto direttamente dall&#8217;aeroporto risparmiando tempo e denaro.<br \/>\nIl noleggio auto dall&#8217;aeroporto ora \u00e8 un gioco da ragazzi!<br \/>\nLa nostra azienda ti permette di scegliere il veicolo che desideri, all&#8217;orario che desideri e nel luogo in cui arriverai.<br \/>\nNon devi fare altro che scegliere l&#8217;Aeroporto come luogo di consegna e comunicarci il numero e l&#8217;orario del volo.<br \/>\nAl tuo arrivo incontrerai il nostro partner in aeroporto per consegnarti il veicolo, darti consigli utili e partire direttamente a destinazione.<br \/>\nLe tue vacanze sono gi\u00e0 iniziate nella bellissima Naxos! Benvenuto!<\/p>\n<h2>Informazioni generali sull&#8217;aeroporto di Naxos<\/h2>\n<p>L&#8217;aeroporto di Naxos, denominato &#8220;Apollon&#8221; \u00e8 situato in una posizione meravigliosa.<br \/>\n\u00c8 vicino alla Chora di Naxos (citt\u00e0), a soli 3 chilometri di distanza, e vicino alle zone turistiche.<br \/>\nAttualmente accetta solo voli nazionali.<br \/>\nTuttavia, secondo informazioni attendibili, sono state avviate le procedure per ammodernare l&#8217;aeroporto in modo che sia in grado di ricevere voli internazionali diretti.<br \/>\nL&#8217;accesso all&#8217;aeroporto di Naxos \u00e8 facile, purch\u00e9 si disponga di un mezzo di trasporto che vi porti l\u00ec.<br \/>\nL&#8217;aeroporto di Naxos funziona perfettamente e dispone di tutte le infrastrutture adeguate per l&#8217;arrivo e la partenza sicuri degli aerei, nonch\u00e9 dei passeggeri.<br \/>\nAll&#8217;interno dell&#8217;aeroporto troverai una piccola mensa per fornirti un piccolo spuntino o caff\u00e8 e bevande analcoliche.<br \/>\nInfine, fuori zona, troverete disponibili taxi o auto a noleggio (su richiesta).<\/p>\n<h2>Procedura di noleggio della nazione<\/h2>\n<p>A Naction Rent a Car, Naxos troverai il veicolo che soddisfer\u00e0 le tue esigenze. Nella nostra flotta disponiamo di diverse categorie di veicoli riconoscibili e affidabili.<br \/>\nSiamo lieti di offrirti varie categorie di veicoli, come piccoli ed economici, decappottabili, auto familiari e SUV.<br \/>\nCon opzioni aggiuntive nei veicoli manuali o automatici, per la migliore comodit\u00e0 dei nostri clienti.<br \/>\nIl processo di prenotazione \u00e8 molto semplice e richiede solo 4 minuti.<br \/>\nVisita il nostro sito e seleziona nel calendario le date (consegna &#8211; restituzione), gli orari, la localit\u00e0 e la tua et\u00e0 e ti mostrer\u00e0 subito i veicoli disponibili per il noleggio con il prezzo totale del noleggio.<br \/>\nNella fase successiva potrai scegliere se hai bisogno di seggiolini per bambini piccoli, che ti verranno forniti gratuitamente, e se avrai bisogno di un&#8217;assicurazione per il veicolo che noleggerai, quindi inserisci i tuoi dati.<br \/>\nLa fase finale \u00e8 la fase di pagamento. Per la conferma della prenotazione \u00e8 richiesto il 30% dell&#8217;importo totale.<br \/>\nL\u00ec scegli il metodo di pagamento.<br \/>\nPuoi scegliere tra pagare con:<\/p>\n<ul>\n<li>Carta di credito<\/li>\n<li>Trasferimento bancario<\/li>\n<li>PayPal<\/li>\n<\/ul>\n<p>La tua prenotazione \u00e8 pronta. Da quel momento in poi ci impegniamo ad informarvi sulla vostra prenotazione. In alternativa potete contattarci via email, telefonicamente o tramite WhatsApp.<br \/>\nUno dei nostri rappresentanti risponder\u00e0 alle tue domande il prima possibile e ti offrir\u00e0 opzioni di noleggio per rendere il tuo viaggio pi\u00f9 semplice.<br \/>\nNon ti resta quindi che arrivare sulla nostra isola, dove qualcuno del nostro team ti aspetter\u00e0 nel luogo e all&#8217;orario da te prescelto, per mostrarti l&#8217;auto, perfezionare il contratto e chiarire ogni tuo dubbio. potrebbero avere o informazioni sulla nostra isola.<br \/>\nAl momento della stipula del contratto il noleggiatore dovr\u00e0 avere con s\u00e9 una patente di guida valida ed una carta di credito valida per la sicurezza del veicolo.<br \/>\nVa notato che offriamo la possibilit\u00e0 di un conducente aggiuntivo senza costi aggiuntivi. L&#8217;unica cosa importante \u00e8 avere con s\u00e9 una patente di guida valida.<br \/>\nIl noleggiatore deve avere la patente da almeno 2 anni e deve essere scritta in caratteri latini.[\/vc_column_text][\/vc_column][\/vc_row][vc_row][vc_column]<div class=\"cz_gap clr \" style=\"height: 50px\"><\/div>[vc_custom_heading text=&#8221;Spesso Chiesto Domande (FAQ)&#8221; font_container=&#8221;tag:h2|text_align:center|color:%23000000&#8243; use_theme_fonts=&#8221;yes&#8221;]<div class=\"cz_gap clr \" style=\"height: 50px\"><\/div>[vc_toggle title=&#8221;Quali sono i requisiti per un noleggio auto all&#8217;aeroporto di Naxos?&#8221; custom_font_container=&#8221;tag:h3|text_align:left|color:%2300aeef&#8221; custom_use_theme_fonts=&#8221;yes&#8221; use_custom_heading=&#8221;true&#8221;]\u00c8 molto semplice noleggiare un&#8217;auto all&#8217;aeroporto di Naxos, a patto di aver selezionato correttamente la voce &#8220;Aeroporto&#8221; nel punto di ritiro.<br \/>\nIn questo caso dovrai compilare il modulo con i tuoi dati, l&#8217;orario di arrivo e il numero del volo. Questi due sono i pi\u00f9 importanti per permetterci di consegnarti l&#8217;auto in tempo, senza ritardi.<br \/>\nE cos\u00ec quando scenderai dall&#8217;aereo, il nostro rappresentante ti aspetter\u00e0 con il veicolo che hai scelto per accompagnarti in questo viaggio di vacanza.<\/p>\n<p>Naturalmente ci sono anche casi in cui non hanno effettuato la prenotazione.<br \/>\nArrivati all&#8217;aeroporto pensano di noleggiare un veicolo.<br \/>\nNessun problema! Puoi chiamarci o inviarci un messaggio tramite WhatsApp e ti informeremo subito sui veicoli disponibili.<br \/>\nSe c&#8217;\u00e8 disponibilit\u00e0, in breve tempo avrai l&#8217;auto che preferisci direttamente in aeroporto, senza dover fare altro.[\/vc_toggle][vc_toggle title=&#8221;Come posso pagare il mio noleggio auto all&#8217;aeroporto di Naxos?&#8221; custom_font_container=&#8221;tag:h3|text_align:left|color:%2300aeef&#8221; custom_use_theme_fonts=&#8221;yes&#8221; use_custom_heading=&#8221;true&#8221;]Una volta arrivato a Naxos e ti diamo il benvenuto, il nostro rappresentante ti mostrer\u00e0 il veicolo e completer\u00e0 il contratto di prenotazione.<br \/>\nSuccessivamente avrai la possibilit\u00e0 di scegliere il metodo di pagamento tra contanti o carta, a seconda delle preferenze di ciascun cliente.[\/vc_toggle][vc_toggle title=&#8221;Quali documenti devo portare con me per il mio noleggio auto all&#8217;aeroporto di Naxos?&#8221; custom_font_container=&#8221;tag:h3|text_align:left|color:%2300aeef&#8221; custom_use_theme_fonts=&#8221;yes&#8221; use_custom_heading=&#8221;true&#8221;]\u00c8 importante che il noleggiatore abbia con s\u00e9 una patente di guida valida e nei casi in cui sia necessario avere una patente di guida<br \/>\ninternazionale . Se per la prenotazione \u00e8 stato selezionato un secondo conducente, \u00e8 necessaria anche la patente di guida valida del conducente aggiuntivo.<\/p>\n<p>Infine, il noleggiatore dovr\u00e0 avere con s\u00e9 una carta di credito valida per la sicurezza del veicolo che ha noleggiato. Se non dispone di una carta di credito valida, dovr\u00e0 segnalarlo il prima possibile alla societ\u00e0 di noleggio presso la quale \u00e8 stata prenotata l&#8217;auto, in modo che possa informarlo delle opzioni pertinenti.[\/vc_toggle][\/vc_column][\/vc_row][vc_row][vc_column width=&#8221;1\/4&#8243;][\/vc_column][vc_column width=&#8221;1\/2&#8243;]<div class=\"cz_gap clr \" style=\"height: 50px\"><\/div>[vc_custom_heading text=&#8221;Search for vehicle&#8221; font_container=&#8221;tag:p|font_size:24|text_align:left|color:%23000000&#8243; use_theme_fonts=&#8221;yes&#8221;][vc_raw_html css=&#8221;&#8221;]JTNDaWZyYW1lJTIwc3JjJTNEJTIyaHR0cHMlM0ElMkYlMkZuYWN0aW9ucmVudGFjYXIuY29tJTJGZm9ybS1haXJwb3J0LnBocCUyRiUyMiUyMG5hbWUlM0QlMjJjYXJmcmFtZSUyMiUyMGlkJTNEJTIyY2FyZnJhbWUlMjIlMjBmcmFtZWJvcmRlciUzRCUyMjAlMjIlMjBib3JkZXIlM0QlMjIwJTIyJTIwY2VsbHNwYWNpbmclM0QlMjIwJTIyJTIwc3R5bGUlM0QlMjJib3JkZXItc3R5bGUlM0ElMjBub25lJTNCd2lkdGglM0ElMjAxMTAlMjUlM0IlMjBoZWlnaHQlM0ElMjA1NTBweCUzQiUyMiUzRSUzQyUyRmlmcmFtZSUzRQ==[\/vc_raw_html][\/vc_column][vc_column width=&#8221;1\/4&#8243;][\/vc_column][\/vc_row]<\/p>\n<\/div>","protected":false},"excerpt":{"rendered":"<p>[vc_row][vc_column][vc_custom_heading text=&#8221;Airport &#8211; Naxos Rent a Car&#8221; font_container=&#8221;tag:h1|font_size:36|text_align:center|color:%2300aeef&#8221; use_theme_fonts=&#8221;yes&#8221;][vc_column_text]Naction Rent a car Naxos \u00e8 un&#8217;affidabile compagnia di autonoleggio con sufficiente &#8230; <\/p>\n","protected":false},"author":2,"featured_media":0,"parent":0,"menu_order":0,"comment_status":"closed","ping_status":"closed","template":"","meta":{"footnotes":""},"class_list":["post-3823","page","type-page","status-publish","hentry"],"yoast_head":"<!-- This site is optimized with the Yoast SEO plugin v25.7 - https:\/\/yoast.com\/wordpress\/plugins\/seo\/ -->\n<title>Airport - Naxos Rent a Car | Naction<\/title>\n<meta name=\"description\" content=\"Choose us and we will serve you for your transfer to the airport of Naxos. Rent a car with pick-up and drop-off location the airport of Naxos.\" \/>\n<meta name=\"robots\" content=\"index, follow, max-snippet:-1, max-image-preview:large, max-video-preview:-1\" \/>\n<link rel=\"canonical\" href=\"https:\/\/nactionrentacar.com\/it\/airport\/\" \/>\n<meta property=\"og:locale\" content=\"it_IT\" \/>\n<meta property=\"og:type\" content=\"article\" \/>\n<meta property=\"og:title\" content=\"Airport - Naxos Rent a Car | Naction\" \/>\n<meta property=\"og:description\" content=\"Choose us and we will serve you for your transfer to the airport of Naxos. Rent a car with pick-up and drop-off location the airport of Naxos.\" \/>\n<meta property=\"og:url\" content=\"https:\/\/nactionrentacar.com\/it\/airport\/\" \/>\n<meta property=\"og:site_name\" content=\"Rent a Car Naxos\" \/>\n<meta property=\"article:publisher\" content=\"https:\/\/www.facebook.com\/pg\/sitia-airport-and-heraklion-airport-rent-a-carLGSTJSH-crete-rent-a-car-130348640373331\/about\/?tab=page_info\" \/>\n<meta property=\"article:modified_time\" content=\"2025-01-14T11:55:48+00:00\" \/>\n<meta name=\"twitter:card\" content=\"summary_large_image\" \/>\n<meta name=\"twitter:label1\" content=\"Tempo di lettura stimato\" \/>\n\t<meta name=\"twitter:data1\" content=\"5 minuti\" \/>\n<script type=\"application\/ld+json\" class=\"yoast-schema-graph\">{\"@context\":\"https:\/\/schema.org\",\"@graph\":[{\"@type\":\"WebPage\",\"@id\":\"https:\/\/nactionrentacar.com\/it\/airport\/\",\"url\":\"https:\/\/nactionrentacar.com\/it\/airport\/\",\"name\":\"Airport - Naxos Rent a Car | Naction\",\"isPartOf\":{\"@id\":\"https:\/\/nactionrentacar.com\/it\/#website\"},\"datePublished\":\"2024-01-21T21:42:31+00:00\",\"dateModified\":\"2025-01-14T11:55:48+00:00\",\"description\":\"Choose us and we will serve you for your transfer to the airport of Naxos. Rent a car with pick-up and drop-off location the airport of Naxos.\",\"breadcrumb\":{\"@id\":\"https:\/\/nactionrentacar.com\/it\/airport\/#breadcrumb\"},\"inLanguage\":\"it-IT\",\"potentialAction\":[{\"@type\":\"ReadAction\",\"target\":[\"https:\/\/nactionrentacar.com\/it\/airport\/\"]}]},{\"@type\":\"BreadcrumbList\",\"@id\":\"https:\/\/nactionrentacar.com\/it\/airport\/#breadcrumb\",\"itemListElement\":[{\"@type\":\"ListItem\",\"position\":1,\"name\":\"Home\",\"item\":\"https:\/\/nactionrentacar.com\/it\/\"},{\"@type\":\"ListItem\",\"position\":2,\"name\":\"Airport &#8211; Naxos Rent a Car\"}]},{\"@type\":\"WebSite\",\"@id\":\"https:\/\/nactionrentacar.com\/it\/#website\",\"url\":\"https:\/\/nactionrentacar.com\/it\/\",\"name\":\"Rent a Car Naxos\",\"description\":\"Naction Rent a Car in Naxos\",\"potentialAction\":[{\"@type\":\"SearchAction\",\"target\":{\"@type\":\"EntryPoint\",\"urlTemplate\":\"https:\/\/nactionrentacar.com\/it\/?s={search_term_string}\"},\"query-input\":{\"@type\":\"PropertyValueSpecification\",\"valueRequired\":true,\"valueName\":\"search_term_string\"}}],\"inLanguage\":\"it-IT\"}]}<\/script>\n<!-- \/ Yoast SEO plugin. -->","yoast_head_json":{"title":"Airport - Naxos Rent a Car | Naction","description":"Choose us and we will serve you for your transfer to the airport of Naxos. Rent a car with pick-up and drop-off location the airport of Naxos.","robots":{"index":"index","follow":"follow","max-snippet":"max-snippet:-1","max-image-preview":"max-image-preview:large","max-video-preview":"max-video-preview:-1"},"canonical":"https:\/\/nactionrentacar.com\/it\/airport\/","og_locale":"it_IT","og_type":"article","og_title":"Airport - Naxos Rent a Car | Naction","og_description":"Choose us and we will serve you for your transfer to the airport of Naxos. Rent a car with pick-up and drop-off location the airport of Naxos.","og_url":"https:\/\/nactionrentacar.com\/it\/airport\/","og_site_name":"Rent a Car Naxos","article_publisher":"https:\/\/www.facebook.com\/pg\/sitia-airport-and-heraklion-airport-rent-a-carLGSTJSH-crete-rent-a-car-130348640373331\/about\/?tab=page_info","article_modified_time":"2025-01-14T11:55:48+00:00","twitter_card":"summary_large_image","twitter_misc":{"Tempo di lettura stimato":"5 minuti"},"schema":{"@context":"https:\/\/schema.org","@graph":[{"@type":"WebPage","@id":"https:\/\/nactionrentacar.com\/it\/airport\/","url":"https:\/\/nactionrentacar.com\/it\/airport\/","name":"Airport - Naxos Rent a Car | Naction","isPartOf":{"@id":"https:\/\/nactionrentacar.com\/it\/#website"},"datePublished":"2024-01-21T21:42:31+00:00","dateModified":"2025-01-14T11:55:48+00:00","description":"Choose us and we will serve you for your transfer to the airport of Naxos. Rent a car with pick-up and drop-off location the airport of Naxos.","breadcrumb":{"@id":"https:\/\/nactionrentacar.com\/it\/airport\/#breadcrumb"},"inLanguage":"it-IT","potentialAction":[{"@type":"ReadAction","target":["https:\/\/nactionrentacar.com\/it\/airport\/"]}]},{"@type":"BreadcrumbList","@id":"https:\/\/nactionrentacar.com\/it\/airport\/#breadcrumb","itemListElement":[{"@type":"ListItem","position":1,"name":"Home","item":"https:\/\/nactionrentacar.com\/it\/"},{"@type":"ListItem","position":2,"name":"Airport &#8211; Naxos Rent a Car"}]},{"@type":"WebSite","@id":"https:\/\/nactionrentacar.com\/it\/#website","url":"https:\/\/nactionrentacar.com\/it\/","name":"Rent a Car Naxos","description":"Naction Rent a Car in Naxos","potentialAction":[{"@type":"SearchAction","target":{"@type":"EntryPoint","urlTemplate":"https:\/\/nactionrentacar.com\/it\/?s={search_term_string}"},"query-input":{"@type":"PropertyValueSpecification","valueRequired":true,"valueName":"search_term_string"}}],"inLanguage":"it-IT"}]}},"_links":{"self":[{"href":"https:\/\/nactionrentacar.com\/it\/wp-json\/wp\/v2\/pages\/3823","targetHints":{"allow":["GET"]}}],"collection":[{"href":"https:\/\/nactionrentacar.com\/it\/wp-json\/wp\/v2\/pages"}],"about":[{"href":"https:\/\/nactionrentacar.com\/it\/wp-json\/wp\/v2\/types\/page"}],"author":[{"embeddable":true,"href":"https:\/\/nactionrentacar.com\/it\/wp-json\/wp\/v2\/users\/2"}],"replies":[{"embeddable":true,"href":"https:\/\/nactionrentacar.com\/it\/wp-json\/wp\/v2\/comments?post=3823"}],"version-history":[{"count":7,"href":"https:\/\/nactionrentacar.com\/it\/wp-json\/wp\/v2\/pages\/3823\/revisions"}],"predecessor-version":[{"id":4566,"href":"https:\/\/nactionrentacar.com\/it\/wp-json\/wp\/v2\/pages\/3823\/revisions\/4566"}],"wp:attachment":[{"href":"https:\/\/nactionrentacar.com\/it\/wp-json\/wp\/v2\/media?parent=3823"}],"curies":[{"name":"wp","href":"https:\/\/api.w.org\/{rel}","templated":true}]}}