{"id":3888,"date":"2024-01-22T17:58:00","date_gmt":"2024-01-22T15:58:00","guid":{"rendered":"https:\/\/nactionrentacar.com\/?page_id=3888"},"modified":"2025-01-14T13:35:15","modified_gmt":"2025-01-14T11:35:15","slug":"agia-anna","status":"publish","type":"page","link":"https:\/\/nactionrentacar.com\/fr\/agia-anna\/","title":{"rendered":"Naxos Rent a Car in Agia Anna"},"content":{"rendered":"<div class=\"wpb-content-wrapper\"><p>[vc_row][vc_column]<div class=\"cz_gap clr \" style=\"height: 100px\"><\/div>[vc_custom_heading text=\u00a0\u00bbNaxos Rent a Car in Agia Anna\u00a0\u00bb font_container=\u00a0\u00bbtag:h1|font_size:36|text_align:center|color:%2300aeef\u00a0\u00bb use_theme_fonts=\u00a0\u00bbyes\u00a0\u00bb]<div class=\"cz_gap clr \" style=\"height: 50px\"><\/div>[vc_column_text]Naction Rent a Car, ancr\u00e9 dans l&rsquo;hospitalit\u00e9 naxienne authentique et passionn\u00e9 par l&rsquo;enrichissement des exp\u00e9riences des visiteurs, propose des services de location de voitures sur mesure \u00e0 Agia Anna. En mettant l&rsquo;accent sur la fourniture d&rsquo;un soutien personnalis\u00e9 et de nouveaux mod\u00e8les de voitures haut de gamme, nous garantissons la s\u00e9curit\u00e9, le confort et la libert\u00e9 d&rsquo;explorer les paysages \u00e0 couper le souffle d&rsquo;Agia Anna \u00e0 votre rythme. Notre engagement \u00e0 proposer des prix comp\u00e9titifs, des offres transparentes et un syst\u00e8me de r\u00e9servation simple garantit un voyage fluide d\u00e8s votre arriv\u00e9e. Plongez avec nous au c\u0153ur de Naxos, o\u00f9 chaque trajet fait partie de votre aventure.[\/vc_column_text][vc_separator border_width=\u00a0\u00bb2&Prime;][\/vc_column][\/vc_row][vc_row full_width=\u00a0\u00bbstretch_row_content_no_spaces\u00a0\u00bb css=\u00a0\u00bb.vc_custom_1637582358544{padding-top: 30px !important;background-color: #2abbf1 !important;}\u00a0\u00bb][vc_column width=\u00a0\u00bb1\/3&Prime;][\/vc_column][vc_column width=\u00a0\u00bb1\/3&Prime; css=\u00a0\u00bb.vc_custom_1643794856074{margin-top: 0px !important;margin-bottom: 0px !important;border-top-width: 0px !important;border-bottom-width: 0px !important;padding-top: 0px !important;padding-bottom: 0px !important;}\u00a0\u00bb][vc_column_text css=\u00a0\u00bb.vc_custom_1705938476027{margin-top: 0px !important;margin-bottom: 0px !important;border-top-width: 0px !important;border-bottom-width: 0px !important;padding-top: 0px !important;padding-bottom: 0px !important;}\u00a0\u00bb]<\/p>\n<p style=\"text-align: center;\"><span style=\"font-size: 26px; color: #ffffff;\"><strong>Need help or have a question?<\/strong><\/span><\/p>\n<p style=\"text-align: center;\"><span style=\"font-size: 26px; color: #ffffff;\"><strong>Call Us: +30 6938454714<\/strong><\/span><\/p>\n<p>[\/vc_column_text]<div class=\"cz_gap clr \" style=\"height: 50px\"><\/div>[vc_btn title=\u00a0\u00bbCALL NOW\u00a0\u00bb shape=\u00a0\u00bbsquare\u00a0\u00bb color=\u00a0\u00bbwhite\u00a0\u00bb align=\u00a0\u00bbcenter\u00a0\u00bb i_type=\u00a0\u00bbmaterial\u00a0\u00bb i_icon_material=\u00a0\u00bbvc-material vc-material-time_to_leave\u00a0\u00bb add_icon=\u00a0\u00bbtrue\u00a0\u00bb link=\u00a0\u00bburl:tel%3A%2B306938454714|title:Our%20Fleet||rel:nofollow\u00a0\u00bb][\/vc_column][vc_column width=\u00a0\u00bb1\/3&Prime;][\/vc_column][\/vc_row][vc_row][vc_column]<div class=\"cz_gap clr \" style=\"height: 100px\"><\/div>[\/vc_column][\/vc_row][vc_row][vc_column width=\u00a0\u00bb1\/4&Prime;][\/vc_column][vc_column width=\u00a0\u00bb1\/2&Prime;][vc_custom_heading text=\u00a0\u00bbSearch for your Vehicle\u00a0\u00bb font_container=\u00a0\u00bbtag:h3|font_size:20|text_align:center|color:%232abbf1&Prime; use_theme_fonts=\u00a0\u00bbyes\u00a0\u00bb]<div class=\"cz_gap clr \" style=\"height: 50px\"><\/div>[vc_raw_html css=\u00a0\u00bb\u00a0\u00bb]JTNDaWZyYW1lJTIwc3JjJTNEJTIyaHR0cHMlM0ElMkYlMkZuYWN0aW9ucmVudGFjYXIuY29tJTJGZm9ybS1hbm5hLnBocCUyRiUyMiUyMG5hbWUlM0QlMjJjYXJmcmFtZSUyMiUyMGlkJTNEJTIyY2FyZnJhbWUlMjIlMjBmcmFtZWJvcmRlciUzRCUyMjAlMjIlMjBib3JkZXIlM0QlMjIwJTIyJTIwY2VsbHNwYWNpbmclM0QlMjIwJTIyJTIwc3R5bGUlM0QlMjJib3JkZXItc3R5bGUlM0ElMjBub25lJTNCd2lkdGglM0ElMjAxMTAlMjUlM0IlMjBoZWlnaHQlM0ElMjA1NTBweCUzQiUyMiUzRSUzQyUyRmlmcmFtZSUzRQ==[\/vc_raw_html][\/vc_column][vc_column width=\u00a0\u00bb1\/4&Prime;][\/vc_column][\/vc_row][vc_column][\/vc_column]<\/p>\n<\/div>","protected":false},"excerpt":{"rendered":"<p>[vc_row][vc_column][vc_custom_heading text=\u00a0\u00bbNaxos Rent a Car in Agia Anna\u00a0\u00bb font_container=\u00a0\u00bbtag:h1|font_size:36|text_align:center|color:%2300aeef\u00a0\u00bb use_theme_fonts=\u00a0\u00bbyes\u00a0\u00bb][vc_column_text]Naction Rent a Car, ancr\u00e9 dans l&rsquo;hospitalit\u00e9 naxienne authentique et passionn\u00e9 &#8230; <\/p>\n","protected":false},"author":2,"featured_media":0,"parent":0,"menu_order":0,"comment_status":"closed","ping_status":"closed","template":"","meta":{"footnotes":""},"class_list":["post-3888","page","type-page","status-publish","hentry"],"yoast_head":"<!-- This site is optimized with the Yoast SEO plugin v25.7 - https:\/\/yoast.com\/wordpress\/plugins\/seo\/ -->\n<title>Agia Anna - Naxos Rent a Car | Naction<\/title>\n<meta name=\"description\" content=\"Nactionrentacar is here to serve you on your vacation, even if you are looking for a car in Agia Anna, Naxos.\" \/>\n<meta name=\"robots\" content=\"index, follow, max-snippet:-1, max-image-preview:large, max-video-preview:-1\" \/>\n<link rel=\"canonical\" href=\"https:\/\/nactionrentacar.com\/fr\/agia-anna\/\" \/>\n<meta property=\"og:locale\" content=\"fr_FR\" \/>\n<meta property=\"og:type\" content=\"article\" \/>\n<meta property=\"og:title\" content=\"Agia Anna - Naxos Rent a Car | Naction\" \/>\n<meta property=\"og:description\" content=\"Nactionrentacar is here to serve you on your vacation, even if you are looking for a car in Agia Anna, Naxos.\" \/>\n<meta property=\"og:url\" content=\"https:\/\/nactionrentacar.com\/fr\/agia-anna\/\" \/>\n<meta property=\"og:site_name\" content=\"Rent a Car Naxos\" \/>\n<meta property=\"article:publisher\" content=\"https:\/\/www.facebook.com\/pg\/sitia-airport-and-heraklion-airport-rent-a-carLGSTJSH-crete-rent-a-car-130348640373331\/about\/?tab=page_info\" \/>\n<meta property=\"article:modified_time\" content=\"2025-01-14T11:35:15+00:00\" \/>\n<meta name=\"twitter:card\" content=\"summary_large_image\" \/>\n<meta name=\"twitter:label1\" content=\"Dur\u00e9e de lecture estim\u00e9e\" \/>\n\t<meta name=\"twitter:data1\" content=\"1 minute\" \/>\n<script type=\"application\/ld+json\" class=\"yoast-schema-graph\">{\"@context\":\"https:\/\/schema.org\",\"@graph\":[{\"@type\":\"WebPage\",\"@id\":\"https:\/\/nactionrentacar.com\/fr\/agia-anna\/\",\"url\":\"https:\/\/nactionrentacar.com\/fr\/agia-anna\/\",\"name\":\"Agia Anna - Naxos Rent a Car | Naction\",\"isPartOf\":{\"@id\":\"https:\/\/nactionrentacar.com\/fr\/#website\"},\"datePublished\":\"2024-01-22T15:58:00+00:00\",\"dateModified\":\"2025-01-14T11:35:15+00:00\",\"description\":\"Nactionrentacar is here to serve you on your vacation, even if you are looking for a car in Agia Anna, Naxos.\",\"breadcrumb\":{\"@id\":\"https:\/\/nactionrentacar.com\/fr\/agia-anna\/#breadcrumb\"},\"inLanguage\":\"fr-FR\",\"potentialAction\":[{\"@type\":\"ReadAction\",\"target\":[\"https:\/\/nactionrentacar.com\/fr\/agia-anna\/\"]}]},{\"@type\":\"BreadcrumbList\",\"@id\":\"https:\/\/nactionrentacar.com\/fr\/agia-anna\/#breadcrumb\",\"itemListElement\":[{\"@type\":\"ListItem\",\"position\":1,\"name\":\"Home\",\"item\":\"https:\/\/nactionrentacar.com\/fr\/\"},{\"@type\":\"ListItem\",\"position\":2,\"name\":\"Naxos Rent a Car in Agia Anna\"}]},{\"@type\":\"WebSite\",\"@id\":\"https:\/\/nactionrentacar.com\/fr\/#website\",\"url\":\"https:\/\/nactionrentacar.com\/fr\/\",\"name\":\"Rent a Car Naxos\",\"description\":\"Naction Rent a Car in Naxos\",\"potentialAction\":[{\"@type\":\"SearchAction\",\"target\":{\"@type\":\"EntryPoint\",\"urlTemplate\":\"https:\/\/nactionrentacar.com\/fr\/?s={search_term_string}\"},\"query-input\":{\"@type\":\"PropertyValueSpecification\",\"valueRequired\":true,\"valueName\":\"search_term_string\"}}],\"inLanguage\":\"fr-FR\"}]}<\/script>\n<!-- \/ Yoast SEO plugin. -->","yoast_head_json":{"title":"Agia Anna - Naxos Rent a Car | Naction","description":"Nactionrentacar is here to serve you on your vacation, even if you are looking for a car in Agia Anna, Naxos.","robots":{"index":"index","follow":"follow","max-snippet":"max-snippet:-1","max-image-preview":"max-image-preview:large","max-video-preview":"max-video-preview:-1"},"canonical":"https:\/\/nactionrentacar.com\/fr\/agia-anna\/","og_locale":"fr_FR","og_type":"article","og_title":"Agia Anna - Naxos Rent a Car | Naction","og_description":"Nactionrentacar is here to serve you on your vacation, even if you are looking for a car in Agia Anna, Naxos.","og_url":"https:\/\/nactionrentacar.com\/fr\/agia-anna\/","og_site_name":"Rent a Car Naxos","article_publisher":"https:\/\/www.facebook.com\/pg\/sitia-airport-and-heraklion-airport-rent-a-carLGSTJSH-crete-rent-a-car-130348640373331\/about\/?tab=page_info","article_modified_time":"2025-01-14T11:35:15+00:00","twitter_card":"summary_large_image","twitter_misc":{"Dur\u00e9e de lecture estim\u00e9e":"1 minute"},"schema":{"@context":"https:\/\/schema.org","@graph":[{"@type":"WebPage","@id":"https:\/\/nactionrentacar.com\/fr\/agia-anna\/","url":"https:\/\/nactionrentacar.com\/fr\/agia-anna\/","name":"Agia Anna - Naxos Rent a Car | Naction","isPartOf":{"@id":"https:\/\/nactionrentacar.com\/fr\/#website"},"datePublished":"2024-01-22T15:58:00+00:00","dateModified":"2025-01-14T11:35:15+00:00","description":"Nactionrentacar is here to serve you on your vacation, even if you are looking for a car in Agia Anna, Naxos.","breadcrumb":{"@id":"https:\/\/nactionrentacar.com\/fr\/agia-anna\/#breadcrumb"},"inLanguage":"fr-FR","potentialAction":[{"@type":"ReadAction","target":["https:\/\/nactionrentacar.com\/fr\/agia-anna\/"]}]},{"@type":"BreadcrumbList","@id":"https:\/\/nactionrentacar.com\/fr\/agia-anna\/#breadcrumb","itemListElement":[{"@type":"ListItem","position":1,"name":"Home","item":"https:\/\/nactionrentacar.com\/fr\/"},{"@type":"ListItem","position":2,"name":"Naxos Rent a Car in Agia Anna"}]},{"@type":"WebSite","@id":"https:\/\/nactionrentacar.com\/fr\/#website","url":"https:\/\/nactionrentacar.com\/fr\/","name":"Rent a Car Naxos","description":"Naction Rent a Car in Naxos","potentialAction":[{"@type":"SearchAction","target":{"@type":"EntryPoint","urlTemplate":"https:\/\/nactionrentacar.com\/fr\/?s={search_term_string}"},"query-input":{"@type":"PropertyValueSpecification","valueRequired":true,"valueName":"search_term_string"}}],"inLanguage":"fr-FR"}]}},"_links":{"self":[{"href":"https:\/\/nactionrentacar.com\/fr\/wp-json\/wp\/v2\/pages\/3888","targetHints":{"allow":["GET"]}}],"collection":[{"href":"https:\/\/nactionrentacar.com\/fr\/wp-json\/wp\/v2\/pages"}],"about":[{"href":"https:\/\/nactionrentacar.com\/fr\/wp-json\/wp\/v2\/types\/page"}],"author":[{"embeddable":true,"href":"https:\/\/nactionrentacar.com\/fr\/wp-json\/wp\/v2\/users\/2"}],"replies":[{"embeddable":true,"href":"https:\/\/nactionrentacar.com\/fr\/wp-json\/wp\/v2\/comments?post=3888"}],"version-history":[{"count":7,"href":"https:\/\/nactionrentacar.com\/fr\/wp-json\/wp\/v2\/pages\/3888\/revisions"}],"predecessor-version":[{"id":4543,"href":"https:\/\/nactionrentacar.com\/fr\/wp-json\/wp\/v2\/pages\/3888\/revisions\/4543"}],"wp:attachment":[{"href":"https:\/\/nactionrentacar.com\/fr\/wp-json\/wp\/v2\/media?parent=3888"}],"curies":[{"name":"wp","href":"https:\/\/api.w.org\/{rel}","templated":true}]}}