{"id":3814,"date":"2024-01-21T23:42:31","date_gmt":"2024-01-21T21:42:31","guid":{"rendered":"https:\/\/nactionrentacar.com\/?page_id=3814"},"modified":"2025-01-14T13:54:32","modified_gmt":"2025-01-14T11:54:32","slug":"airport","status":"publish","type":"page","link":"https:\/\/nactionrentacar.com\/fr\/airport\/","title":{"rendered":"Airport &#8211; Naxos Rent a Car"},"content":{"rendered":"<div class=\"wpb-content-wrapper\"><p>[vc_row][vc_column]<div class=\"cz_gap clr \" style=\"height: 100px\"><\/div>[vc_custom_heading text=\u00a0\u00bbAirport &#8211; Naxos Rent a Car\u00a0\u00bb font_container=\u00a0\u00bbtag:h1|font_size:36|text_align:center|color:%2300aeef\u00a0\u00bb use_theme_fonts=\u00a0\u00bbyes\u00a0\u00bb]<div class=\"cz_gap clr \" style=\"height: 50px\"><\/div>[vc_column_text]Naction Rent a car Naxos est une soci\u00e9t\u00e9 de location de voitures fiable avec suffisamment d&rsquo;exp\u00e9rience dans le secteur de la location et du tourisme. Le respect et la responsabilit\u00e9 envers chaque visiteur de l&rsquo;\u00eele de Naxos donnent \u00e0 l&rsquo;\u00e9quipe de Naction Rental Car la motivation pour fournir un service complet de location de voitures. Notre \u00e9quipe propose plusieurs visites guid\u00e9es pour donner aux visiteurs des suggestions sur les beaut\u00e9s de Naxos.<br \/>\nNotre coop\u00e9ration avec plusieurs stations touristiques de Naxos conf\u00e8re \u00e0 l&rsquo;agence Rent a Car Naxos une cr\u00e9dibilit\u00e9 et des avantages reconnus pour notre activit\u00e9. Au d\u00e9part, le choix d&rsquo;excellents mod\u00e8les de voitures neuves, avec des normes \u00e9lev\u00e9es pour des circuits plus s\u00fbrs et plus confortables, bien s\u00fbr avec toujours un accompagnement personnalis\u00e9 pour chaque client.<br \/>\nNous livrons votre v\u00e9hicule partout sur l&rsquo;\u00eele et proposons une grande vari\u00e9t\u00e9 de voitures. Nous sommes fiers de proposer les meilleures offres sans frais cach\u00e9s !<br \/>\nVous avez choisi d&rsquo;arriver \u00e0 Naxos en avion ? Parfait! C&rsquo;est le meilleur choix pour un voyage rapide et agr\u00e9able.<br \/>\nEt chez Naction Rent a Car, Naxos, nous vous facilitons encore plus la t\u00e2che dans votre choix de louer une voiture directement \u00e0 l&rsquo;a\u00e9roport, en \u00e9conomisant du temps et de l&rsquo;argent.<br \/>\nLa location de voiture depuis l\u2019a\u00e9roport est d\u00e9sormais un jeu d\u2019enfant !<br \/>\nNotre entreprise vous permet de choisir le v\u00e9hicule que vous souhaitez, \u00e0 l&rsquo;heure que vous souhaitez et au lieu o\u00f9 vous arriverez.<br \/>\nVous n&rsquo;avez rien d&rsquo;autre \u00e0 faire que de choisir l&rsquo;a\u00e9roport comme lieu de livraison et de nous informer de votre num\u00e9ro de vol et de l&rsquo;heure de votre vol.<br \/>\nA votre arriv\u00e9e, vous rencontrerez notre partenaire \u00e0 l&rsquo;a\u00e9roport pour remettre le v\u00e9hicule, vous donner des conseils utiles et partir directement \u00e0 destination.<br \/>\nVos vacances ont d\u00e9j\u00e0 commenc\u00e9 dans la belle Naxos ! Accueillir!<\/p>\n<h2>Informations g\u00e9n\u00e9rales sur l&rsquo;a\u00e9roport de Naxos<\/h2>\n<p>L&rsquo;a\u00e9roport de Naxos, nomm\u00e9 \u00ab\u00a0Apollon\u00a0\u00bb, est situ\u00e9 dans un endroit magnifique.<br \/>\nIl se trouve \u00e0 proximit\u00e9 de Chora de Naxos (ville), \u00e0 seulement 3 kilom\u00e8tres et \u00e0 proximit\u00e9 des zones touristiques.<br \/>\nN&rsquo;accepte actuellement que les vols int\u00e9rieurs.<br \/>\nCependant, selon des informations fiables, des proc\u00e9dures ont \u00e9t\u00e9 lanc\u00e9es pour moderniser l&rsquo;a\u00e9roport afin qu&rsquo;il soit capable d&rsquo;accueillir des vols internationaux directs.<br \/>\nL&rsquo;acc\u00e8s \u00e0 l&rsquo;a\u00e9roport de Naxos est facile, \u00e0 condition de disposer d&rsquo;un moyen de transport qui vous y am\u00e8nera.<br \/>\nL&rsquo;a\u00e9roport de Naxos fonctionne parfaitement et dispose de toutes les infrastructures appropri\u00e9es pour l&rsquo;arriv\u00e9e et le d\u00e9part en toute s\u00e9curit\u00e9 des avions, ainsi que des passagers.<br \/>\n\u00c0 l\u2019int\u00e9rieur de l\u2019a\u00e9roport, vous trouverez une petite cantine pour vous proposer une petite collation ou du caf\u00e9 et des boissons non alcoolis\u00e9es.<br \/>\nEnfin, en dehors de la zone, vous trouverez des taxis ou des voitures de location disponibles (sur demande).<\/p>\n<h2>Proc\u00e9dure de location de nation<\/h2>\n<p>Chez Naction Rent a Car, Naxos, vous trouverez le v\u00e9hicule qui r\u00e9pondra \u00e0 vos besoins. Dans notre flotte, nous disposons de plusieurs cat\u00e9gories de v\u00e9hicules reconnaissables et fiables.<br \/>\nNous sommes heureux de vous proposer diff\u00e9rentes cat\u00e9gories de v\u00e9hicules, tels que les petits et \u00e9conomiques, les cabriolets, les voitures familiales et les VUS.<br \/>\nAvec des options suppl\u00e9mentaires dans les v\u00e9hicules manuels ou automatiques, pour le meilleur confort de nos clients.<br \/>\nLe processus de r\u00e9servation est tr\u00e8s simple et ne prend que 4 minutes.<br \/>\nVisitez notre site Internet et s\u00e9lectionnez dans le calendrier les dates (livraison &#8211; retour), les horaires, le lieu et votre \u00e2ge et il vous montrera imm\u00e9diatement les v\u00e9hicules disponibles \u00e0 la location avec le prix total de location.<br \/>\n\u00c0 l&rsquo;\u00e9tape suivante, vous pourrez choisir si vous avez besoin de petits si\u00e8ges enfants, qui sont fournis gratuitement, choisir si vous avez besoin d&rsquo;une assurance pour le v\u00e9hicule que vous allez louer, puis renseigner vos coordonn\u00e9es.<br \/>\nLa derni\u00e8re \u00e9tape est celle du paiement. Pour la confirmation de r\u00e9servation, 30% du montant total est demand\u00e9.<br \/>\nL\u00e0, vous choisissez le mode de paiement.<br \/>\nVous pouvez choisir entre payer avec :<\/p>\n<ul>\n<li>Carte de cr\u00e9dit<\/li>\n<li>Virement<\/li>\n<li>PayPal<\/li>\n<\/ul>\n<p>Votre r\u00e9servation est pr\u00eate. D\u00e8s lors, nous nous engageons \u00e0 vous informer de votre r\u00e9servation. Vous pouvez \u00e9galement nous contacter par e-mail, par t\u00e9l\u00e9phone ou via WhatsApp.<br \/>\nUn de nos repr\u00e9sentants r\u00e9pondra \u00e0 vos questions dans les plus brefs d\u00e9lais et vous proposera des options de location pour faciliter votre voyage.<br \/>\nIl ne vous reste plus qu&rsquo;\u00e0 arriver sur notre \u00eele, o\u00f9 une personne de notre \u00e9quipe vous attendra \u00e0 l&rsquo;endroit et \u00e0 l&rsquo;heure que vous aurez choisis, pour vous montrer la voiture, compl\u00e9ter votre contrat et clarifier toutes vos questions. peut avoir des informations sur notre \u00eele.<br \/>\nAu moment du contrat, le locataire doit avoir avec lui un permis de conduire valide et une carte de cr\u00e9dit valide pour la s\u00e9curit\u00e9 du v\u00e9hicule.<br \/>\nA noter que nous proposons la possibilit\u00e9 d&rsquo;un conducteur suppl\u00e9mentaire sans suppl\u00e9ment. La seule chose importante est d&rsquo;avoir avec lui un permis de conduire valide.<br \/>\nLe locataire doit \u00eatre titulaire d&rsquo;un permis de conduire depuis au moins 2 ans et il doit \u00eatre r\u00e9dig\u00e9 en caract\u00e8res latins.[\/vc_column_text][\/vc_column][\/vc_row][vc_row][vc_column]<div class=\"cz_gap clr \" style=\"height: 50px\"><\/div>[vc_custom_heading text=\u00a0\u00bbFr\u00e9quemment Demand\u00e9 Questions (FAQ)\u00a0\u00bb font_container=\u00a0\u00bbtag:h2|text_align:center|color:%23000000&Prime; use_theme_fonts=\u00a0\u00bbyes\u00a0\u00bb]<div class=\"cz_gap clr \" style=\"height: 50px\"><\/div>[vc_toggle title=\u00a0\u00bbQuelles sont les exigences pour une location de voiture \u00e0 l&rsquo;a\u00e9roport de Naxos ?\u00a0\u00bb custom_font_container=\u00a0\u00bbtag:h3|text_align:left|color:%2300aeef\u00a0\u00bb custom_use_theme_fonts=\u00a0\u00bbyes\u00a0\u00bb use_custom_heading=\u00a0\u00bbtrue\u00a0\u00bb]Il est tr\u00e8s simple de louer une voiture \u00e0 l&rsquo;a\u00e9roport de Naxos, \u00e0 condition d&rsquo; avoir correctement s\u00e9lectionn\u00e9 \u00ab A\u00e9roport \u00bb au point de prise en charge.<br \/>\nDans ce cas, vous devez remplir le formulaire avec vos coordonn\u00e9es, votre heure d&rsquo;arriv\u00e9e et votre num\u00e9ro de vol. Ces deux \u00e9l\u00e9ments sont les plus importants pour que nous puissions vous livrer la voiture \u00e0 temps et sans retard.<br \/>\nAinsi, \u00e0 votre descente de l&rsquo;avion, notre repr\u00e9sentant vous attendra avec le v\u00e9hicule que vous aurez choisi pour vous accompagner dans ce voyage de vacances.<\/p>\n<p>Bien entendu, il existe \u00e9galement des cas o\u00f9 ils n\u2019ont pas effectu\u00e9 de r\u00e9servation.<br \/>\nEn arrivant \u00e0 l&rsquo;a\u00e9roport, ils pensent \u00e0 louer un v\u00e9hicule.<br \/>\nAucun probl\u00e8me! Vous pouvez nous appeler ou nous envoyer un message via WhatsApp et nous vous informerons imm\u00e9diatement des v\u00e9hicules disponibles.<br \/>\nS&rsquo;il y a de la disponibilit\u00e9, vous aurez en peu de temps la voiture de votre choix directement \u00e0 l&rsquo;a\u00e9roport, sans rien faire d&rsquo;autre.[\/vc_toggle][vc_toggle title=\u00a0\u00bbComment puis-je payer ma location de voiture \u00e0 l\u2019a\u00e9roport de Naxos ?\u00a0\u00bb custom_font_container=\u00a0\u00bbtag:h3|text_align:left|color:%2300aeef\u00a0\u00bb custom_use_theme_fonts=\u00a0\u00bbyes\u00a0\u00bb use_custom_heading=\u00a0\u00bbtrue\u00a0\u00bb]Une fois arriv\u00e9 \u00e0 Naxos et que nous vous accueillerons, notre repr\u00e9sentant vous montrera le v\u00e9hicule et compl\u00e9tera votre contrat de r\u00e9servation.<br \/>\nVous aurez ensuite la possibilit\u00e9 de choisir le mode de paiement entre esp\u00e8ces ou carte, en fonction des pr\u00e9f\u00e9rences de chaque client.[\/vc_toggle][vc_toggle title=\u00a0\u00bbQuels documents dois-je apporter avec moi pour ma location de voiture \u00e0 l&rsquo;a\u00e9roport de Naxos ?\u00a0\u00bb custom_font_container=\u00a0\u00bbtag:h3|text_align:left|color:%2300aeef\u00a0\u00bb custom_use_theme_fonts=\u00a0\u00bbyes\u00a0\u00bb use_custom_heading=\u00a0\u00bbtrue\u00a0\u00bb]Il est important que le locataire ait un permis de conduire valide avec lui et dans les cas o\u00f9 il est n\u00e9cessaire d&rsquo;avoir un permis de conduire<br \/>\ninternational . Si un deuxi\u00e8me conducteur a \u00e9t\u00e9 s\u00e9lectionn\u00e9 pour la r\u00e9servation, le permis de conduire valide du conducteur suppl\u00e9mentaire est \u00e9galement n\u00e9cessaire.<\/p>\n<p>Enfin, le locataire doit avoir avec lui une carte de cr\u00e9dit valide pour la s\u00e9curit\u00e9 du v\u00e9hicule qu&rsquo;il a lou\u00e9. S&rsquo;il ne dispose pas d&rsquo;une carte de cr\u00e9dit valide, il doit le signaler le plus rapidement possible \u00e0 l&rsquo;agence de location aupr\u00e8s de laquelle la voiture a \u00e9t\u00e9 r\u00e9serv\u00e9e, afin qu&rsquo;elle puisse l&rsquo;informer des options pertinentes.[\/vc_toggle][\/vc_column][\/vc_row][vc_row][vc_column width=\u00a0\u00bb1\/4&Prime;][\/vc_column][vc_column width=\u00a0\u00bb1\/2&Prime;]<div class=\"cz_gap clr \" style=\"height: 50px\"><\/div>[vc_custom_heading text=\u00a0\u00bbSearch for vehicle\u00a0\u00bb font_container=\u00a0\u00bbtag:p|font_size:24|text_align:left|color:%23000000&Prime; use_theme_fonts=\u00a0\u00bbyes\u00a0\u00bb][vc_raw_html css=\u00a0\u00bb\u00a0\u00bb]JTNDaWZyYW1lJTIwc3JjJTNEJTIyaHR0cHMlM0ElMkYlMkZuYWN0aW9ucmVudGFjYXIuY29tJTJGZm9ybS1haXJwb3J0LnBocCUyRiUyMiUyMG5hbWUlM0QlMjJjYXJmcmFtZSUyMiUyMGlkJTNEJTIyY2FyZnJhbWUlMjIlMjBmcmFtZWJvcmRlciUzRCUyMjAlMjIlMjBib3JkZXIlM0QlMjIwJTIyJTIwY2VsbHNwYWNpbmclM0QlMjIwJTIyJTIwc3R5bGUlM0QlMjJib3JkZXItc3R5bGUlM0ElMjBub25lJTNCd2lkdGglM0ElMjAxMTAlMjUlM0IlMjBoZWlnaHQlM0ElMjA1NTBweCUzQiUyMiUzRSUzQyUyRmlmcmFtZSUzRQ==[\/vc_raw_html][\/vc_column][vc_column width=\u00a0\u00bb1\/4&Prime;][\/vc_column][\/vc_row]<\/p>\n<\/div>","protected":false},"excerpt":{"rendered":"<p>[vc_row][vc_column][vc_custom_heading text=\u00a0\u00bbAirport &#8211; Naxos Rent a Car\u00a0\u00bb font_container=\u00a0\u00bbtag:h1|font_size:36|text_align:center|color:%2300aeef\u00a0\u00bb use_theme_fonts=\u00a0\u00bbyes\u00a0\u00bb][vc_column_text]Naction Rent a car Naxos est une soci\u00e9t\u00e9 de location de voitures &#8230; <\/p>\n","protected":false},"author":2,"featured_media":0,"parent":0,"menu_order":0,"comment_status":"closed","ping_status":"closed","template":"","meta":{"footnotes":""},"class_list":["post-3814","page","type-page","status-publish","hentry"],"yoast_head":"<!-- This site is optimized with the Yoast SEO plugin v25.7 - https:\/\/yoast.com\/wordpress\/plugins\/seo\/ -->\n<title>Airport - Naxos Rent a Car | Naction<\/title>\n<meta name=\"description\" content=\"Choose us and we will serve you for your transfer to the airport of Naxos. Rent a car with pick-up and drop-off location the airport of Naxos.\" \/>\n<meta name=\"robots\" content=\"index, follow, max-snippet:-1, max-image-preview:large, max-video-preview:-1\" \/>\n<link rel=\"canonical\" href=\"https:\/\/nactionrentacar.com\/fr\/airport\/\" \/>\n<meta property=\"og:locale\" content=\"fr_FR\" \/>\n<meta property=\"og:type\" content=\"article\" \/>\n<meta property=\"og:title\" content=\"Airport - Naxos Rent a Car | Naction\" \/>\n<meta property=\"og:description\" content=\"Choose us and we will serve you for your transfer to the airport of Naxos. Rent a car with pick-up and drop-off location the airport of Naxos.\" \/>\n<meta property=\"og:url\" content=\"https:\/\/nactionrentacar.com\/fr\/airport\/\" \/>\n<meta property=\"og:site_name\" content=\"Rent a Car Naxos\" \/>\n<meta property=\"article:publisher\" content=\"https:\/\/www.facebook.com\/pg\/sitia-airport-and-heraklion-airport-rent-a-carLGSTJSH-crete-rent-a-car-130348640373331\/about\/?tab=page_info\" \/>\n<meta property=\"article:modified_time\" content=\"2025-01-14T11:54:32+00:00\" \/>\n<meta name=\"twitter:card\" content=\"summary_large_image\" \/>\n<meta name=\"twitter:label1\" content=\"Dur\u00e9e de lecture estim\u00e9e\" \/>\n\t<meta name=\"twitter:data1\" content=\"6 minutes\" \/>\n<script type=\"application\/ld+json\" class=\"yoast-schema-graph\">{\"@context\":\"https:\/\/schema.org\",\"@graph\":[{\"@type\":\"WebPage\",\"@id\":\"https:\/\/nactionrentacar.com\/fr\/airport\/\",\"url\":\"https:\/\/nactionrentacar.com\/fr\/airport\/\",\"name\":\"Airport - Naxos Rent a Car | Naction\",\"isPartOf\":{\"@id\":\"https:\/\/nactionrentacar.com\/fr\/#website\"},\"datePublished\":\"2024-01-21T21:42:31+00:00\",\"dateModified\":\"2025-01-14T11:54:32+00:00\",\"description\":\"Choose us and we will serve you for your transfer to the airport of Naxos. Rent a car with pick-up and drop-off location the airport of Naxos.\",\"breadcrumb\":{\"@id\":\"https:\/\/nactionrentacar.com\/fr\/airport\/#breadcrumb\"},\"inLanguage\":\"fr-FR\",\"potentialAction\":[{\"@type\":\"ReadAction\",\"target\":[\"https:\/\/nactionrentacar.com\/fr\/airport\/\"]}]},{\"@type\":\"BreadcrumbList\",\"@id\":\"https:\/\/nactionrentacar.com\/fr\/airport\/#breadcrumb\",\"itemListElement\":[{\"@type\":\"ListItem\",\"position\":1,\"name\":\"Home\",\"item\":\"https:\/\/nactionrentacar.com\/fr\/\"},{\"@type\":\"ListItem\",\"position\":2,\"name\":\"Airport &#8211; Naxos Rent a Car\"}]},{\"@type\":\"WebSite\",\"@id\":\"https:\/\/nactionrentacar.com\/fr\/#website\",\"url\":\"https:\/\/nactionrentacar.com\/fr\/\",\"name\":\"Rent a Car Naxos\",\"description\":\"Naction Rent a Car in Naxos\",\"potentialAction\":[{\"@type\":\"SearchAction\",\"target\":{\"@type\":\"EntryPoint\",\"urlTemplate\":\"https:\/\/nactionrentacar.com\/fr\/?s={search_term_string}\"},\"query-input\":{\"@type\":\"PropertyValueSpecification\",\"valueRequired\":true,\"valueName\":\"search_term_string\"}}],\"inLanguage\":\"fr-FR\"}]}<\/script>\n<!-- \/ Yoast SEO plugin. -->","yoast_head_json":{"title":"Airport - Naxos Rent a Car | Naction","description":"Choose us and we will serve you for your transfer to the airport of Naxos. Rent a car with pick-up and drop-off location the airport of Naxos.","robots":{"index":"index","follow":"follow","max-snippet":"max-snippet:-1","max-image-preview":"max-image-preview:large","max-video-preview":"max-video-preview:-1"},"canonical":"https:\/\/nactionrentacar.com\/fr\/airport\/","og_locale":"fr_FR","og_type":"article","og_title":"Airport - Naxos Rent a Car | Naction","og_description":"Choose us and we will serve you for your transfer to the airport of Naxos. Rent a car with pick-up and drop-off location the airport of Naxos.","og_url":"https:\/\/nactionrentacar.com\/fr\/airport\/","og_site_name":"Rent a Car Naxos","article_publisher":"https:\/\/www.facebook.com\/pg\/sitia-airport-and-heraklion-airport-rent-a-carLGSTJSH-crete-rent-a-car-130348640373331\/about\/?tab=page_info","article_modified_time":"2025-01-14T11:54:32+00:00","twitter_card":"summary_large_image","twitter_misc":{"Dur\u00e9e de lecture estim\u00e9e":"6 minutes"},"schema":{"@context":"https:\/\/schema.org","@graph":[{"@type":"WebPage","@id":"https:\/\/nactionrentacar.com\/fr\/airport\/","url":"https:\/\/nactionrentacar.com\/fr\/airport\/","name":"Airport - Naxos Rent a Car | Naction","isPartOf":{"@id":"https:\/\/nactionrentacar.com\/fr\/#website"},"datePublished":"2024-01-21T21:42:31+00:00","dateModified":"2025-01-14T11:54:32+00:00","description":"Choose us and we will serve you for your transfer to the airport of Naxos. Rent a car with pick-up and drop-off location the airport of Naxos.","breadcrumb":{"@id":"https:\/\/nactionrentacar.com\/fr\/airport\/#breadcrumb"},"inLanguage":"fr-FR","potentialAction":[{"@type":"ReadAction","target":["https:\/\/nactionrentacar.com\/fr\/airport\/"]}]},{"@type":"BreadcrumbList","@id":"https:\/\/nactionrentacar.com\/fr\/airport\/#breadcrumb","itemListElement":[{"@type":"ListItem","position":1,"name":"Home","item":"https:\/\/nactionrentacar.com\/fr\/"},{"@type":"ListItem","position":2,"name":"Airport &#8211; Naxos Rent a Car"}]},{"@type":"WebSite","@id":"https:\/\/nactionrentacar.com\/fr\/#website","url":"https:\/\/nactionrentacar.com\/fr\/","name":"Rent a Car Naxos","description":"Naction Rent a Car in Naxos","potentialAction":[{"@type":"SearchAction","target":{"@type":"EntryPoint","urlTemplate":"https:\/\/nactionrentacar.com\/fr\/?s={search_term_string}"},"query-input":{"@type":"PropertyValueSpecification","valueRequired":true,"valueName":"search_term_string"}}],"inLanguage":"fr-FR"}]}},"_links":{"self":[{"href":"https:\/\/nactionrentacar.com\/fr\/wp-json\/wp\/v2\/pages\/3814","targetHints":{"allow":["GET"]}}],"collection":[{"href":"https:\/\/nactionrentacar.com\/fr\/wp-json\/wp\/v2\/pages"}],"about":[{"href":"https:\/\/nactionrentacar.com\/fr\/wp-json\/wp\/v2\/types\/page"}],"author":[{"embeddable":true,"href":"https:\/\/nactionrentacar.com\/fr\/wp-json\/wp\/v2\/users\/2"}],"replies":[{"embeddable":true,"href":"https:\/\/nactionrentacar.com\/fr\/wp-json\/wp\/v2\/comments?post=3814"}],"version-history":[{"count":8,"href":"https:\/\/nactionrentacar.com\/fr\/wp-json\/wp\/v2\/pages\/3814\/revisions"}],"predecessor-version":[{"id":4563,"href":"https:\/\/nactionrentacar.com\/fr\/wp-json\/wp\/v2\/pages\/3814\/revisions\/4563"}],"wp:attachment":[{"href":"https:\/\/nactionrentacar.com\/fr\/wp-json\/wp\/v2\/media?parent=3814"}],"curies":[{"name":"wp","href":"https:\/\/api.w.org\/{rel}","templated":true}]}}