{"id":3249,"date":"2023-11-29T11:33:16","date_gmt":"2023-11-29T09:33:16","guid":{"rendered":"https:\/\/nactionrentacar.com\/?page_id=3249"},"modified":"2024-12-11T14:45:47","modified_gmt":"2024-12-11T12:45:47","slug":"insurances","status":"publish","type":"page","link":"https:\/\/nactionrentacar.com\/fr\/insurances\/","title":{"rendered":"Insurances"},"content":{"rendered":"<div class=\"wpb-content-wrapper\"><p>[vc_row][vc_column width=\u00a0\u00bb1\/6&Prime;][\/vc_column][vc_column width=\u00a0\u00bb2\/3&Prime;]<div id=\"cz_57011\" class=\"cz_57011 cz_title clr cz_title_pos_inline tac\"><div class=\"cz_title_shape shape_text cz_shape_1\">Insurances<\/div><div class=\"cz_title_content\"><div class=\"cz_wpe_content\"><h1 style=\"text-align: center;\"><strong><span style=\"font-family: Montserrat; font-size: 36px; color: #666666;\"><span style=\"color: #00aeef;\">Rental Cover Insurances &#8211; Car Hire Insurance &#8211; Rental Cover<\/span><\/span><\/strong><\/h1>\n<\/div><\/div><\/div><div id=\"cz_91077\" class=\"cz_91077 cz_title clr cz_smart_fs cz_title_pos_inline tac\"><div class=\"cz_title_content\"><div class=\"cz_wpe_content\"><h2 style=\"text-align: center;\"><strong><span style=\"font-family: Montserrat; font-size: 36px; color: #666666;\"><span style=\"color: #00aeef;\"><b>Assurance automobile pour les voitures de location<\/b><\/span><\/span><\/strong><\/h2>\n<\/div><\/div><\/div>[vc_empty_space height=\u00a0\u00bb20px\u00a0\u00bb][\/vc_column][vc_column width=\u00a0\u00bb1\/6&Prime;][\/vc_column][\/vc_row][vc_row][vc_column][vc_column_text]<br \/>\n[\/vc_column_text][\/vc_column][\/vc_row][vc_row][vc_column width=\u00a0\u00bb2\/3&Prime;][vc_column_text css=\u00a0\u00bb\u00a0\u00bb]<\/p>\n<h2><b>ASSURANCE\u00a03\u00a0<\/b><b>EME PARTIE<\/b><\/h2>\n<p>C&rsquo;EST L&rsquo;ASSURANCE DE BASE QUI COMPREND UNE COUVERTURE CONTRE LES DOMMAGES AUX TIERS (DOMMAGES CORPS ET MAT\u00c9RIELS) JUSQU&rsquo;\u00c0 1.000.000,00 EURO.\u00a0ELLE COUVRE \u00c9GALEMENT LES PASSAGERS DU V\u00c9HICULE JUSQU&rsquo;\u00c0 1.000.000,00 EURO ET LE CONDUCTEUR JUSQU&rsquo;\u00c0 UN MONTANT DE 12.000,00 EURO.\u00a0DE PLUS, ELLE COUVRIRA L&rsquo;ASSUR\u00c9 CONTRE LE VOL ET L&rsquo;INCENDIE.\u00a0POUR LES DOMMAGES MAT\u00c9RIELS AU V\u00c9HICULE LE CLIENT EST FACTUR\u00c9 \u00c0 PARTIR DU PREMIER EURO SELON LE DOMMAGE IL A CAUS\u00c9.<\/p>\n<p>&nbsp;<\/p>\n<h2><u><strong><b>RENONCIATION TOTALE AUX DOMMAGES (FDW) \u2013 RENONCIATION \u00c0 LA LOCATION DE VOITURE<\/b><\/strong><\/u><\/h2>\n<p>EXON\u00c9RATION AUX DOMMAGES DE COLLISION (C.D.W.) \u2013 RENONCIATION \u00c0 LA LOCATION DE VOITURE<br \/>\nLES FRAIS DU C.D.W EST DE &#8230;8,00&#8230;&#8230;&#8230;&#8230; EURO PAR JOUR. CETTE ASSURANCE COMPREND TOUTES LES COUVERTURES CI-DESSUS ET<br \/>\nLE LOCATAIRE EST RESPONSABLE DES PREMIERS 450,00 EUROS POUR LES DOMMAGES MAT\u00c9RIELS \u00c0 LA VOITURE, DANS LES CATEGORIES A, B, B1, E ET VOITURE FAMILIALE.<br \/>\nRESPONSABILIT\u00c9 DES PREMIERS 700,00 EUROS POUR LES CAT\u00c9GORIES SUV C, F ET MINI<\/p>\n<p>&nbsp;<\/p>\n<h2><span style=\"text-decoration: underline;\"><strong><b>POLICE D&rsquo;ASSURANCE VOITURE DE LOCATION<\/b><\/strong><\/span><\/h2>\n<h3><u><strong><b>LES DEUX POLICES D\u2019ASSURANCE NE SONT PAS VALABLES\u00a0:<\/b><\/strong><\/u><\/h3>\n<ul>\n<li>QUAND LE CONDUCTEUR NE RESPECTE PAS LE CODE DE LA ROUTE.<\/li>\n<li>LORSQUE LE V\u00c9HICULE EST CONDUITE HORS DE LA ROUTE.<\/li>\n<li>QUAND LE CONDUCTEUR CONTINUE DE CONDUIRE LORSQUE LA VOITURE EST SURCHAUFF\u00c9E.<\/li>\n<li>LORSQUE LE CONDUCTEUR CONTINUE DE CONDUIRE AVEC UN PNEU CREV\u00c9.<\/li>\n<li>LORSQUE DES DOMMAGES SONT CAUS\u00c9S <strong>SOUS<\/strong> LE V\u00c9HICULE.<\/li>\n<li>QUAND LE CONDUCTEUR EST SOUS INFLUENCE DE L\u2019ALCOOL<\/li>\n<\/ul>\n<p>&nbsp;<\/p>\n<p><u><strong><b>POLITIQUE D&rsquo;ANNULATION:<\/b><\/strong><\/u><\/p>\n<ul>\n<li>VOUS POUVEZ ANNULER 10 JOURS AVANT LA DATE DE VOTRE R\u00c9SERVATION.<\/li>\n<li>EN CAS D&rsquo;ANNULATION APR\u00c8S 10 JOURS, \u03a4\u0397\u0395\u039d 20 % DU MONTANT DE LA R\u00c9SERVATION SONT FACTUR\u00c9S.<\/li>\n<li>EN CAS DE NON-PR\u00c9SENTATION OU D&rsquo;ANNULATION LE JOUR M\u00caME DE LA R\u00c9SERVATION, 50 % DU MONTANT TOTAL DE LA R\u00c9SERVATION EST FACTUR\u00c9.<\/li>\n<\/ul>\n<p>[\/vc_column_text][\/vc_column][vc_column width=\u00a0\u00bb1\/3&Prime;][vc_single_image image=\u00a0\u00bb1092&Prime; img_size=\u00a0\u00bbfull\u00a0\u00bb][\/vc_column][\/vc_row]<\/p>\n<\/div>","protected":false},"excerpt":{"rendered":"<p>[vc_row][vc_column width=\u00a0\u00bb1\/6&Prime;][\/vc_column][vc_column width=\u00a0\u00bb2\/3&Prime;][vc_empty_space height=\u00a0\u00bb20px\u00a0\u00bb][\/vc_column][vc_column width=\u00a0\u00bb1\/6&Prime;][\/vc_column][\/vc_row][vc_row][vc_column][vc_column_text] [\/vc_column_text][\/vc_column][\/vc_row][vc_row][vc_column width=\u00a0\u00bb2\/3&Prime;][vc_column_text css=\u00a0\u00bb\u00a0\u00bb] ASSURANCE\u00a03\u00a0EME PARTIE C&rsquo;EST L&rsquo;ASSURANCE DE BASE QUI COMPREND UNE COUVERTURE CONTRE LES &#8230; <\/p>\n","protected":false},"author":2,"featured_media":0,"parent":0,"menu_order":0,"comment_status":"closed","ping_status":"closed","template":"","meta":{"footnotes":""},"class_list":["post-3249","page","type-page","status-publish","hentry"],"yoast_head":"<!-- This site is optimized with the Yoast SEO plugin v25.7 - https:\/\/yoast.com\/wordpress\/plugins\/seo\/ -->\n<title>Rent a Car Insurance | Auto Rental Insurance Coverage - Cover<\/title>\n<meta name=\"description\" content=\"Rental Insurance Coverage includes: 3rd Part Insurance &amp; Full Damage Waiver (F.D.W). Read more information about car hire and rental insurance (cover).\" \/>\n<meta name=\"robots\" content=\"index, follow, max-snippet:-1, max-image-preview:large, max-video-preview:-1\" \/>\n<link rel=\"canonical\" href=\"https:\/\/nactionrentacar.com\/fr\/insurances\/\" \/>\n<meta property=\"og:locale\" content=\"fr_FR\" \/>\n<meta property=\"og:type\" content=\"article\" \/>\n<meta property=\"og:title\" content=\"Rent a Car Insurance | Auto Rental Insurance Coverage - Cover\" \/>\n<meta property=\"og:description\" content=\"Rental Insurance Coverage includes: 3rd Part Insurance &amp; Full Damage Waiver (F.D.W). Read more information about car hire and rental insurance (cover).\" \/>\n<meta property=\"og:url\" content=\"https:\/\/nactionrentacar.com\/fr\/insurances\/\" \/>\n<meta property=\"og:site_name\" content=\"Rent a Car Naxos\" \/>\n<meta property=\"article:publisher\" content=\"https:\/\/www.facebook.com\/pg\/sitia-airport-and-heraklion-airport-rent-a-carLGSTJSH-crete-rent-a-car-130348640373331\/about\/?tab=page_info\" \/>\n<meta property=\"article:modified_time\" content=\"2024-12-11T12:45:47+00:00\" \/>\n<meta name=\"twitter:card\" content=\"summary_large_image\" \/>\n<meta name=\"twitter:label1\" content=\"Dur\u00e9e de lecture estim\u00e9e\" \/>\n\t<meta name=\"twitter:data1\" content=\"2 minutes\" \/>\n<script type=\"application\/ld+json\" class=\"yoast-schema-graph\">{\"@context\":\"https:\/\/schema.org\",\"@graph\":[{\"@type\":\"WebPage\",\"@id\":\"https:\/\/nactionrentacar.com\/fr\/insurances\/\",\"url\":\"https:\/\/nactionrentacar.com\/fr\/insurances\/\",\"name\":\"Rent a Car Insurance | Auto Rental Insurance Coverage - Cover\",\"isPartOf\":{\"@id\":\"https:\/\/nactionrentacar.com\/fr\/#website\"},\"datePublished\":\"2023-11-29T09:33:16+00:00\",\"dateModified\":\"2024-12-11T12:45:47+00:00\",\"description\":\"Rental Insurance Coverage includes: 3rd Part Insurance & Full Damage Waiver (F.D.W). Read more information about car hire and rental insurance (cover).\",\"breadcrumb\":{\"@id\":\"https:\/\/nactionrentacar.com\/fr\/insurances\/#breadcrumb\"},\"inLanguage\":\"fr-FR\",\"potentialAction\":[{\"@type\":\"ReadAction\",\"target\":[\"https:\/\/nactionrentacar.com\/fr\/insurances\/\"]}]},{\"@type\":\"BreadcrumbList\",\"@id\":\"https:\/\/nactionrentacar.com\/fr\/insurances\/#breadcrumb\",\"itemListElement\":[{\"@type\":\"ListItem\",\"position\":1,\"name\":\"Home\",\"item\":\"https:\/\/nactionrentacar.com\/fr\/\"},{\"@type\":\"ListItem\",\"position\":2,\"name\":\"Insurances\"}]},{\"@type\":\"WebSite\",\"@id\":\"https:\/\/nactionrentacar.com\/fr\/#website\",\"url\":\"https:\/\/nactionrentacar.com\/fr\/\",\"name\":\"Rent a Car Naxos\",\"description\":\"Naction Rent a Car in Naxos\",\"potentialAction\":[{\"@type\":\"SearchAction\",\"target\":{\"@type\":\"EntryPoint\",\"urlTemplate\":\"https:\/\/nactionrentacar.com\/fr\/?s={search_term_string}\"},\"query-input\":{\"@type\":\"PropertyValueSpecification\",\"valueRequired\":true,\"valueName\":\"search_term_string\"}}],\"inLanguage\":\"fr-FR\"}]}<\/script>\n<!-- \/ Yoast SEO plugin. -->","yoast_head_json":{"title":"Rent a Car Insurance | Auto Rental Insurance Coverage - Cover","description":"Rental Insurance Coverage includes: 3rd Part Insurance & Full Damage Waiver (F.D.W). Read more information about car hire and rental insurance (cover).","robots":{"index":"index","follow":"follow","max-snippet":"max-snippet:-1","max-image-preview":"max-image-preview:large","max-video-preview":"max-video-preview:-1"},"canonical":"https:\/\/nactionrentacar.com\/fr\/insurances\/","og_locale":"fr_FR","og_type":"article","og_title":"Rent a Car Insurance | Auto Rental Insurance Coverage - Cover","og_description":"Rental Insurance Coverage includes: 3rd Part Insurance & Full Damage Waiver (F.D.W). Read more information about car hire and rental insurance (cover).","og_url":"https:\/\/nactionrentacar.com\/fr\/insurances\/","og_site_name":"Rent a Car Naxos","article_publisher":"https:\/\/www.facebook.com\/pg\/sitia-airport-and-heraklion-airport-rent-a-carLGSTJSH-crete-rent-a-car-130348640373331\/about\/?tab=page_info","article_modified_time":"2024-12-11T12:45:47+00:00","twitter_card":"summary_large_image","twitter_misc":{"Dur\u00e9e de lecture estim\u00e9e":"2 minutes"},"schema":{"@context":"https:\/\/schema.org","@graph":[{"@type":"WebPage","@id":"https:\/\/nactionrentacar.com\/fr\/insurances\/","url":"https:\/\/nactionrentacar.com\/fr\/insurances\/","name":"Rent a Car Insurance | Auto Rental Insurance Coverage - Cover","isPartOf":{"@id":"https:\/\/nactionrentacar.com\/fr\/#website"},"datePublished":"2023-11-29T09:33:16+00:00","dateModified":"2024-12-11T12:45:47+00:00","description":"Rental Insurance Coverage includes: 3rd Part Insurance & Full Damage Waiver (F.D.W). Read more information about car hire and rental insurance (cover).","breadcrumb":{"@id":"https:\/\/nactionrentacar.com\/fr\/insurances\/#breadcrumb"},"inLanguage":"fr-FR","potentialAction":[{"@type":"ReadAction","target":["https:\/\/nactionrentacar.com\/fr\/insurances\/"]}]},{"@type":"BreadcrumbList","@id":"https:\/\/nactionrentacar.com\/fr\/insurances\/#breadcrumb","itemListElement":[{"@type":"ListItem","position":1,"name":"Home","item":"https:\/\/nactionrentacar.com\/fr\/"},{"@type":"ListItem","position":2,"name":"Insurances"}]},{"@type":"WebSite","@id":"https:\/\/nactionrentacar.com\/fr\/#website","url":"https:\/\/nactionrentacar.com\/fr\/","name":"Rent a Car Naxos","description":"Naction Rent a Car in Naxos","potentialAction":[{"@type":"SearchAction","target":{"@type":"EntryPoint","urlTemplate":"https:\/\/nactionrentacar.com\/fr\/?s={search_term_string}"},"query-input":{"@type":"PropertyValueSpecification","valueRequired":true,"valueName":"search_term_string"}}],"inLanguage":"fr-FR"}]}},"_links":{"self":[{"href":"https:\/\/nactionrentacar.com\/fr\/wp-json\/wp\/v2\/pages\/3249","targetHints":{"allow":["GET"]}}],"collection":[{"href":"https:\/\/nactionrentacar.com\/fr\/wp-json\/wp\/v2\/pages"}],"about":[{"href":"https:\/\/nactionrentacar.com\/fr\/wp-json\/wp\/v2\/types\/page"}],"author":[{"embeddable":true,"href":"https:\/\/nactionrentacar.com\/fr\/wp-json\/wp\/v2\/users\/2"}],"replies":[{"embeddable":true,"href":"https:\/\/nactionrentacar.com\/fr\/wp-json\/wp\/v2\/comments?post=3249"}],"version-history":[{"count":3,"href":"https:\/\/nactionrentacar.com\/fr\/wp-json\/wp\/v2\/pages\/3249\/revisions"}],"predecessor-version":[{"id":4449,"href":"https:\/\/nactionrentacar.com\/fr\/wp-json\/wp\/v2\/pages\/3249\/revisions\/4449"}],"wp:attachment":[{"href":"https:\/\/nactionrentacar.com\/fr\/wp-json\/wp\/v2\/media?parent=3249"}],"curies":[{"name":"wp","href":"https:\/\/api.w.org\/{rel}","templated":true}]}}