{"id":3241,"date":"2023-11-29T11:27:30","date_gmt":"2023-11-29T09:27:30","guid":{"rendered":"https:\/\/nactionrentacar.com\/?page_id=3241"},"modified":"2024-04-03T10:56:39","modified_gmt":"2024-04-03T08:56:39","slug":"contact-us","status":"publish","type":"page","link":"https:\/\/nactionrentacar.com\/fr\/contact-us\/","title":{"rendered":"Contact Us"},"content":{"rendered":"<div class=\"wpb-content-wrapper\"><p>[vc_row][vc_column width=\u00a0\u00bb1\/3&Prime;]<div class=\"cz_gap clr \" style=\"height: 70px\"><\/div><div id=\"cz_106466\" class=\"cz_106466 cz_title clr cz_title_pos_inline\"><div class=\"cz_title_content\"><div class=\"cz_wpe_content\"><h1><span style=\"font-size: 36px;\"><b>GET IN TOUCH WITH <\/b><\/span><span style=\"font-size: 36px;\"><span style=\"color: #00aeef;\">NACTION CAR RENTAL<\/span><\/span><\/h1>\n<p><span style=\"color: #aaaaaa; font-size: 18px;\">Contactez\u00a0Louez une voiture Naxos\u00a0aujourd&rsquo;hui!<\/span><\/p>\n<\/div><\/div><\/div><div id=\"cz_94982\" class=\"cz_94982 cz_title clr cz_title_pos_inline\"><div class=\"cz_title_content\"><div class=\"cz_wpe_content\"><p>N&rsquo;h\u00e9sitez pas \u00e0 nous contacter \u00e0 tout moment de la journ\u00e9e.\u00a0Un de nos repr\u00e9sentants se fera un plaisir de vous aider.\u00a0Appelez-nous au\u00a0<a href=\"tel:+306938454714?_x_tr_sl=auto&amp;_x_tr_tl=it&amp;_x_tr_hl=el&amp;_x_tr_pto=wapp\"><b>+30 693.845.4714<\/b><\/a>\u00a0ou envoyez-nous un e-mail en utilisant le formulaire de contact ci-dessous.<\/p>\n<p><span style=\"font-size: 18px; color: #666666;\">\u00a0<\/span><\/p>\n<\/div><\/div><\/div><div class=\"cz_gap clr \" style=\"height: 60px\"><\/div><div id=\"cz_88727\" class=\"cz_88727 cz_cf7 clr\"><div>\n<div class=\"wpcf7 no-js\" id=\"wpcf7-f3236-o1\" lang=\"en-US\" dir=\"ltr\" data-wpcf7-id=\"3236\">\n<div class=\"screen-reader-response\"><p role=\"status\" aria-live=\"polite\" aria-atomic=\"true\"><\/p> <ul><\/ul><\/div>\n<form action=\"\/fr\/wp-json\/wp\/v2\/pages\/3241#wpcf7-f3236-o1\" method=\"post\" class=\"wpcf7-form init\" aria-label=\"Contact form\" novalidate=\"novalidate\" data-status=\"init\">\n<fieldset class=\"hidden-fields-container\"><input type=\"hidden\" name=\"_wpcf7\" value=\"3236\" \/><input type=\"hidden\" name=\"_wpcf7_version\" value=\"6.1.1\" \/><input type=\"hidden\" name=\"_wpcf7_locale\" value=\"en_US\" \/><input type=\"hidden\" name=\"_wpcf7_unit_tag\" value=\"wpcf7-f3236-o1\" \/><input type=\"hidden\" name=\"_wpcf7_container_post\" value=\"0\" \/><input type=\"hidden\" name=\"_wpcf7_posted_data_hash\" value=\"\" \/><input type=\"hidden\" name=\"_wpcf7_recaptcha_response\" value=\"\" \/>\n<\/fieldset>\n<p><label> Votre nom (n\u00e9cessaire)<br \/>\n<span class=\"wpcf7-form-control-wrap\" data-name=\"your-name\"><input size=\"40\" maxlength=\"400\" class=\"wpcf7-form-control wpcf7-text wpcf7-validates-as-required\" aria-required=\"true\" aria-invalid=\"false\" value=\"\" type=\"text\" name=\"your-name\" \/><\/span> <\/label>\n<\/p>\n<p><label> Votre email (n\u00e9cessaire)<br \/>\n<span class=\"wpcf7-form-control-wrap\" data-name=\"your-email\"><input size=\"40\" maxlength=\"400\" class=\"wpcf7-form-control wpcf7-email wpcf7-validates-as-required wpcf7-text wpcf7-validates-as-email\" aria-required=\"true\" aria-invalid=\"false\" value=\"\" type=\"email\" name=\"your-email\" \/><\/span> <\/label>\n<\/p>\n<p>Votre message<br \/>\n<span class=\"wpcf7-form-control-wrap\" data-name=\"your-message\"><textarea cols=\"40\" rows=\"10\" maxlength=\"2000\" class=\"wpcf7-form-control wpcf7-textarea\" aria-invalid=\"false\" name=\"your-message\"><\/textarea><\/span>\n<\/p>\n<span class=\"wpcf7-form-control-wrap recaptcha\" data-name=\"recaptcha\"><span data-sitekey=\"6LdePWgpAAAAABOEyuZ-wQKlYNWa0bagkQ-MOm0g\" class=\"wpcf7-form-control wpcf7-recaptcha g-recaptcha\"><\/span>\r\n<noscript>\r\n\t<div class=\"grecaptcha-noscript\">\r\n\t\t<iframe loading=\"lazy\" src=\"https:\/\/www.google.com\/recaptcha\/api\/fallback?k=6LdePWgpAAAAABOEyuZ-wQKlYNWa0bagkQ-MOm0g\" frameborder=\"0\" scrolling=\"no\" width=\"310\" height=\"430\">\r\n\t\t<\/iframe>\r\n\t\t<textarea name=\"g-recaptcha-response\" rows=\"3\" cols=\"40\" placeholder=\"reCaptcha Response Here\">\r\n\t\t<\/textarea>\r\n\t<\/div>\r\n<\/noscript>\r\n<\/span>\n<p><input class=\"wpcf7-form-control wpcf7-submit has-spinner\" type=\"submit\" value=\"Envoyer le message\" \/>\n<\/p><div class=\"wpcf7-response-output\" aria-hidden=\"true\"><\/div>\n<\/form>\n<\/div>\n<\/div><\/div>[\/vc_column][vc_column width=\u00a0\u00bb2\/3&Prime;]<div class=\"cz_gap clr  hide_on_tablet hide_on_mobile\" style=\"height: 50px\"><\/div><div class=\"cz_gap show_on_tablet clr  show_only_tablet\" style=\"height: 29px\"><\/div><div class=\"cz_gap show_on_mobile clr\" style=\"height: 20px\"><\/div>[vc_column_text]<iframe loading=\"lazy\" style=\"border: 0;\" src=\"https:\/\/www.google.com\/maps\/embed?pb=!1m14!1m8!1m3!1d501.16554485492395!2d25.37746054689937!3d37.10029685594546!3m2!1i1024!2i768!4f13.1!3m3!1m2!1s0x0%3A0x6a06c739c14f2b98!2sNaction%20Rent%20a%20Car%20Naxos!5e0!3m2!1sel!2sgr!4v1669635640944!5m2!1sel!2sgr\" width=\"820\" height=\"520\" frameborder=\"0\" allowfullscreen=\"allowfullscreen\" data-mce-fragment=\"1\"><\/iframe>[\/vc_column_text]<div class=\"cz_gap clr  hide_on_tablet hide_on_mobile\" style=\"height: 20px\"><\/div><div class=\"cz_gap show_on_tablet clr  show_only_tablet\" style=\"height: 20px\"><\/div><div class=\"cz_gap show_on_mobile clr\" style=\"height: 20px\"><\/div>[vc_row_inner][vc_column_inner width=\u00a0\u00bb1\/2&Prime;]<div id=\"cz_109377\" class=\"cz_109377 services clr style1 cz_sbi_fx_11 left\"><div class=\"service_custom\"><i class=\"fa czico-006-speech-bubble-with-text-lines\"><\/i><\/div><div class=\"service_text\"><h3>Service client<\/h3><div class=\"cz_wpe_content\"><a href=\"mailto:info@nactionrentacar.com\"><span style=\"font-size: 18px; color: #aaaaaa;\">info@nactionrentacar.com<\/span><\/a><\/div><\/div><\/div><div id=\"cz_29520\" class=\"cz_29520 services clr style1 cz_sbi_fx_11 left\"><div class=\"service_custom\"><i class=\"fa czico-082-maps-and-flags\"><\/i><\/div><div class=\"service_text\"><h3>Adresse de bureau<\/h3><div class=\"cz_wpe_content\"><span style=\"font-size: 18px; color: #aaaaaa;\">Ioannou Paparigopoulou, Naxos<br \/>\n<\/span><span style=\"font-size: 18px; color: #aaaaaa;\">\u00a0 \u00a0 P.O 84 300<\/span><\/div><\/div><\/div>[\/vc_column_inner][vc_column_inner width=\u00a0\u00bb1\/2&Prime;]<div id=\"cz_85987\" class=\"cz_85987 services clr style1 cz_sbi_fx_11 left\"><div class=\"service_custom\"><i class=\"fa czico-122-phone-call\"><\/i><\/div><div class=\"service_text\"><h3>T\u00e9l\u00e9phone<\/h3><div class=\"cz_wpe_content\"><span style=\"font-size: 18px; color: #aaaaaa;\"><a href=\"tel:+306938454714\">+30 693 845 4714<\/a><\/span><\/div><\/div><\/div><div id=\"cz_68484\" class=\"cz_68484 services clr style1 cz_sbi_fx_11 left\"><div class=\"service_custom\"><i class=\"fa czico-107-web-link\"><\/i><\/div><div class=\"service_text\"><h3>Site web<\/h3><div class=\"cz_wpe_content\"><span style=\"font-size: 18px; color: #aaaaaa;\">www.nactionrentacar.com<\/span><\/div><\/div><\/div>[\/vc_column_inner][\/vc_row_inner][\/vc_column][\/vc_row]<\/p>\n<\/div>","protected":false},"excerpt":{"rendered":"<p>[vc_row][vc_column width=\u00a0\u00bb1\/3&Prime;][\/vc_column][vc_column width=\u00a0\u00bb2\/3&Prime;][vc_column_text][\/vc_column_text][vc_row_inner][vc_column_inner width=\u00a0\u00bb1\/2&Prime;][\/vc_column_inner][vc_column_inner width=\u00a0\u00bb1\/2&Prime;][\/vc_column_inner][\/vc_row_inner][\/vc_column][\/vc_row] &#8230; <\/p>\n","protected":false},"author":2,"featured_media":0,"parent":0,"menu_order":0,"comment_status":"closed","ping_status":"closed","template":"","meta":{"footnotes":""},"class_list":["post-3241","page","type-page","status-publish","hentry"],"yoast_head":"<!-- This site is optimized with the Yoast SEO plugin v25.7 - https:\/\/yoast.com\/wordpress\/plugins\/seo\/ -->\n<title>Contact Us | Nactionrentacar.com<\/title>\n<meta name=\"description\" content=\"Contact Nactionrentacar for car rental on your vacation on the beautiful island of Naxos. For any information at your disposal. Get in touch with us.\" \/>\n<meta name=\"robots\" content=\"index, follow, max-snippet:-1, max-image-preview:large, max-video-preview:-1\" \/>\n<link rel=\"canonical\" href=\"https:\/\/nactionrentacar.com\/fr\/contact-us\/\" \/>\n<meta property=\"og:locale\" content=\"fr_FR\" \/>\n<meta property=\"og:type\" content=\"article\" \/>\n<meta property=\"og:title\" content=\"Contact Us | Nactionrentacar.com\" \/>\n<meta property=\"og:description\" content=\"Contact Nactionrentacar for car rental on your vacation on the beautiful island of Naxos. For any information at your disposal. Get in touch with us.\" \/>\n<meta property=\"og:url\" content=\"https:\/\/nactionrentacar.com\/fr\/contact-us\/\" \/>\n<meta property=\"og:site_name\" content=\"Rent a Car Naxos\" \/>\n<meta property=\"article:publisher\" content=\"https:\/\/www.facebook.com\/pg\/sitia-airport-and-heraklion-airport-rent-a-carLGSTJSH-crete-rent-a-car-130348640373331\/about\/?tab=page_info\" \/>\n<meta property=\"article:modified_time\" content=\"2024-04-03T08:56:39+00:00\" \/>\n<meta name=\"twitter:card\" content=\"summary_large_image\" \/>\n<meta name=\"twitter:label1\" content=\"Dur\u00e9e de lecture estim\u00e9e\" \/>\n\t<meta name=\"twitter:data1\" content=\"1 minute\" \/>\n<script type=\"application\/ld+json\" class=\"yoast-schema-graph\">{\"@context\":\"https:\/\/schema.org\",\"@graph\":[{\"@type\":\"WebPage\",\"@id\":\"https:\/\/nactionrentacar.com\/fr\/contact-us\/\",\"url\":\"https:\/\/nactionrentacar.com\/fr\/contact-us\/\",\"name\":\"Contact Us | Nactionrentacar.com\",\"isPartOf\":{\"@id\":\"https:\/\/nactionrentacar.com\/fr\/#website\"},\"datePublished\":\"2023-11-29T09:27:30+00:00\",\"dateModified\":\"2024-04-03T08:56:39+00:00\",\"description\":\"Contact Nactionrentacar for car rental on your vacation on the beautiful island of Naxos. For any information at your disposal. Get in touch with us.\",\"breadcrumb\":{\"@id\":\"https:\/\/nactionrentacar.com\/fr\/contact-us\/#breadcrumb\"},\"inLanguage\":\"fr-FR\",\"potentialAction\":[{\"@type\":\"ReadAction\",\"target\":[\"https:\/\/nactionrentacar.com\/fr\/contact-us\/\"]}]},{\"@type\":\"BreadcrumbList\",\"@id\":\"https:\/\/nactionrentacar.com\/fr\/contact-us\/#breadcrumb\",\"itemListElement\":[{\"@type\":\"ListItem\",\"position\":1,\"name\":\"Home\",\"item\":\"https:\/\/nactionrentacar.com\/fr\/\"},{\"@type\":\"ListItem\",\"position\":2,\"name\":\"Contact Us\"}]},{\"@type\":\"WebSite\",\"@id\":\"https:\/\/nactionrentacar.com\/fr\/#website\",\"url\":\"https:\/\/nactionrentacar.com\/fr\/\",\"name\":\"Rent a Car Naxos\",\"description\":\"Naction Rent a Car in Naxos\",\"potentialAction\":[{\"@type\":\"SearchAction\",\"target\":{\"@type\":\"EntryPoint\",\"urlTemplate\":\"https:\/\/nactionrentacar.com\/fr\/?s={search_term_string}\"},\"query-input\":{\"@type\":\"PropertyValueSpecification\",\"valueRequired\":true,\"valueName\":\"search_term_string\"}}],\"inLanguage\":\"fr-FR\"}]}<\/script>\n<!-- \/ Yoast SEO plugin. -->","yoast_head_json":{"title":"Contact Us | Nactionrentacar.com","description":"Contact Nactionrentacar for car rental on your vacation on the beautiful island of Naxos. For any information at your disposal. Get in touch with us.","robots":{"index":"index","follow":"follow","max-snippet":"max-snippet:-1","max-image-preview":"max-image-preview:large","max-video-preview":"max-video-preview:-1"},"canonical":"https:\/\/nactionrentacar.com\/fr\/contact-us\/","og_locale":"fr_FR","og_type":"article","og_title":"Contact Us | Nactionrentacar.com","og_description":"Contact Nactionrentacar for car rental on your vacation on the beautiful island of Naxos. For any information at your disposal. Get in touch with us.","og_url":"https:\/\/nactionrentacar.com\/fr\/contact-us\/","og_site_name":"Rent a Car Naxos","article_publisher":"https:\/\/www.facebook.com\/pg\/sitia-airport-and-heraklion-airport-rent-a-carLGSTJSH-crete-rent-a-car-130348640373331\/about\/?tab=page_info","article_modified_time":"2024-04-03T08:56:39+00:00","twitter_card":"summary_large_image","twitter_misc":{"Dur\u00e9e de lecture estim\u00e9e":"1 minute"},"schema":{"@context":"https:\/\/schema.org","@graph":[{"@type":"WebPage","@id":"https:\/\/nactionrentacar.com\/fr\/contact-us\/","url":"https:\/\/nactionrentacar.com\/fr\/contact-us\/","name":"Contact Us | Nactionrentacar.com","isPartOf":{"@id":"https:\/\/nactionrentacar.com\/fr\/#website"},"datePublished":"2023-11-29T09:27:30+00:00","dateModified":"2024-04-03T08:56:39+00:00","description":"Contact Nactionrentacar for car rental on your vacation on the beautiful island of Naxos. For any information at your disposal. Get in touch with us.","breadcrumb":{"@id":"https:\/\/nactionrentacar.com\/fr\/contact-us\/#breadcrumb"},"inLanguage":"fr-FR","potentialAction":[{"@type":"ReadAction","target":["https:\/\/nactionrentacar.com\/fr\/contact-us\/"]}]},{"@type":"BreadcrumbList","@id":"https:\/\/nactionrentacar.com\/fr\/contact-us\/#breadcrumb","itemListElement":[{"@type":"ListItem","position":1,"name":"Home","item":"https:\/\/nactionrentacar.com\/fr\/"},{"@type":"ListItem","position":2,"name":"Contact Us"}]},{"@type":"WebSite","@id":"https:\/\/nactionrentacar.com\/fr\/#website","url":"https:\/\/nactionrentacar.com\/fr\/","name":"Rent a Car Naxos","description":"Naction Rent a Car in Naxos","potentialAction":[{"@type":"SearchAction","target":{"@type":"EntryPoint","urlTemplate":"https:\/\/nactionrentacar.com\/fr\/?s={search_term_string}"},"query-input":{"@type":"PropertyValueSpecification","valueRequired":true,"valueName":"search_term_string"}}],"inLanguage":"fr-FR"}]}},"_links":{"self":[{"href":"https:\/\/nactionrentacar.com\/fr\/wp-json\/wp\/v2\/pages\/3241","targetHints":{"allow":["GET"]}}],"collection":[{"href":"https:\/\/nactionrentacar.com\/fr\/wp-json\/wp\/v2\/pages"}],"about":[{"href":"https:\/\/nactionrentacar.com\/fr\/wp-json\/wp\/v2\/types\/page"}],"author":[{"embeddable":true,"href":"https:\/\/nactionrentacar.com\/fr\/wp-json\/wp\/v2\/users\/2"}],"replies":[{"embeddable":true,"href":"https:\/\/nactionrentacar.com\/fr\/wp-json\/wp\/v2\/comments?post=3241"}],"version-history":[{"count":3,"href":"https:\/\/nactionrentacar.com\/fr\/wp-json\/wp\/v2\/pages\/3241\/revisions"}],"predecessor-version":[{"id":4200,"href":"https:\/\/nactionrentacar.com\/fr\/wp-json\/wp\/v2\/pages\/3241\/revisions\/4200"}],"wp:attachment":[{"href":"https:\/\/nactionrentacar.com\/fr\/wp-json\/wp\/v2\/media?parent=3241"}],"curies":[{"name":"wp","href":"https:\/\/api.w.org\/{rel}","templated":true}]}}