{"id":3208,"date":"2023-11-29T11:15:08","date_gmt":"2023-11-29T09:15:08","guid":{"rendered":"https:\/\/nactionrentacar.com\/?page_id=3208"},"modified":"2024-03-07T17:02:58","modified_gmt":"2024-03-07T15:02:58","slug":"about-us","status":"publish","type":"page","link":"https:\/\/nactionrentacar.com\/fr\/about-us\/","title":{"rendered":"About Us"},"content":{"rendered":"<div class=\"wpb-content-wrapper\"><p>[vc_row][vc_column offset=\u00a0\u00bbvc_col-md-6&Prime;]<div id=\"cz_103237\" class=\"cz_103237 cz_title clr cz_title_pos_inline\"><div class=\"cz_title_content\"><div class=\"cz_wpe_content\"><p><span style=\"font-size: 18px; color: #aaaaaa;\">Profil de l&rsquo;entreprise<\/span><\/p>\n<h1><span style=\"font-size: 36px;\">NACTION\u00a0<span style=\"color: #0274bb;\">CAR RENTAL<\/span><\/span><\/h1>\n<\/div><\/div><\/div><div class=\"cz_gap clr \" style=\"height: 30px\"><\/div><div id=\"cz_106877\" class=\"cz_106877 cz_title clr cz_title_pos_inline\"><div class=\"cz_title_content\"><div class=\"cz_wpe_content\"><p>Naction\u00a0Rent a car Naxos\u00a0est une toute nouvelle soci\u00e9t\u00e9 de location de voitures, mais avec suffisamment d&rsquo;exp\u00e9rience dans le domaine de la location et du secteur du tourisme.\u00a0Avec respect et responsabilit\u00e9 envers chaque visiteur de l&rsquo;\u00eele de Naxos, donne \u00e0 l&rsquo;\u00e9quipe de location de voitures Naction la motivation de fournir un service complet de location de voitures.\u00a0Notre \u00e9quipe propose plusieurs visites guid\u00e9es afin de donner aux visiteurs des suggestions sur les beaut\u00e9s de Naxos.<\/p>\n<p>Notre coop\u00e9ration avec plusieurs stations touristiques de Naxos, conf\u00e8re \u00e0 l&rsquo;agence\u00a0Rent a Car Naxos\u00a0une cr\u00e9dibilit\u00e9 et des avantages reconnus \u00e0 notre activit\u00e9.\u00a0Au d\u00e9part, le choix d&rsquo;excellents mod\u00e8les de voitures neuves, avec des normes \u00e9lev\u00e9es pour des voyages plus s\u00fbrs et confortables, bien s\u00fbr avec toujours un accompagnement personnalis\u00e9 pour chaque client.<\/p>\n<\/div><\/div><\/div><div class=\"cz_gap clr \" style=\"height: 30px\"><\/div>[\/vc_column][vc_column offset=\u00a0\u00bbvc_col-md-6&Prime;]<div class=\"cz_gap clr  hide_on_tablet hide_on_mobile\" style=\"height: 60px\"><\/div><div class=\"cz_gap show_on_tablet clr  show_only_tablet\" style=\"height: 20px\"><\/div><div class=\"cz_gap show_on_mobile clr\" style=\"height: 200\\\"><\/div>[vc_single_image image=\u00a0\u00bb2391&Prime; img_size=\u00a0\u00bbfull\u00a0\u00bb][\/vc_column][\/vc_row][vc_row][vc_column]<div class=\"cz_gap clr \" style=\"height: 100px\"><\/div>[\/vc_column][\/vc_row][vc_row][vc_column offset=\u00a0\u00bbvc_col-md-6&Prime;][vc_empty_space height=\u00a0\u00bb65px\u00a0\u00bb][vc_row_inner][vc_column_inner width=\u00a0\u00bb1\/2&Prime;][vc_column_text]<\/p>\n<h4 style=\"text-align: center;\"><b>Livraison chez vous<\/b><\/h4>\n<p>[\/vc_column_text][vc_single_image image=\u00a0\u00bb1800&Prime; img_size=\u00a0\u00bbfull\u00a0\u00bb][\/vc_column_inner][vc_column_inner width=\u00a0\u00bb1\/2&Prime;][vc_column_text]<\/p>\n<h4 style=\"text-align: center;\"><b>Livraison \u00e0 l&rsquo;a\u00e9roport<\/b><\/h4>\n<p>[\/vc_column_text][vc_single_image image=\u00a0\u00bb1796&Prime; img_size=\u00a0\u00bbfull\u00a0\u00bb][\/vc_column_inner][\/vc_row_inner][vc_row_inner][vc_column_inner][vc_column_text]<\/p>\n<h4 style=\"text-align: center;\"><strong><b>Livraison au port<\/b><\/strong><\/h4>\n<p>[\/vc_column_text][\/vc_column_inner][\/vc_row_inner][\/vc_column][vc_column offset=\u00a0\u00bbvc_col-md-6&Prime;]<div id=\"cz_21592\" class=\"cz_21592 cz_title clr cz_title_pos_inline\"><div class=\"cz_title_content\"><div class=\"cz_wpe_content\"><p><span style=\"font-size: 18px; color: #aaaaaa;\">Faites confiance \u00e0 Nation<\/span><\/p>\n<h2><span style=\"font-size: 36px;\">ET SENTEZ-VOUS\u00a0<span style=\"color: #0274bb;\">EN S\u00c9CURIT\u00c9<\/span><\/span><\/h2>\n<\/div><\/div><\/div><div class=\"cz_gap clr \" style=\"height: 30px\"><\/div><div id=\"cz_20001\" class=\"cz_20001\"><div class=\"cz_history_1\"><div><div id=\"cz_14172\" class=\"cz_14172 cz_title clr cz_title_pos_inline\"><div class=\"cz_title_content\"><div class=\"cz_wpe_content\"><h3><span style=\"font-size: 20px;\"><b>Livraison et ramassage<\/b><\/span><\/h3>\n<\/div><\/div><\/div>[vc_column_text]Nous livrons votre v\u00e9hicule partout sur l&rsquo;\u00eele et proposons une grande vari\u00e9t\u00e9 de voitures.\u00a0Nous sommes fiers de proposer les meilleures offres sans frais cach\u00e9s\u00a0![\/vc_column_text]<div class=\"cz_gap clr \" style=\"height: 50px\"><\/div><\/div><\/div><\/div><div id=\"cz_92775\" class=\"cz_92775\"><div class=\"cz_history_1\"><div><div id=\"cz_36238\" class=\"cz_36238 cz_title clr cz_title_pos_inline\"><div class=\"cz_title_content\"><div class=\"cz_wpe_content\"><h3><b>Tarifs sp\u00e9ciaux pour la location de voiture<\/b><\/h3>\n<\/div><\/div><\/div>[vc_column_text]L&rsquo;agence automobile Naction Rent a car vous propose les prix les plus comp\u00e9titifs toute l&rsquo;ann\u00e9e en pensant \u00e0 votre s\u00e9curit\u00e9 ![\/vc_column_text]<div class=\"cz_gap clr \" style=\"height: 50px\"><\/div><\/div><\/div><\/div><div id=\"cz_40433\" class=\"cz_40433\"><div class=\"cz_history_1\"><div><div id=\"cz_83774\" class=\"cz_83774 cz_title clr cz_title_pos_inline\"><div class=\"cz_title_content\"><div class=\"cz_wpe_content\"><h3><span style=\"font-size: 20px;\"><b>Syst\u00e8me de r\u00e9servation facile<\/b><\/span><\/h3>\n<\/div><\/div><\/div>[vc_column_text]<span style=\"color: #666666; font-size: 18px;\">Vous pouvez r\u00e9server votre v\u00e9hicule en ligne tr\u00e8s facilement via notre syst\u00e8me de r\u00e9servation en moins d&rsquo;une minute.<\/span>[\/vc_column_text]<\/div><\/div><\/div>[\/vc_column][\/vc_row][vc_row][vc_column]<div class=\"cz_gap clr \" style=\"height: 50px\"><\/div>[\/vc_column][\/vc_row][vc_row css=\u00a0\u00bb.vc_custom_1497126171788{background-position: center !important;background-repeat: no-repeat !important;background-size: cover !important;}\u00a0\u00bb][vc_column width=\u00a0\u00bb2\/3&Prime; offset=\u00a0\u00bbvc_col-lg-8&Prime; css=\u00a0\u00bb.vc_custom_1516136899580{padding-right: 20px !important;}\u00a0\u00bb][vc_empty_space height=\u00a0\u00bb52px\u00a0\u00bb]<div id=\"cz_53827\" class=\"cz_53827 cz_title clr cz_title_pos_inline\"><div class=\"cz_title_content\"><div class=\"cz_wpe_content\"><p><span style=\"font-size: 18px; color: #aaaaaa;\">N&rsquo;h\u00e9sitez pas \u00e0 nous contacter<\/span><\/p>\n<h3><span style=\"font-size: 38px;\">Avez-vous des <span style=\"color: #0274bb;\">questions<\/span>?<\/span><\/h3>\n<\/div><\/div><\/div><div class=\"cz_gap clr \" style=\"height: 40px\"><\/div>[vc_column_text]<span style=\"font-size: 18px; color: #666666;\">Veuillez lire les questions ci-dessous et si vous ne trouvez pas votre r\u00e9ponse, envoyez-nous votre question, nous vous r\u00e9pondrons dans les plus brefs d\u00e9lais.<\/span>[\/vc_column_text]<div class=\"cz_gap clr \" style=\"height: 20px\"><\/div><div id=\"cz_63708\" class=\"cz_63708 cz_cf7 clr\"><div>\n<div class=\"wpcf7 no-js\" id=\"wpcf7-f3236-o1\" lang=\"en-US\" dir=\"ltr\" data-wpcf7-id=\"3236\">\n<div class=\"screen-reader-response\"><p role=\"status\" aria-live=\"polite\" aria-atomic=\"true\"><\/p> <ul><\/ul><\/div>\n<form action=\"\/fr\/wp-json\/wp\/v2\/pages\/3208#wpcf7-f3236-o1\" method=\"post\" class=\"wpcf7-form init\" aria-label=\"Contact form\" novalidate=\"novalidate\" data-status=\"init\">\n<fieldset class=\"hidden-fields-container\"><input type=\"hidden\" name=\"_wpcf7\" value=\"3236\" \/><input type=\"hidden\" name=\"_wpcf7_version\" value=\"6.1.1\" \/><input type=\"hidden\" name=\"_wpcf7_locale\" value=\"en_US\" \/><input type=\"hidden\" name=\"_wpcf7_unit_tag\" value=\"wpcf7-f3236-o1\" \/><input type=\"hidden\" name=\"_wpcf7_container_post\" value=\"0\" \/><input type=\"hidden\" name=\"_wpcf7_posted_data_hash\" value=\"\" \/><input type=\"hidden\" name=\"_wpcf7_recaptcha_response\" value=\"\" \/>\n<\/fieldset>\n<p><label> Votre nom (n\u00e9cessaire)<br \/>\n<span class=\"wpcf7-form-control-wrap\" data-name=\"your-name\"><input size=\"40\" maxlength=\"400\" class=\"wpcf7-form-control wpcf7-text wpcf7-validates-as-required\" aria-required=\"true\" aria-invalid=\"false\" value=\"\" type=\"text\" name=\"your-name\" \/><\/span> <\/label>\n<\/p>\n<p><label> Votre email (n\u00e9cessaire)<br \/>\n<span class=\"wpcf7-form-control-wrap\" data-name=\"your-email\"><input size=\"40\" maxlength=\"400\" class=\"wpcf7-form-control wpcf7-email wpcf7-validates-as-required wpcf7-text wpcf7-validates-as-email\" aria-required=\"true\" aria-invalid=\"false\" value=\"\" type=\"email\" name=\"your-email\" \/><\/span> <\/label>\n<\/p>\n<p>Votre message<br \/>\n<span class=\"wpcf7-form-control-wrap\" data-name=\"your-message\"><textarea cols=\"40\" rows=\"10\" maxlength=\"2000\" class=\"wpcf7-form-control wpcf7-textarea\" aria-invalid=\"false\" name=\"your-message\"><\/textarea><\/span>\n<\/p>\n<span class=\"wpcf7-form-control-wrap recaptcha\" data-name=\"recaptcha\"><span data-sitekey=\"6LdePWgpAAAAABOEyuZ-wQKlYNWa0bagkQ-MOm0g\" class=\"wpcf7-form-control wpcf7-recaptcha g-recaptcha\"><\/span>\r\n<noscript>\r\n\t<div class=\"grecaptcha-noscript\">\r\n\t\t<iframe loading=\"lazy\" src=\"https:\/\/www.google.com\/recaptcha\/api\/fallback?k=6LdePWgpAAAAABOEyuZ-wQKlYNWa0bagkQ-MOm0g\" frameborder=\"0\" scrolling=\"no\" width=\"310\" height=\"430\">\r\n\t\t<\/iframe>\r\n\t\t<textarea name=\"g-recaptcha-response\" rows=\"3\" cols=\"40\" placeholder=\"reCaptcha Response Here\">\r\n\t\t<\/textarea>\r\n\t<\/div>\r\n<\/noscript>\r\n<\/span>\n<p><input class=\"wpcf7-form-control wpcf7-submit has-spinner\" type=\"submit\" value=\"Envoyer le message\" \/>\n<\/p><div class=\"wpcf7-response-output\" aria-hidden=\"true\"><\/div>\n<\/form>\n<\/div>\n<\/div><\/div>[\/vc_column][vc_column width=\u00a0\u00bb1\/3&Prime;]<div class=\"cz_gap clr \" style=\"height: 100px\"><\/div>[vc_single_image image=\u00a0\u00bb2393&Prime; img_size=\u00a0\u00bbfull\u00a0\u00bb][\/vc_column][\/vc_row][vc_row][vc_column]<div class=\"cz_gap clr \" style=\"height: 50px\"><\/div>[\/vc_column][\/vc_row]<\/p>\n<\/div>","protected":false},"excerpt":{"rendered":"<p>[vc_row][vc_column offset=\u00a0\u00bbvc_col-md-6&Prime;][\/vc_column][vc_column offset=\u00a0\u00bbvc_col-md-6&Prime;][vc_single_image image=\u00a0\u00bb2391&Prime; img_size=\u00a0\u00bbfull\u00a0\u00bb][\/vc_column][\/vc_row][vc_row][vc_column][\/vc_column][\/vc_row][vc_row][vc_column offset=\u00a0\u00bbvc_col-md-6&Prime;][vc_empty_space height=\u00a0\u00bb65px\u00a0\u00bb][vc_row_inner][vc_column_inner width=\u00a0\u00bb1\/2&Prime;][vc_column_text] Livraison chez vous [\/vc_column_text][vc_single_image image=\u00a0\u00bb1800&Prime; img_size=\u00a0\u00bbfull\u00a0\u00bb][\/vc_column_inner][vc_column_inner width=\u00a0\u00bb1\/2&Prime;][vc_column_text] Livraison \u00e0 l&rsquo;a\u00e9roport [\/vc_column_text][vc_single_image image=\u00a0\u00bb1796&Prime; &#8230; <\/p>\n","protected":false},"author":2,"featured_media":0,"parent":0,"menu_order":0,"comment_status":"closed","ping_status":"closed","template":"","meta":{"footnotes":""},"class_list":["post-3208","page","type-page","status-publish","hentry"],"yoast_head":"<!-- This site is optimized with the Yoast SEO plugin v25.7 - https:\/\/yoast.com\/wordpress\/plugins\/seo\/ -->\n<title>About Us | Nactionrentacar.com<\/title>\n<meta name=\"description\" content=\"Nactionrentacar is a high quality Car Rental in Agios Prokopios in Naxos, Greece. High quality services and cars for rent at low prices.\" \/>\n<meta name=\"robots\" content=\"index, follow, max-snippet:-1, max-image-preview:large, max-video-preview:-1\" \/>\n<link rel=\"canonical\" href=\"https:\/\/nactionrentacar.com\/fr\/about-us\/\" \/>\n<meta property=\"og:locale\" content=\"fr_FR\" \/>\n<meta property=\"og:type\" content=\"article\" \/>\n<meta property=\"og:title\" content=\"About Us | Nactionrentacar.com\" \/>\n<meta property=\"og:description\" content=\"Nactionrentacar is a high quality Car Rental in Agios Prokopios in Naxos, Greece. High quality services and cars for rent at low prices.\" \/>\n<meta property=\"og:url\" content=\"https:\/\/nactionrentacar.com\/fr\/about-us\/\" \/>\n<meta property=\"og:site_name\" content=\"Rent a Car Naxos\" \/>\n<meta property=\"article:publisher\" content=\"https:\/\/www.facebook.com\/pg\/sitia-airport-and-heraklion-airport-rent-a-carLGSTJSH-crete-rent-a-car-130348640373331\/about\/?tab=page_info\" \/>\n<meta property=\"article:modified_time\" content=\"2024-03-07T15:02:58+00:00\" \/>\n<meta name=\"twitter:card\" content=\"summary_large_image\" \/>\n<meta name=\"twitter:label1\" content=\"Dur\u00e9e de lecture estim\u00e9e\" \/>\n\t<meta name=\"twitter:data1\" content=\"2 minutes\" \/>\n<script type=\"application\/ld+json\" class=\"yoast-schema-graph\">{\"@context\":\"https:\/\/schema.org\",\"@graph\":[{\"@type\":\"WebPage\",\"@id\":\"https:\/\/nactionrentacar.com\/fr\/about-us\/\",\"url\":\"https:\/\/nactionrentacar.com\/fr\/about-us\/\",\"name\":\"About Us | Nactionrentacar.com\",\"isPartOf\":{\"@id\":\"https:\/\/nactionrentacar.com\/fr\/#website\"},\"datePublished\":\"2023-11-29T09:15:08+00:00\",\"dateModified\":\"2024-03-07T15:02:58+00:00\",\"description\":\"Nactionrentacar is a high quality Car Rental in Agios Prokopios in Naxos, Greece. High quality services and cars for rent at low prices.\",\"breadcrumb\":{\"@id\":\"https:\/\/nactionrentacar.com\/fr\/about-us\/#breadcrumb\"},\"inLanguage\":\"fr-FR\",\"potentialAction\":[{\"@type\":\"ReadAction\",\"target\":[\"https:\/\/nactionrentacar.com\/fr\/about-us\/\"]}]},{\"@type\":\"BreadcrumbList\",\"@id\":\"https:\/\/nactionrentacar.com\/fr\/about-us\/#breadcrumb\",\"itemListElement\":[{\"@type\":\"ListItem\",\"position\":1,\"name\":\"Home\",\"item\":\"https:\/\/nactionrentacar.com\/fr\/\"},{\"@type\":\"ListItem\",\"position\":2,\"name\":\"About Us\"}]},{\"@type\":\"WebSite\",\"@id\":\"https:\/\/nactionrentacar.com\/fr\/#website\",\"url\":\"https:\/\/nactionrentacar.com\/fr\/\",\"name\":\"Rent a Car Naxos\",\"description\":\"Naction Rent a Car in Naxos\",\"potentialAction\":[{\"@type\":\"SearchAction\",\"target\":{\"@type\":\"EntryPoint\",\"urlTemplate\":\"https:\/\/nactionrentacar.com\/fr\/?s={search_term_string}\"},\"query-input\":{\"@type\":\"PropertyValueSpecification\",\"valueRequired\":true,\"valueName\":\"search_term_string\"}}],\"inLanguage\":\"fr-FR\"}]}<\/script>\n<!-- \/ Yoast SEO plugin. -->","yoast_head_json":{"title":"About Us | Nactionrentacar.com","description":"Nactionrentacar is a high quality Car Rental in Agios Prokopios in Naxos, Greece. High quality services and cars for rent at low prices.","robots":{"index":"index","follow":"follow","max-snippet":"max-snippet:-1","max-image-preview":"max-image-preview:large","max-video-preview":"max-video-preview:-1"},"canonical":"https:\/\/nactionrentacar.com\/fr\/about-us\/","og_locale":"fr_FR","og_type":"article","og_title":"About Us | Nactionrentacar.com","og_description":"Nactionrentacar is a high quality Car Rental in Agios Prokopios in Naxos, Greece. High quality services and cars for rent at low prices.","og_url":"https:\/\/nactionrentacar.com\/fr\/about-us\/","og_site_name":"Rent a Car Naxos","article_publisher":"https:\/\/www.facebook.com\/pg\/sitia-airport-and-heraklion-airport-rent-a-carLGSTJSH-crete-rent-a-car-130348640373331\/about\/?tab=page_info","article_modified_time":"2024-03-07T15:02:58+00:00","twitter_card":"summary_large_image","twitter_misc":{"Dur\u00e9e de lecture estim\u00e9e":"2 minutes"},"schema":{"@context":"https:\/\/schema.org","@graph":[{"@type":"WebPage","@id":"https:\/\/nactionrentacar.com\/fr\/about-us\/","url":"https:\/\/nactionrentacar.com\/fr\/about-us\/","name":"About Us | Nactionrentacar.com","isPartOf":{"@id":"https:\/\/nactionrentacar.com\/fr\/#website"},"datePublished":"2023-11-29T09:15:08+00:00","dateModified":"2024-03-07T15:02:58+00:00","description":"Nactionrentacar is a high quality Car Rental in Agios Prokopios in Naxos, Greece. High quality services and cars for rent at low prices.","breadcrumb":{"@id":"https:\/\/nactionrentacar.com\/fr\/about-us\/#breadcrumb"},"inLanguage":"fr-FR","potentialAction":[{"@type":"ReadAction","target":["https:\/\/nactionrentacar.com\/fr\/about-us\/"]}]},{"@type":"BreadcrumbList","@id":"https:\/\/nactionrentacar.com\/fr\/about-us\/#breadcrumb","itemListElement":[{"@type":"ListItem","position":1,"name":"Home","item":"https:\/\/nactionrentacar.com\/fr\/"},{"@type":"ListItem","position":2,"name":"About Us"}]},{"@type":"WebSite","@id":"https:\/\/nactionrentacar.com\/fr\/#website","url":"https:\/\/nactionrentacar.com\/fr\/","name":"Rent a Car Naxos","description":"Naction Rent a Car in Naxos","potentialAction":[{"@type":"SearchAction","target":{"@type":"EntryPoint","urlTemplate":"https:\/\/nactionrentacar.com\/fr\/?s={search_term_string}"},"query-input":{"@type":"PropertyValueSpecification","valueRequired":true,"valueName":"search_term_string"}}],"inLanguage":"fr-FR"}]}},"_links":{"self":[{"href":"https:\/\/nactionrentacar.com\/fr\/wp-json\/wp\/v2\/pages\/3208","targetHints":{"allow":["GET"]}}],"collection":[{"href":"https:\/\/nactionrentacar.com\/fr\/wp-json\/wp\/v2\/pages"}],"about":[{"href":"https:\/\/nactionrentacar.com\/fr\/wp-json\/wp\/v2\/types\/page"}],"author":[{"embeddable":true,"href":"https:\/\/nactionrentacar.com\/fr\/wp-json\/wp\/v2\/users\/2"}],"replies":[{"embeddable":true,"href":"https:\/\/nactionrentacar.com\/fr\/wp-json\/wp\/v2\/comments?post=3208"}],"version-history":[{"count":2,"href":"https:\/\/nactionrentacar.com\/fr\/wp-json\/wp\/v2\/pages\/3208\/revisions"}],"predecessor-version":[{"id":3237,"href":"https:\/\/nactionrentacar.com\/fr\/wp-json\/wp\/v2\/pages\/3208\/revisions\/3237"}],"wp:attachment":[{"href":"https:\/\/nactionrentacar.com\/fr\/wp-json\/wp\/v2\/media?parent=3208"}],"curies":[{"name":"wp","href":"https:\/\/api.w.org\/{rel}","templated":true}]}}