{"id":3900,"date":"2024-01-22T18:02:15","date_gmt":"2024-01-22T16:02:15","guid":{"rendered":"https:\/\/nactionrentacar.com\/?page_id=3900"},"modified":"2025-01-14T13:38:43","modified_gmt":"2025-01-14T11:38:43","slug":"agia-anna","status":"publish","type":"page","link":"https:\/\/nactionrentacar.com\/es\/agia-anna\/","title":{"rendered":"Naxos Rent a Car in Agia Anna"},"content":{"rendered":"<div class=\"wpb-content-wrapper\"><p>[vc_row][vc_column]<div class=\"cz_gap clr \" style=\"height: 100px\"><\/div>[vc_custom_heading text=\u00bbNaxos Rent a Car in Agia Anna\u00bb font_container=\u00bbtag:h1|font_size:36|text_align:center|color:%2300aeef\u00bb use_theme_fonts=\u00bbyes\u00bb]<div class=\"cz_gap clr \" style=\"height: 50px\"><\/div>[vc_separator border_width=\u00bb2&#8243;][vc_column_text]Naction Rent a Car, arraigada en la genuina hospitalidad naxiana y la pasi\u00f3n por enriquecer las experiencias de los visitantes, ofrece servicios de alquiler de coches a medida en Agia Anna. Centr\u00e1ndonos en brindar soporte personalizado y modelos de autom\u00f3viles nuevos de primer nivel, garantizamos seguridad, comodidad y la libertad de explorar los impresionantes paisajes de Agia Anna a su ritmo. Nuestro compromiso de ofrecer precios competitivos, ofertas transparentes y un sistema de reserva sencillo garantiza un viaje perfecto desde el momento de su llegada. Sum\u00e9rgete en el coraz\u00f3n de Naxos con nosotros, donde cada viaje es parte de tu aventura.[\/vc_column_text][\/vc_column][\/vc_row][vc_row full_width=\u00bbstretch_row_content_no_spaces\u00bb css=\u00bb.vc_custom_1637582358544{padding-top: 30px !important;background-color: #2abbf1 !important;}\u00bb][vc_column width=\u00bb1\/3&#8243;][\/vc_column][vc_column width=\u00bb1\/3&#8243; css=\u00bb.vc_custom_1643794856074{margin-top: 0px !important;margin-bottom: 0px !important;border-top-width: 0px !important;border-bottom-width: 0px !important;padding-top: 0px !important;padding-bottom: 0px !important;}\u00bb][vc_column_text css=\u00bb.vc_custom_1705938476027{margin-top: 0px !important;margin-bottom: 0px !important;border-top-width: 0px !important;border-bottom-width: 0px !important;padding-top: 0px !important;padding-bottom: 0px !important;}\u00bb]<\/p>\n<p style=\"text-align: center;\"><span style=\"font-size: 26px; color: #ffffff;\"><strong>Need help or have a question?<\/strong><\/span><\/p>\n<p style=\"text-align: center;\"><span style=\"font-size: 26px; color: #ffffff;\"><strong>Call Us: +30 6938454714<\/strong><\/span><\/p>\n<p>[\/vc_column_text]<div class=\"cz_gap clr \" style=\"height: 50px\"><\/div>[vc_btn title=\u00bbCALL NOW\u00bb shape=\u00bbsquare\u00bb color=\u00bbwhite\u00bb align=\u00bbcenter\u00bb i_type=\u00bbmaterial\u00bb i_icon_material=\u00bbvc-material vc-material-time_to_leave\u00bb add_icon=\u00bbtrue\u00bb link=\u00bburl:tel%3A%2B306938454714|title:Our%20Fleet||rel:nofollow\u00bb][\/vc_column][vc_column width=\u00bb1\/3&#8243;][\/vc_column][\/vc_row][vc_row][vc_column]<div class=\"cz_gap clr \" style=\"height: 100px\"><\/div>[\/vc_column][\/vc_row][vc_row][vc_column width=\u00bb1\/4&#8243;][\/vc_column][vc_column width=\u00bb1\/2&#8243;][vc_custom_heading text=\u00bbSearch for your Vehicle\u00bb font_container=\u00bbtag:h3|font_size:20|text_align:center|color:%232abbf1&#8243; use_theme_fonts=\u00bbyes\u00bb]<div class=\"cz_gap clr \" style=\"height: 50px\"><\/div>[vc_raw_html css=\u00bb\u00bb]JTNDaWZyYW1lJTIwc3JjJTNEJTIyaHR0cHMlM0ElMkYlMkZuYWN0aW9ucmVudGFjYXIuY29tJTJGZm9ybS1hbm5hLnBocCUyRiUyMiUyMG5hbWUlM0QlMjJjYXJmcmFtZSUyMiUyMGlkJTNEJTIyY2FyZnJhbWUlMjIlMjBmcmFtZWJvcmRlciUzRCUyMjAlMjIlMjBib3JkZXIlM0QlMjIwJTIyJTIwY2VsbHNwYWNpbmclM0QlMjIwJTIyJTIwc3R5bGUlM0QlMjJib3JkZXItc3R5bGUlM0ElMjBub25lJTNCd2lkdGglM0ElMjAxMTAlMjUlM0IlMjBoZWlnaHQlM0ElMjA1NTBweCUzQiUyMiUzRSUzQyUyRmlmcmFtZSUzRQ==[\/vc_raw_html][\/vc_column][vc_column width=\u00bb1\/4&#8243;][\/vc_column][\/vc_row][vc_column][\/vc_column]<\/p>\n<\/div>","protected":false},"excerpt":{"rendered":"<p>[vc_row][vc_column][vc_custom_heading text=\u00bbNaxos Rent a Car in Agia Anna\u00bb font_container=\u00bbtag:h1|font_size:36|text_align:center|color:%2300aeef\u00bb use_theme_fonts=\u00bbyes\u00bb][vc_separator border_width=\u00bb2&#8243;][vc_column_text]Naction Rent a Car, arraigada en la genuina hospitalidad naxiana &#8230; <\/p>\n","protected":false},"author":2,"featured_media":0,"parent":0,"menu_order":0,"comment_status":"closed","ping_status":"closed","template":"","meta":{"footnotes":""},"class_list":["post-3900","page","type-page","status-publish","hentry"],"yoast_head":"<!-- This site is optimized with the Yoast SEO plugin v25.7 - https:\/\/yoast.com\/wordpress\/plugins\/seo\/ -->\n<title>Agia Anna - Naxos Rent a Car | Naction<\/title>\n<meta name=\"description\" content=\"Nactionrentacar is here to serve you on your vacation, even if you are looking for a car in Agia Anna, Naxos.\" \/>\n<meta name=\"robots\" content=\"index, follow, max-snippet:-1, max-image-preview:large, max-video-preview:-1\" \/>\n<link rel=\"canonical\" href=\"https:\/\/nactionrentacar.com\/es\/agia-anna\/\" \/>\n<meta property=\"og:locale\" content=\"es_ES\" \/>\n<meta property=\"og:type\" content=\"article\" \/>\n<meta property=\"og:title\" content=\"Agia Anna - Naxos Rent a Car | Naction\" \/>\n<meta property=\"og:description\" content=\"Nactionrentacar is here to serve you on your vacation, even if you are looking for a car in Agia Anna, Naxos.\" \/>\n<meta property=\"og:url\" content=\"https:\/\/nactionrentacar.com\/es\/agia-anna\/\" \/>\n<meta property=\"og:site_name\" content=\"Rent a Car Naxos\" \/>\n<meta property=\"article:publisher\" content=\"https:\/\/www.facebook.com\/pg\/sitia-airport-and-heraklion-airport-rent-a-carLGSTJSH-crete-rent-a-car-130348640373331\/about\/?tab=page_info\" \/>\n<meta property=\"article:modified_time\" content=\"2025-01-14T11:38:43+00:00\" \/>\n<meta name=\"twitter:card\" content=\"summary_large_image\" \/>\n<meta name=\"twitter:label1\" content=\"Tiempo de lectura\" \/>\n\t<meta name=\"twitter:data1\" content=\"1 minuto\" \/>\n<script type=\"application\/ld+json\" class=\"yoast-schema-graph\">{\"@context\":\"https:\/\/schema.org\",\"@graph\":[{\"@type\":\"WebPage\",\"@id\":\"https:\/\/nactionrentacar.com\/es\/agia-anna\/\",\"url\":\"https:\/\/nactionrentacar.com\/es\/agia-anna\/\",\"name\":\"Agia Anna - Naxos Rent a Car | Naction\",\"isPartOf\":{\"@id\":\"https:\/\/nactionrentacar.com\/es\/#website\"},\"datePublished\":\"2024-01-22T16:02:15+00:00\",\"dateModified\":\"2025-01-14T11:38:43+00:00\",\"description\":\"Nactionrentacar is here to serve you on your vacation, even if you are looking for a car in Agia Anna, Naxos.\",\"breadcrumb\":{\"@id\":\"https:\/\/nactionrentacar.com\/es\/agia-anna\/#breadcrumb\"},\"inLanguage\":\"es\",\"potentialAction\":[{\"@type\":\"ReadAction\",\"target\":[\"https:\/\/nactionrentacar.com\/es\/agia-anna\/\"]}]},{\"@type\":\"BreadcrumbList\",\"@id\":\"https:\/\/nactionrentacar.com\/es\/agia-anna\/#breadcrumb\",\"itemListElement\":[{\"@type\":\"ListItem\",\"position\":1,\"name\":\"Home\",\"item\":\"https:\/\/nactionrentacar.com\/es\/\"},{\"@type\":\"ListItem\",\"position\":2,\"name\":\"Naxos Rent a Car in Agia Anna\"}]},{\"@type\":\"WebSite\",\"@id\":\"https:\/\/nactionrentacar.com\/es\/#website\",\"url\":\"https:\/\/nactionrentacar.com\/es\/\",\"name\":\"Rent a Car Naxos\",\"description\":\"Naction Rent a Car in Naxos\",\"potentialAction\":[{\"@type\":\"SearchAction\",\"target\":{\"@type\":\"EntryPoint\",\"urlTemplate\":\"https:\/\/nactionrentacar.com\/es\/?s={search_term_string}\"},\"query-input\":{\"@type\":\"PropertyValueSpecification\",\"valueRequired\":true,\"valueName\":\"search_term_string\"}}],\"inLanguage\":\"es\"}]}<\/script>\n<!-- \/ Yoast SEO plugin. -->","yoast_head_json":{"title":"Agia Anna - Naxos Rent a Car | Naction","description":"Nactionrentacar is here to serve you on your vacation, even if you are looking for a car in Agia Anna, Naxos.","robots":{"index":"index","follow":"follow","max-snippet":"max-snippet:-1","max-image-preview":"max-image-preview:large","max-video-preview":"max-video-preview:-1"},"canonical":"https:\/\/nactionrentacar.com\/es\/agia-anna\/","og_locale":"es_ES","og_type":"article","og_title":"Agia Anna - Naxos Rent a Car | Naction","og_description":"Nactionrentacar is here to serve you on your vacation, even if you are looking for a car in Agia Anna, Naxos.","og_url":"https:\/\/nactionrentacar.com\/es\/agia-anna\/","og_site_name":"Rent a Car Naxos","article_publisher":"https:\/\/www.facebook.com\/pg\/sitia-airport-and-heraklion-airport-rent-a-carLGSTJSH-crete-rent-a-car-130348640373331\/about\/?tab=page_info","article_modified_time":"2025-01-14T11:38:43+00:00","twitter_card":"summary_large_image","twitter_misc":{"Tiempo de lectura":"1 minuto"},"schema":{"@context":"https:\/\/schema.org","@graph":[{"@type":"WebPage","@id":"https:\/\/nactionrentacar.com\/es\/agia-anna\/","url":"https:\/\/nactionrentacar.com\/es\/agia-anna\/","name":"Agia Anna - Naxos Rent a Car | Naction","isPartOf":{"@id":"https:\/\/nactionrentacar.com\/es\/#website"},"datePublished":"2024-01-22T16:02:15+00:00","dateModified":"2025-01-14T11:38:43+00:00","description":"Nactionrentacar is here to serve you on your vacation, even if you are looking for a car in Agia Anna, Naxos.","breadcrumb":{"@id":"https:\/\/nactionrentacar.com\/es\/agia-anna\/#breadcrumb"},"inLanguage":"es","potentialAction":[{"@type":"ReadAction","target":["https:\/\/nactionrentacar.com\/es\/agia-anna\/"]}]},{"@type":"BreadcrumbList","@id":"https:\/\/nactionrentacar.com\/es\/agia-anna\/#breadcrumb","itemListElement":[{"@type":"ListItem","position":1,"name":"Home","item":"https:\/\/nactionrentacar.com\/es\/"},{"@type":"ListItem","position":2,"name":"Naxos Rent a Car in Agia Anna"}]},{"@type":"WebSite","@id":"https:\/\/nactionrentacar.com\/es\/#website","url":"https:\/\/nactionrentacar.com\/es\/","name":"Rent a Car Naxos","description":"Naction Rent a Car in Naxos","potentialAction":[{"@type":"SearchAction","target":{"@type":"EntryPoint","urlTemplate":"https:\/\/nactionrentacar.com\/es\/?s={search_term_string}"},"query-input":{"@type":"PropertyValueSpecification","valueRequired":true,"valueName":"search_term_string"}}],"inLanguage":"es"}]}},"_links":{"self":[{"href":"https:\/\/nactionrentacar.com\/es\/wp-json\/wp\/v2\/pages\/3900","targetHints":{"allow":["GET"]}}],"collection":[{"href":"https:\/\/nactionrentacar.com\/es\/wp-json\/wp\/v2\/pages"}],"about":[{"href":"https:\/\/nactionrentacar.com\/es\/wp-json\/wp\/v2\/types\/page"}],"author":[{"embeddable":true,"href":"https:\/\/nactionrentacar.com\/es\/wp-json\/wp\/v2\/users\/2"}],"replies":[{"embeddable":true,"href":"https:\/\/nactionrentacar.com\/es\/wp-json\/wp\/v2\/comments?post=3900"}],"version-history":[{"count":6,"href":"https:\/\/nactionrentacar.com\/es\/wp-json\/wp\/v2\/pages\/3900\/revisions"}],"predecessor-version":[{"id":4546,"href":"https:\/\/nactionrentacar.com\/es\/wp-json\/wp\/v2\/pages\/3900\/revisions\/4546"}],"wp:attachment":[{"href":"https:\/\/nactionrentacar.com\/es\/wp-json\/wp\/v2\/media?parent=3900"}],"curies":[{"name":"wp","href":"https:\/\/api.w.org\/{rel}","templated":true}]}}