{"id":3827,"date":"2024-01-21T23:42:31","date_gmt":"2024-01-21T21:42:31","guid":{"rendered":"https:\/\/nactionrentacar.com\/?page_id=3827"},"modified":"2025-01-14T13:56:12","modified_gmt":"2025-01-14T11:56:12","slug":"airport","status":"publish","type":"page","link":"https:\/\/nactionrentacar.com\/es\/airport\/","title":{"rendered":"Airport &#8211; Naxos Rent a Car"},"content":{"rendered":"<div class=\"wpb-content-wrapper\"><p>[vc_row][vc_column]<div class=\"cz_gap clr \" style=\"height: 100px\"><\/div>[vc_custom_heading text=\u00bbAirport &#8211; Naxos Rent a Car\u00bb font_container=\u00bbtag:h1|font_size:36|text_align:center|color:%2300aeef\u00bb use_theme_fonts=\u00bbyes\u00bb]<div class=\"cz_gap clr \" style=\"height: 50px\"><\/div>[vc_column_text]Naction Rent a car Naxos es una empresa de alquiler de coches fiable y con bastante experiencia en el sector del renting y del turismo. El respeto y la responsabilidad hacia cada visitante de la isla de Naxos le dan al equipo de Naction Rental Car la motivaci\u00f3n para brindar un servicio integral de alquiler de autom\u00f3viles. Nuestro equipo ofrece varias visitas guiadas para dar a los visitantes sugerencias sobre las bellezas de Naxos.<br \/>\nNuestra cooperaci\u00f3n con varios centros tur\u00edsticos en Naxos da credibilidad a la agencia Rent a Car Naxos y beneficios reconocidos para nuestro negocio. Inicialmente la elecci\u00f3n de excelentes modelos de autom\u00f3viles nuevos, con altos est\u00e1ndares para recorridos m\u00e1s seguros y c\u00f3modos, por supuesto con un apoyo siempre personalizado a cada cliente.<br \/>\nEntregamos su veh\u00edculo en cualquier lugar de la isla y ofrecemos una gran variedad de autos. \u00a1Estamos orgullosos de ofrecer las mejores ofertas sin cargos ocultos!<br \/>\n\u00bfElegiste llegar a Naxos en avi\u00f3n? \u00a1Perfecto! Es la mejor opci\u00f3n para un viaje r\u00e1pido y placentero.<br \/>\nY nosotros en Naction Rent a Car, Naxos te lo ponemos a\u00fan m\u00e1s f\u00e1cil en tu elecci\u00f3n de alquilar un coche directamente desde el aeropuerto ahorrando tiempo y dinero.<br \/>\n\u00a1Alquilar un coche desde el aeropuerto ahora es pan comido!<br \/>\nNuestra empresa te permite elegir el veh\u00edculo que deseas, en el horario que desees y en el lugar al que llegar\u00e1s.<br \/>\nNo tienes que hacer nada m\u00e1s que elegir el Aeropuerto como lugar de entrega e informarnos de tu n\u00famero de vuelo y horario de vuelo.<br \/>\nA tu llegada, te recibir\u00e1s en el aeropuerto con nuestro colaborador para entregarte el veh\u00edculo, darte consejos \u00fatiles y partir directamente hacia tu destino.<br \/>\n\u00a1Tus vacaciones ya han comenzado en la hermosa Naxos! \u00a1Bienvenido!<\/p>\n<h2>Informaci\u00f3n general sobre el aeropuerto de Naxos<\/h2>\n<p>El aeropuerto de Naxos, llamado \u00abApollon\u00bb, se encuentra en un lugar maravilloso.<br \/>\nEst\u00e1 cerca de Chora de Naxos (ciudad), a s\u00f3lo 3 kil\u00f3metros de distancia, y cerca de zonas tur\u00edsticas.<br \/>\nActualmente s\u00f3lo acepta vuelos dom\u00e9sticos.<br \/>\nSin embargo, seg\u00fan informaci\u00f3n fiable, se han iniciado procedimientos para mejorar el aeropuerto de modo que pueda recibir vuelos internacionales directos.<br \/>\nEl acceso al aeropuerto de Naxos es f\u00e1cil, siempre que tengas alg\u00fan medio de transporte que te lleve hasta all\u00ed.<br \/>\nEl aeropuerto de Naxos funciona a la perfecci\u00f3n y cuenta con toda la infraestructura adecuada para la llegada y salida segura de aviones, as\u00ed como de pasajeros.<br \/>\nDentro del aeropuerto encontrar\u00e1s una peque\u00f1a cantina para poder servirte un peque\u00f1o snack o caf\u00e9 y refrescos.<br \/>\nFinalmente, fuera de la zona, encontrar\u00e1s taxis disponibles o coches de alquiler (previa petici\u00f3n).<\/p>\n<h2>Procedimiento de alquiler de la naci\u00f3n<\/h2>\n<p>En Naction Rent a Car, Naxos encontrar\u00e1s el veh\u00edculo que satisfar\u00e1 tus necesidades. En nuestra flota contamos con varias categor\u00edas de veh\u00edculos reconocibles y fiables.<br \/>\nNos complace ofrecerle varias categor\u00edas de veh\u00edculos, como peque\u00f1os y econ\u00f3micos, descapotables, familiares y SUV.<br \/>\nCon opciones adicionales en veh\u00edculos manuales o autom\u00e1ticos, para la mayor comodidad de nuestros clientes.<br \/>\nEl proceso de reserva es muy sencillo y s\u00f3lo lleva 4 minutos.<br \/>\nVisita nuestra web y selecciona en el calendario las fechas (entrega &#8211; devoluci\u00f3n), horarios, ubicaci\u00f3n y tu edad e inmediatamente te mostrar\u00e1 los veh\u00edculos disponibles para alquilar con el precio total del alquiler.<br \/>\nEn el siguiente paso podr\u00e1s elegir si necesitas sillas para ni\u00f1os peque\u00f1os, que se proporcionan de forma gratuita, y elegir si necesitar\u00e1s alg\u00fan seguro para el veh\u00edculo que vas a alquilar, para despu\u00e9s rellenar tus datos.<br \/>\nLa etapa final es la etapa de pago. Para la confirmaci\u00f3n de la reserva se requiere el 30% del importe total.<br \/>\nAll\u00ed eliges el m\u00e9todo de pago.<br \/>\nPuedes elegir entre pagar con:<\/p>\n<ul>\n<li>Tarjeta de cr\u00e9dito<\/li>\n<li>Transferencia bancaria<\/li>\n<li>PayPal<\/li>\n<\/ul>\n<p>Tu reserva est\u00e1 lista. A partir de ese momento, nos comprometemos a informarle sobre su reserva. Alternativamente, puede contactarnos por correo electr\u00f3nico, por tel\u00e9fono o v\u00eda WhatsApp.<br \/>\nUno de nuestros representantes responder\u00e1 a tus preguntas lo antes posible y te brindar\u00e1 opciones de alquiler para facilitar tu viaje.<br \/>\nAs\u00ed que ya s\u00f3lo queda llegar a nuestra isla, donde alguien de nuestro equipo te estar\u00e1 esperando en el lugar que hayas elegido y a la hora que hayas elegido, para mostrarte el coche, completar tu contrato y aclarar cualquier duda que tengas. pueda tener o informaci\u00f3n sobre nuestra isla.<br \/>\nAl momento de la contrataci\u00f3n, el arrendatario deber\u00e1 tener consigo una licencia de conducir v\u00e1lida y una tarjeta de cr\u00e9dito v\u00e1lida para la seguridad del veh\u00edculo.<br \/>\nCabe destacar que ofrecemos la opci\u00f3n de un conductor adicional sin costo extra. Lo \u00fanico importante es tener consigo un permiso de conducir v\u00e1lido. El arrendatario debe tener licencia de conducir con al menos 2 a\u00f1os de antig\u00fcedad y debe estar escrita en caracteres latinos.[\/vc_column_text][\/vc_column][\/vc_row][vc_row][vc_column]<div class=\"cz_gap clr \" style=\"height: 50px\"><\/div>[vc_custom_heading text=\u00bbFrecuentemente Pregunt\u00f3 Preguntas (preguntas frecuentes)\u00bb font_container=\u00bbtag:h2|text_align:center|color:%23000000&#8243; use_theme_fonts=\u00bbyes\u00bb]<div class=\"cz_gap clr \" style=\"height: 50px\"><\/div>[vc_toggle title=\u00bb\u00bfCu\u00e1les son los requisitos para alquilar un coche en el aeropuerto de Naxos?\u00bb custom_font_container=\u00bbtag:h3|text_align:left|color:%2300aeef\u00bb custom_use_theme_fonts=\u00bbyes\u00bb use_custom_heading=\u00bbtrue\u00bb]Es muy f\u00e1cil alquilar un coche en el aeropuerto de Naxos, siempre que hayas seleccionado correctamente el \u00abAeropuerto\u00bb en el punto de recogida.<br \/>\nEn este caso, deber\u00e1s rellenar el formulario con tus datos, hora de llegada y n\u00famero de vuelo. Estos dos son los m\u00e1s importantes para que podamos entregarte el coche a tiempo, sin retrasos.<br \/>\nY as\u00ed, cuando bajes del avi\u00f3n, nuestro representante te estar\u00e1 esperando con el veh\u00edculo que hayas elegido para acompa\u00f1arte en este viaje de vacaciones.<\/p>\n<p>Por supuesto, tambi\u00e9n hay casos en los que no han hecho reserva.<br \/>\nAl llegar al aeropuerto piensan en alquilar un veh\u00edculo.<br \/>\n\u00a1Ning\u00fan problema! Puedes llamarnos o enviarnos un mensaje v\u00eda WhatsApp e inmediatamente te informaremos sobre los veh\u00edculos disponibles.<br \/>\nSi hay disponibilidad, en poco tiempo tendr\u00e1s el coche de tu elecci\u00f3n directamente en el aeropuerto, sin tener que hacer nada m\u00e1s.[\/vc_toggle][vc_toggle title=\u00bb\u00bfC\u00f3mo puedo pagar el alquiler de mi coche en el aeropuerto de Naxos?\u00bb custom_font_container=\u00bbtag:h3|text_align:left|color:%2300aeef\u00bb custom_use_theme_fonts=\u00bbyes\u00bb use_custom_heading=\u00bbtrue\u00bb]Una vez que hayas llegado a Naxos y te demos la bienvenida, nuestro representante te mostrar\u00e1 el veh\u00edculo y completar\u00e1 tu contrato de reserva.<br \/>\nLuego tendr\u00e1s la opci\u00f3n de elegir la forma de pago entre efectivo o tarjeta, dependiendo de las preferencias de cada cliente.[\/vc_toggle][vc_toggle title=\u00bb\u00bfQu\u00e9 documentos debo llevar conmigo para alquilar un coche en el aeropuerto de Naxos?\u00bb custom_font_container=\u00bbtag:h3|text_align:left|color:%2300aeef\u00bb custom_use_theme_fonts=\u00bbyes\u00bb use_custom_heading=\u00bbtrue\u00bb]Es importante que el arrendatario tenga consigo una licencia de conducir v\u00e1lida y en los casos en que sea necesario tener una licencia de conducir<br \/>\ninternacional . Si se ha seleccionado un segundo conductor para la reserva, tambi\u00e9n se necesitar\u00e1 la licencia de conducir v\u00e1lida del conductor adicional.<\/p>\n<p>Finalmente, el arrendatario deber\u00e1 llevar consigo una tarjeta de cr\u00e9dito v\u00e1lida para la seguridad del veh\u00edculo que ha alquilado. Si no dispone de una tarjeta de cr\u00e9dito v\u00e1lida, deber\u00e1 comunicarlo lo antes posible a la empresa de alquiler con la que se ha reservado el coche, para que le informen de las opciones pertinentes.[\/vc_toggle][\/vc_column][\/vc_row][vc_row][vc_column width=\u00bb1\/4&#8243;][\/vc_column][vc_column width=\u00bb1\/2&#8243;]<div class=\"cz_gap clr \" style=\"height: 50px\"><\/div>[vc_custom_heading text=\u00bbSearch for vehicle\u00bb font_container=\u00bbtag:p|font_size:24|text_align:left|color:%23000000&#8243; use_theme_fonts=\u00bbyes\u00bb][vc_raw_html css=\u00bb\u00bb]JTNDaWZyYW1lJTIwc3JjJTNEJTIyaHR0cHMlM0ElMkYlMkZuYWN0aW9ucmVudGFjYXIuY29tJTJGZm9ybS1haXJwb3J0LnBocCUyRiUyMiUyMG5hbWUlM0QlMjJjYXJmcmFtZSUyMiUyMGlkJTNEJTIyY2FyZnJhbWUlMjIlMjBmcmFtZWJvcmRlciUzRCUyMjAlMjIlMjBib3JkZXIlM0QlMjIwJTIyJTIwY2VsbHNwYWNpbmclM0QlMjIwJTIyJTIwc3R5bGUlM0QlMjJib3JkZXItc3R5bGUlM0ElMjBub25lJTNCd2lkdGglM0ElMjAxMTAlMjUlM0IlMjBoZWlnaHQlM0ElMjA1NTBweCUzQiUyMiUzRSUzQyUyRmlmcmFtZSUzRQ==[\/vc_raw_html][\/vc_column][vc_column width=\u00bb1\/4&#8243;][\/vc_column][\/vc_row]<\/p>\n<\/div>","protected":false},"excerpt":{"rendered":"<p>[vc_row][vc_column][vc_custom_heading text=\u00bbAirport &#8211; Naxos Rent a Car\u00bb font_container=\u00bbtag:h1|font_size:36|text_align:center|color:%2300aeef\u00bb use_theme_fonts=\u00bbyes\u00bb][vc_column_text]Naction Rent a car Naxos es una empresa de alquiler de coches &#8230; <\/p>\n","protected":false},"author":2,"featured_media":0,"parent":0,"menu_order":0,"comment_status":"closed","ping_status":"closed","template":"","meta":{"footnotes":""},"class_list":["post-3827","page","type-page","status-publish","hentry"],"yoast_head":"<!-- This site is optimized with the Yoast SEO plugin v25.7 - https:\/\/yoast.com\/wordpress\/plugins\/seo\/ -->\n<title>Airport - Naxos Rent a Car | Naction<\/title>\n<meta name=\"description\" content=\"Choose us and we will serve you for your transfer to the airport of Naxos. Rent a car with pick-up and drop-off location the airport of Naxos.\" \/>\n<meta name=\"robots\" content=\"index, follow, max-snippet:-1, max-image-preview:large, max-video-preview:-1\" \/>\n<link rel=\"canonical\" href=\"https:\/\/nactionrentacar.com\/es\/airport\/\" \/>\n<meta property=\"og:locale\" content=\"es_ES\" \/>\n<meta property=\"og:type\" content=\"article\" \/>\n<meta property=\"og:title\" content=\"Airport - Naxos Rent a Car | Naction\" \/>\n<meta property=\"og:description\" content=\"Choose us and we will serve you for your transfer to the airport of Naxos. Rent a car with pick-up and drop-off location the airport of Naxos.\" \/>\n<meta property=\"og:url\" content=\"https:\/\/nactionrentacar.com\/es\/airport\/\" \/>\n<meta property=\"og:site_name\" content=\"Rent a Car Naxos\" \/>\n<meta property=\"article:publisher\" content=\"https:\/\/www.facebook.com\/pg\/sitia-airport-and-heraklion-airport-rent-a-carLGSTJSH-crete-rent-a-car-130348640373331\/about\/?tab=page_info\" \/>\n<meta property=\"article:modified_time\" content=\"2025-01-14T11:56:12+00:00\" \/>\n<meta name=\"twitter:card\" content=\"summary_large_image\" \/>\n<meta name=\"twitter:label1\" content=\"Tiempo de lectura\" \/>\n\t<meta name=\"twitter:data1\" content=\"5 minutos\" \/>\n<script type=\"application\/ld+json\" class=\"yoast-schema-graph\">{\"@context\":\"https:\/\/schema.org\",\"@graph\":[{\"@type\":\"WebPage\",\"@id\":\"https:\/\/nactionrentacar.com\/es\/airport\/\",\"url\":\"https:\/\/nactionrentacar.com\/es\/airport\/\",\"name\":\"Airport - Naxos Rent a Car | Naction\",\"isPartOf\":{\"@id\":\"https:\/\/nactionrentacar.com\/es\/#website\"},\"datePublished\":\"2024-01-21T21:42:31+00:00\",\"dateModified\":\"2025-01-14T11:56:12+00:00\",\"description\":\"Choose us and we will serve you for your transfer to the airport of Naxos. Rent a car with pick-up and drop-off location the airport of Naxos.\",\"breadcrumb\":{\"@id\":\"https:\/\/nactionrentacar.com\/es\/airport\/#breadcrumb\"},\"inLanguage\":\"es\",\"potentialAction\":[{\"@type\":\"ReadAction\",\"target\":[\"https:\/\/nactionrentacar.com\/es\/airport\/\"]}]},{\"@type\":\"BreadcrumbList\",\"@id\":\"https:\/\/nactionrentacar.com\/es\/airport\/#breadcrumb\",\"itemListElement\":[{\"@type\":\"ListItem\",\"position\":1,\"name\":\"Home\",\"item\":\"https:\/\/nactionrentacar.com\/es\/\"},{\"@type\":\"ListItem\",\"position\":2,\"name\":\"Airport &#8211; Naxos Rent a Car\"}]},{\"@type\":\"WebSite\",\"@id\":\"https:\/\/nactionrentacar.com\/es\/#website\",\"url\":\"https:\/\/nactionrentacar.com\/es\/\",\"name\":\"Rent a Car Naxos\",\"description\":\"Naction Rent a Car in Naxos\",\"potentialAction\":[{\"@type\":\"SearchAction\",\"target\":{\"@type\":\"EntryPoint\",\"urlTemplate\":\"https:\/\/nactionrentacar.com\/es\/?s={search_term_string}\"},\"query-input\":{\"@type\":\"PropertyValueSpecification\",\"valueRequired\":true,\"valueName\":\"search_term_string\"}}],\"inLanguage\":\"es\"}]}<\/script>\n<!-- \/ Yoast SEO plugin. -->","yoast_head_json":{"title":"Airport - Naxos Rent a Car | Naction","description":"Choose us and we will serve you for your transfer to the airport of Naxos. Rent a car with pick-up and drop-off location the airport of Naxos.","robots":{"index":"index","follow":"follow","max-snippet":"max-snippet:-1","max-image-preview":"max-image-preview:large","max-video-preview":"max-video-preview:-1"},"canonical":"https:\/\/nactionrentacar.com\/es\/airport\/","og_locale":"es_ES","og_type":"article","og_title":"Airport - Naxos Rent a Car | Naction","og_description":"Choose us and we will serve you for your transfer to the airport of Naxos. Rent a car with pick-up and drop-off location the airport of Naxos.","og_url":"https:\/\/nactionrentacar.com\/es\/airport\/","og_site_name":"Rent a Car Naxos","article_publisher":"https:\/\/www.facebook.com\/pg\/sitia-airport-and-heraklion-airport-rent-a-carLGSTJSH-crete-rent-a-car-130348640373331\/about\/?tab=page_info","article_modified_time":"2025-01-14T11:56:12+00:00","twitter_card":"summary_large_image","twitter_misc":{"Tiempo de lectura":"5 minutos"},"schema":{"@context":"https:\/\/schema.org","@graph":[{"@type":"WebPage","@id":"https:\/\/nactionrentacar.com\/es\/airport\/","url":"https:\/\/nactionrentacar.com\/es\/airport\/","name":"Airport - Naxos Rent a Car | Naction","isPartOf":{"@id":"https:\/\/nactionrentacar.com\/es\/#website"},"datePublished":"2024-01-21T21:42:31+00:00","dateModified":"2025-01-14T11:56:12+00:00","description":"Choose us and we will serve you for your transfer to the airport of Naxos. Rent a car with pick-up and drop-off location the airport of Naxos.","breadcrumb":{"@id":"https:\/\/nactionrentacar.com\/es\/airport\/#breadcrumb"},"inLanguage":"es","potentialAction":[{"@type":"ReadAction","target":["https:\/\/nactionrentacar.com\/es\/airport\/"]}]},{"@type":"BreadcrumbList","@id":"https:\/\/nactionrentacar.com\/es\/airport\/#breadcrumb","itemListElement":[{"@type":"ListItem","position":1,"name":"Home","item":"https:\/\/nactionrentacar.com\/es\/"},{"@type":"ListItem","position":2,"name":"Airport &#8211; Naxos Rent a Car"}]},{"@type":"WebSite","@id":"https:\/\/nactionrentacar.com\/es\/#website","url":"https:\/\/nactionrentacar.com\/es\/","name":"Rent a Car Naxos","description":"Naction Rent a Car in Naxos","potentialAction":[{"@type":"SearchAction","target":{"@type":"EntryPoint","urlTemplate":"https:\/\/nactionrentacar.com\/es\/?s={search_term_string}"},"query-input":{"@type":"PropertyValueSpecification","valueRequired":true,"valueName":"search_term_string"}}],"inLanguage":"es"}]}},"_links":{"self":[{"href":"https:\/\/nactionrentacar.com\/es\/wp-json\/wp\/v2\/pages\/3827","targetHints":{"allow":["GET"]}}],"collection":[{"href":"https:\/\/nactionrentacar.com\/es\/wp-json\/wp\/v2\/pages"}],"about":[{"href":"https:\/\/nactionrentacar.com\/es\/wp-json\/wp\/v2\/types\/page"}],"author":[{"embeddable":true,"href":"https:\/\/nactionrentacar.com\/es\/wp-json\/wp\/v2\/users\/2"}],"replies":[{"embeddable":true,"href":"https:\/\/nactionrentacar.com\/es\/wp-json\/wp\/v2\/comments?post=3827"}],"version-history":[{"count":7,"href":"https:\/\/nactionrentacar.com\/es\/wp-json\/wp\/v2\/pages\/3827\/revisions"}],"predecessor-version":[{"id":4567,"href":"https:\/\/nactionrentacar.com\/es\/wp-json\/wp\/v2\/pages\/3827\/revisions\/4567"}],"wp:attachment":[{"href":"https:\/\/nactionrentacar.com\/es\/wp-json\/wp\/v2\/media?parent=3827"}],"curies":[{"name":"wp","href":"https:\/\/api.w.org\/{rel}","templated":true}]}}