{"id":2807,"date":"2018-05-29T11:11:20","date_gmt":"2018-05-29T09:11:20","guid":{"rendered":"https:\/\/nactionrentacar.com\/about-us\/"},"modified":"2023-11-17T16:54:39","modified_gmt":"2023-11-17T14:54:39","slug":"about-us","status":"publish","type":"page","link":"https:\/\/nactionrentacar.com\/es\/about-us\/","title":{"rendered":"Sobre Nosotros"},"content":{"rendered":"<div class=\"wpb-content-wrapper\"><p>[vc_row][vc_column offset=\u00bbvc_col-md-6&#8243;]<div id=\"cz_91242\" class=\"cz_91242 cz_title clr cz_title_pos_inline\"><div class=\"cz_title_content\"><div class=\"cz_wpe_content\"><p><span style=\"font-size: 18px; color: #aaaaaa;\">Perfil de la empresa<\/span><\/p>\n<h1><span style=\"font-size: 36px;\">NACTION\u00a0<span style=\"color: #0274bb;\">CAR RENTAL<\/span><\/span><\/h1>\n<\/div><\/div><\/div><div class=\"cz_gap clr \" style=\"height: 30px\"><\/div><div id=\"cz_106772\" class=\"cz_106772 cz_title clr cz_title_pos_inline\"><div class=\"cz_title_content\"><div class=\"cz_wpe_content\"><p>Naction\u00a0Rent a car Naxos\u00a0es una empresa de alquiler de coches nueva, pero con bastante experiencia en la parte del renting y el sector tur\u00edstico.\u00a0Con respeto y responsabilidad hacia cada visitante de la isla de Naxos, le brinda al equipo de alquiler de autos Naction la motivaci\u00f3n para brindar un servicio integral de alquiler de autos.\u00a0Nuestro equipo ofrece varias visitas guiadas para dar a los visitantes sugerencias sobre las bellezas de Naxos.<\/p>\n<p>Nuestra cooperaci\u00f3n con varios centros tur\u00edsticos de Naxos le da a la agencia\u00a0Rent a Car Naxos\u00a0credibilidad y beneficios reconocidos para nuestro negocio.\u00a0Inicialmente, la elecci\u00f3n de excelentes modelos de autom\u00f3viles nuevos, con altos est\u00e1ndares para un viaje m\u00e1s seguro y c\u00f3modo, por supuesto, siempre con un apoyo personalizado a cada cliente.<\/p>\n<\/div><\/div><\/div><div class=\"cz_gap clr \" style=\"height: 30px\"><\/div>[\/vc_column][vc_column offset=\u00bbvc_col-md-6&#8243;]<div class=\"cz_gap clr  hide_on_tablet hide_on_mobile\" style=\"height: 60px\"><\/div><div class=\"cz_gap show_on_tablet clr  show_only_tablet\" style=\"height: 20px\"><\/div><div class=\"cz_gap show_on_mobile clr\" style=\"height: 200\\\"><\/div>[vc_single_image image=\u00bb2391&#8243; img_size=\u00bbfull\u00bb][\/vc_column][\/vc_row][vc_row][vc_column]<div class=\"cz_gap clr \" style=\"height: 100px\"><\/div>[\/vc_column][\/vc_row][vc_row][vc_column offset=\u00bbvc_col-md-6&#8243;][vc_empty_space height=\u00bb65px\u00bb][vc_row_inner][vc_column_inner width=\u00bb1\/2&#8243;][vc_column_text]<\/p>\n<h4 style=\"text-align: center;\"><b>Entrega a tu casa<\/b><\/h4>\n<p>[\/vc_column_text][vc_single_image image=\u00bb1800&#8243; img_size=\u00bbfull\u00bb][\/vc_column_inner][vc_column_inner width=\u00bb1\/2&#8243;][vc_column_text]<\/p>\n<h4 style=\"text-align: center;\"><b>Entrega al aeropuerto<\/b><\/h4>\n<p>[\/vc_column_text][vc_single_image image=\u00bb1796&#8243; img_size=\u00bbfull\u00bb][\/vc_column_inner][\/vc_row_inner][vc_row_inner][vc_column_inner][vc_column_text]<\/p>\n<h4 style=\"text-align: center;\"><strong><b>Entrega al puerto<\/b><\/strong><\/h4>\n<p>[\/vc_column_text][\/vc_column_inner][\/vc_row_inner][\/vc_column][vc_column offset=\u00bbvc_col-md-6&#8243;]<div id=\"cz_58453\" class=\"cz_58453 cz_title clr cz_title_pos_inline\"><div class=\"cz_title_content\"><div class=\"cz_wpe_content\"><p><span style=\"font-size: 18px; color: #aaaaaa;\">Confiar en la naci\u00f3n <\/span><\/p>\n<h2><span style=\"font-size: 36px;\"><b>Y SENTIRSE<\/b> <span style=\"color: #0274bb;\"><b>SEGURO<\/b><\/span><\/span><\/h2>\n<\/div><\/div><\/div><div class=\"cz_gap clr \" style=\"height: 30px\"><\/div><div id=\"cz_20001\" class=\"cz_20001\"><div class=\"cz_history_1\"><div><div id=\"cz_76724\" class=\"cz_76724 cz_title clr cz_title_pos_inline\"><div class=\"cz_title_content\"><div class=\"cz_wpe_content\"><h3><span style=\"font-size: 20px;\"><b>Entrega y recogida<\/b><\/span><\/h3>\n<\/div><\/div><\/div>[vc_column_text]Entregamos su veh\u00edculo en cualquier lugar de la isla y ofrecemos una gran variedad de autos.\u00a0\u00a1Estamos orgullosos de ofrecer las mejores ofertas sin cargos ocultos![\/vc_column_text]<div class=\"cz_gap clr \" style=\"height: 50px\"><\/div><\/div><\/div><\/div><div id=\"cz_92775\" class=\"cz_92775\"><div class=\"cz_history_1\"><div><div id=\"cz_53874\" class=\"cz_53874 cz_title clr cz_title_pos_inline\"><div class=\"cz_title_content\"><div class=\"cz_wpe_content\"><h3><b>Precios especiales en alquiler de coches.<\/b><\/h3>\n<\/div><\/div><\/div>[vc_column_text]\u00a1La agencia Naction Rent a car ofrece los precios m\u00e1s competitivos durante todo el a\u00f1o pensando en tu seguridad![\/vc_column_text]<div class=\"cz_gap clr \" style=\"height: 50px\"><\/div><\/div><\/div><\/div><div id=\"cz_40433\" class=\"cz_40433\"><div class=\"cz_history_1\"><div><div id=\"cz_90685\" class=\"cz_90685 cz_title clr cz_title_pos_inline\"><div class=\"cz_title_content\"><div class=\"cz_wpe_content\"><h3><span style=\"font-size: 20px;\"><b>Sistema de reserva f\u00e1cil<\/b><\/span><\/h3>\n<\/div><\/div><\/div>[vc_column_text]<span style=\"color: #666666; font-size: 18px;\">Podr\u00e1s reservar tu veh\u00edculo online muy f\u00e1cilmente a trav\u00e9s de nuestro sistema de reservas en menos de un minuto.<\/span>[\/vc_column_text]<\/div><\/div><\/div>[\/vc_column][\/vc_row][vc_row][vc_column]<div class=\"cz_gap clr \" style=\"height: 50px\"><\/div>[\/vc_column][\/vc_row][vc_row css=\u00bb.vc_custom_1497126171788{background-position: center !important;background-repeat: no-repeat !important;background-size: cover !important;}\u00bb][vc_column width=\u00bb2\/3&#8243; offset=\u00bbvc_col-lg-8&#8243; css=\u00bb.vc_custom_1516136899580{padding-right: 20px !important;}\u00bb][vc_empty_space height=\u00bb52px\u00bb]<div id=\"cz_26231\" class=\"cz_26231 cz_title clr cz_title_pos_inline\"><div class=\"cz_title_content\"><div class=\"cz_wpe_content\"><p><span style=\"font-size: 18px; color: #aaaaaa;\">Si\u00e9ntete libre de contactarnos<\/span><\/p>\n<h3><span style=\"font-size: 38px;\"><b>\u00bf Tiene alguna<\/b> <span style=\"color: #0274bb;\"><b>pregunta<\/b><\/span>?<\/span><\/h3>\n<\/div><\/div><\/div><div class=\"cz_gap clr \" style=\"height: 40px\"><\/div>[vc_column_text]<span style=\"font-size: 18px; color: #666666;\">Lea las preguntas a continuaci\u00f3n y si no puede encontrar su respuesta, env\u00edenos su pregunta, le responderemos lo antes posible.<\/span>[\/vc_column_text]<div class=\"cz_gap clr \" style=\"height: 20px\"><\/div><div id=\"cz_53605\" class=\"cz_53605 cz_cf7 clr\"><div>\n<div class=\"wpcf7 no-js\" id=\"wpcf7-f2841-o1\" lang=\"en-US\" dir=\"ltr\" data-wpcf7-id=\"2841\">\n<div class=\"screen-reader-response\"><p role=\"status\" aria-live=\"polite\" aria-atomic=\"true\"><\/p> <ul><\/ul><\/div>\n<form action=\"\/es\/wp-json\/wp\/v2\/pages\/2807#wpcf7-f2841-o1\" method=\"post\" class=\"wpcf7-form init\" aria-label=\"Contact form\" novalidate=\"novalidate\" data-status=\"init\">\n<fieldset class=\"hidden-fields-container\"><input type=\"hidden\" name=\"_wpcf7\" value=\"2841\" \/><input type=\"hidden\" name=\"_wpcf7_version\" value=\"6.1.1\" \/><input type=\"hidden\" name=\"_wpcf7_locale\" value=\"en_US\" \/><input type=\"hidden\" name=\"_wpcf7_unit_tag\" value=\"wpcf7-f2841-o1\" \/><input type=\"hidden\" name=\"_wpcf7_container_post\" value=\"0\" \/><input type=\"hidden\" name=\"_wpcf7_posted_data_hash\" value=\"\" \/><input type=\"hidden\" name=\"_wpcf7_recaptcha_response\" value=\"\" \/>\n<\/fieldset>\n<p><label> Su nombre (requerido)<br \/>\n<span class=\"wpcf7-form-control-wrap\" data-name=\"your-name\"><input size=\"40\" maxlength=\"400\" class=\"wpcf7-form-control wpcf7-text wpcf7-validates-as-required\" aria-required=\"true\" aria-invalid=\"false\" value=\"\" type=\"text\" name=\"your-name\" \/><\/span> <\/label>\n<\/p>\n<p><label> Tu correo electr\u00f3nico (requerido)<br \/>\n<span class=\"wpcf7-form-control-wrap\" data-name=\"your-email\"><input size=\"40\" maxlength=\"400\" class=\"wpcf7-form-control wpcf7-email wpcf7-validates-as-required wpcf7-text wpcf7-validates-as-email\" aria-required=\"true\" aria-invalid=\"false\" value=\"\" type=\"email\" name=\"your-email\" \/><\/span> <\/label>\n<\/p>\n<p>Tu mensaje<br \/>\n<span class=\"wpcf7-form-control-wrap\" data-name=\"your-message\"><textarea cols=\"40\" rows=\"10\" maxlength=\"2000\" class=\"wpcf7-form-control wpcf7-textarea\" aria-invalid=\"false\" name=\"your-message\"><\/textarea><\/span>\n<\/p>\n<span class=\"wpcf7-form-control-wrap recaptcha\" data-name=\"recaptcha\"><span data-sitekey=\"6LdePWgpAAAAABOEyuZ-wQKlYNWa0bagkQ-MOm0g\" class=\"wpcf7-form-control wpcf7-recaptcha g-recaptcha\"><\/span>\r\n<noscript>\r\n\t<div class=\"grecaptcha-noscript\">\r\n\t\t<iframe loading=\"lazy\" src=\"https:\/\/www.google.com\/recaptcha\/api\/fallback?k=6LdePWgpAAAAABOEyuZ-wQKlYNWa0bagkQ-MOm0g\" frameborder=\"0\" scrolling=\"no\" width=\"310\" height=\"430\">\r\n\t\t<\/iframe>\r\n\t\t<textarea name=\"g-recaptcha-response\" rows=\"3\" cols=\"40\" placeholder=\"reCaptcha Response Here\">\r\n\t\t<\/textarea>\r\n\t<\/div>\r\n<\/noscript>\r\n<\/span>\n<p><input class=\"wpcf7-form-control wpcf7-submit has-spinner\" type=\"submit\" value=\"Enviar\" \/>\n<\/p><div class=\"wpcf7-response-output\" aria-hidden=\"true\"><\/div>\n<\/form>\n<\/div>\n<\/div><\/div>[\/vc_column][vc_column width=\u00bb1\/3&#8243;]<div class=\"cz_gap clr \" style=\"height: 100px\"><\/div>[vc_single_image image=\u00bb2393&#8243; img_size=\u00bbfull\u00bb][\/vc_column][\/vc_row][vc_row][vc_column]<div class=\"cz_gap clr \" style=\"height: 50px\"><\/div>[\/vc_column][\/vc_row]<\/p>\n<\/div>","protected":false},"excerpt":{"rendered":"<p>[vc_row][vc_column offset=\u00bbvc_col-md-6&#8243;][\/vc_column][vc_column offset=\u00bbvc_col-md-6&#8243;][vc_single_image image=\u00bb2391&#8243; img_size=\u00bbfull\u00bb][\/vc_column][\/vc_row][vc_row][vc_column][\/vc_column][\/vc_row][vc_row][vc_column offset=\u00bbvc_col-md-6&#8243;][vc_empty_space height=\u00bb65px\u00bb][vc_row_inner][vc_column_inner width=\u00bb1\/2&#8243;][vc_column_text] Entrega a tu casa [\/vc_column_text][vc_single_image image=\u00bb1800&#8243; img_size=\u00bbfull\u00bb][\/vc_column_inner][vc_column_inner width=\u00bb1\/2&#8243;][vc_column_text] Entrega al aeropuerto [\/vc_column_text][vc_single_image &#8230; <\/p>\n","protected":false},"author":2,"featured_media":0,"parent":0,"menu_order":0,"comment_status":"closed","ping_status":"closed","template":"","meta":{"footnotes":""},"class_list":["post-2807","page","type-page","status-publish","hentry"],"yoast_head":"<!-- This site is optimized with the Yoast SEO plugin v25.7 - https:\/\/yoast.com\/wordpress\/plugins\/seo\/ -->\n<title>About Us | Nactionrentacar.com<\/title>\n<meta name=\"description\" content=\"Nactionrentacar is a high quality Car Rental in Agios Prokopios in Naxos, Greece. High quality services and cars for rent at low prices.\" \/>\n<meta name=\"robots\" content=\"index, follow, max-snippet:-1, max-image-preview:large, max-video-preview:-1\" \/>\n<link rel=\"canonical\" href=\"https:\/\/nactionrentacar.com\/es\/about-us\/\" \/>\n<meta property=\"og:locale\" content=\"es_ES\" \/>\n<meta property=\"og:type\" content=\"article\" \/>\n<meta property=\"og:title\" content=\"About Us | Nactionrentacar.com\" \/>\n<meta property=\"og:description\" content=\"Nactionrentacar is a high quality Car Rental in Agios Prokopios in Naxos, Greece. High quality services and cars for rent at low prices.\" \/>\n<meta property=\"og:url\" content=\"https:\/\/nactionrentacar.com\/es\/about-us\/\" \/>\n<meta property=\"og:site_name\" content=\"Rent a Car Naxos\" \/>\n<meta property=\"article:publisher\" content=\"https:\/\/www.facebook.com\/pg\/sitia-airport-and-heraklion-airport-rent-a-carLGSTJSH-crete-rent-a-car-130348640373331\/about\/?tab=page_info\" \/>\n<meta property=\"article:modified_time\" content=\"2023-11-17T14:54:39+00:00\" \/>\n<meta name=\"twitter:card\" content=\"summary_large_image\" \/>\n<meta name=\"twitter:label1\" content=\"Tiempo de lectura\" \/>\n\t<meta name=\"twitter:data1\" content=\"2 minutos\" \/>\n<script type=\"application\/ld+json\" class=\"yoast-schema-graph\">{\"@context\":\"https:\/\/schema.org\",\"@graph\":[{\"@type\":\"WebPage\",\"@id\":\"https:\/\/nactionrentacar.com\/es\/about-us\/\",\"url\":\"https:\/\/nactionrentacar.com\/es\/about-us\/\",\"name\":\"About Us | Nactionrentacar.com\",\"isPartOf\":{\"@id\":\"https:\/\/nactionrentacar.com\/es\/#website\"},\"datePublished\":\"2018-05-29T09:11:20+00:00\",\"dateModified\":\"2023-11-17T14:54:39+00:00\",\"description\":\"Nactionrentacar is a high quality Car Rental in Agios Prokopios in Naxos, Greece. High quality services and cars for rent at low prices.\",\"breadcrumb\":{\"@id\":\"https:\/\/nactionrentacar.com\/es\/about-us\/#breadcrumb\"},\"inLanguage\":\"es\",\"potentialAction\":[{\"@type\":\"ReadAction\",\"target\":[\"https:\/\/nactionrentacar.com\/es\/about-us\/\"]}]},{\"@type\":\"BreadcrumbList\",\"@id\":\"https:\/\/nactionrentacar.com\/es\/about-us\/#breadcrumb\",\"itemListElement\":[{\"@type\":\"ListItem\",\"position\":1,\"name\":\"Home\",\"item\":\"https:\/\/nactionrentacar.com\/es\/\"},{\"@type\":\"ListItem\",\"position\":2,\"name\":\"Sobre Nosotros\"}]},{\"@type\":\"WebSite\",\"@id\":\"https:\/\/nactionrentacar.com\/es\/#website\",\"url\":\"https:\/\/nactionrentacar.com\/es\/\",\"name\":\"Rent a Car Naxos\",\"description\":\"Naction Rent a Car in Naxos\",\"potentialAction\":[{\"@type\":\"SearchAction\",\"target\":{\"@type\":\"EntryPoint\",\"urlTemplate\":\"https:\/\/nactionrentacar.com\/es\/?s={search_term_string}\"},\"query-input\":{\"@type\":\"PropertyValueSpecification\",\"valueRequired\":true,\"valueName\":\"search_term_string\"}}],\"inLanguage\":\"es\"}]}<\/script>\n<!-- \/ Yoast SEO plugin. -->","yoast_head_json":{"title":"About Us | Nactionrentacar.com","description":"Nactionrentacar is a high quality Car Rental in Agios Prokopios in Naxos, Greece. High quality services and cars for rent at low prices.","robots":{"index":"index","follow":"follow","max-snippet":"max-snippet:-1","max-image-preview":"max-image-preview:large","max-video-preview":"max-video-preview:-1"},"canonical":"https:\/\/nactionrentacar.com\/es\/about-us\/","og_locale":"es_ES","og_type":"article","og_title":"About Us | Nactionrentacar.com","og_description":"Nactionrentacar is a high quality Car Rental in Agios Prokopios in Naxos, Greece. High quality services and cars for rent at low prices.","og_url":"https:\/\/nactionrentacar.com\/es\/about-us\/","og_site_name":"Rent a Car Naxos","article_publisher":"https:\/\/www.facebook.com\/pg\/sitia-airport-and-heraklion-airport-rent-a-carLGSTJSH-crete-rent-a-car-130348640373331\/about\/?tab=page_info","article_modified_time":"2023-11-17T14:54:39+00:00","twitter_card":"summary_large_image","twitter_misc":{"Tiempo de lectura":"2 minutos"},"schema":{"@context":"https:\/\/schema.org","@graph":[{"@type":"WebPage","@id":"https:\/\/nactionrentacar.com\/es\/about-us\/","url":"https:\/\/nactionrentacar.com\/es\/about-us\/","name":"About Us | Nactionrentacar.com","isPartOf":{"@id":"https:\/\/nactionrentacar.com\/es\/#website"},"datePublished":"2018-05-29T09:11:20+00:00","dateModified":"2023-11-17T14:54:39+00:00","description":"Nactionrentacar is a high quality Car Rental in Agios Prokopios in Naxos, Greece. High quality services and cars for rent at low prices.","breadcrumb":{"@id":"https:\/\/nactionrentacar.com\/es\/about-us\/#breadcrumb"},"inLanguage":"es","potentialAction":[{"@type":"ReadAction","target":["https:\/\/nactionrentacar.com\/es\/about-us\/"]}]},{"@type":"BreadcrumbList","@id":"https:\/\/nactionrentacar.com\/es\/about-us\/#breadcrumb","itemListElement":[{"@type":"ListItem","position":1,"name":"Home","item":"https:\/\/nactionrentacar.com\/es\/"},{"@type":"ListItem","position":2,"name":"Sobre Nosotros"}]},{"@type":"WebSite","@id":"https:\/\/nactionrentacar.com\/es\/#website","url":"https:\/\/nactionrentacar.com\/es\/","name":"Rent a Car Naxos","description":"Naction Rent a Car in Naxos","potentialAction":[{"@type":"SearchAction","target":{"@type":"EntryPoint","urlTemplate":"https:\/\/nactionrentacar.com\/es\/?s={search_term_string}"},"query-input":{"@type":"PropertyValueSpecification","valueRequired":true,"valueName":"search_term_string"}}],"inLanguage":"es"}]}},"_links":{"self":[{"href":"https:\/\/nactionrentacar.com\/es\/wp-json\/wp\/v2\/pages\/2807","targetHints":{"allow":["GET"]}}],"collection":[{"href":"https:\/\/nactionrentacar.com\/es\/wp-json\/wp\/v2\/pages"}],"about":[{"href":"https:\/\/nactionrentacar.com\/es\/wp-json\/wp\/v2\/types\/page"}],"author":[{"embeddable":true,"href":"https:\/\/nactionrentacar.com\/es\/wp-json\/wp\/v2\/users\/2"}],"replies":[{"embeddable":true,"href":"https:\/\/nactionrentacar.com\/es\/wp-json\/wp\/v2\/comments?post=2807"}],"version-history":[{"count":14,"href":"https:\/\/nactionrentacar.com\/es\/wp-json\/wp\/v2\/pages\/2807\/revisions"}],"predecessor-version":[{"id":2965,"href":"https:\/\/nactionrentacar.com\/es\/wp-json\/wp\/v2\/pages\/2807\/revisions\/2965"}],"wp:attachment":[{"href":"https:\/\/nactionrentacar.com\/es\/wp-json\/wp\/v2\/media?parent=2807"}],"curies":[{"name":"wp","href":"https:\/\/api.w.org\/{rel}","templated":true}]}}