{"id":2792,"date":"2023-11-08T17:42:32","date_gmt":"2023-11-08T15:42:32","guid":{"rendered":"https:\/\/nactionrentacar.com\/?page_id=2792"},"modified":"2024-12-11T14:42:52","modified_gmt":"2024-12-11T12:42:52","slug":"insurances","status":"publish","type":"page","link":"https:\/\/nactionrentacar.com\/es\/insurances\/","title":{"rendered":"Seguros"},"content":{"rendered":"<div class=\"wpb-content-wrapper\"><p>[vc_row][vc_column width=\u00bb1\/6&#8243;][\/vc_column][vc_column width=\u00bb2\/3&#8243;]<div id=\"cz_34176\" class=\"cz_34176 cz_title clr cz_title_pos_inline tac\"><div class=\"cz_title_shape shape_text cz_shape_1\">Insurances<\/div><div class=\"cz_title_content\"><div class=\"cz_wpe_content\"><h1 style=\"text-align: center;\"><strong><span style=\"font-family: Montserrat; font-size: 36px; color: #666666;\"><span style=\"color: #00aeef;\">Rental Cover Insurances \u2013 Car Hire Insurance \u2013 Rental Cover<\/span><\/span><\/strong><\/h1>\n<\/div><\/div><\/div><div id=\"cz_110811\" class=\"cz_110811 cz_title clr cz_smart_fs cz_title_pos_inline tac\"><div class=\"cz_title_content\"><div class=\"cz_wpe_content\"><h2 style=\"text-align: center;\"><strong><span style=\"font-family: Montserrat; font-size: 36px; color: #666666;\"><span style=\"color: #00aeef;\"><b>Seguro de coche para coches de alquiler<\/b><\/span><\/span><\/strong><\/h2>\n<\/div><\/div><\/div>[vc_empty_space height=\u00bb20px\u00bb][\/vc_column][vc_column width=\u00bb1\/6&#8243;][\/vc_column][\/vc_row][vc_row][vc_column][vc_column_text]<br \/>\n[\/vc_column_text][\/vc_column][\/vc_row][vc_row][vc_column width=\u00bb2\/3&#8243;][vc_column_text css=\u00bb\u00bb]<\/p>\n<h2><u><\/u><span style=\"text-decoration: underline;\"><b>\u00a0SEGURO\u00a0<\/b><b>DE TERCERA<\/b><b>\u00a0PARTE<\/b><\/span><\/h2>\n<p>ES EL SEGURO B\u00c1SICO QUE INCLUYE COBERTURA CONTRA DA\u00d1OS A TERCEROS (DA\u00d1OS CORPORALES Y MATERIALES) HASTA 1.000.000,00 EUROS.\u00a0CUBRE TAMBI\u00c9N A LOS PASAJEROS DEL VEH\u00cdCULO HASTA 1.000.000,00 EUROS Y AL CONDUCTOR HASTA LA IMPORTE DE 12.000,00 EUROS.\u00a0ADEM\u00c1S CUBRIR\u00c1 AL ASEGURADO CONTRA ROBO E INCENDIO.\u00a0POR DA\u00d1OS MATERIALES AL VEH\u00cdCULO SE COBRA AL CLIENTE DESDE EL PRIMER EURO SEG\u00daN EL DA\u00d1O QUE HAYA CAUSADO.<\/p>\n<p>&nbsp;<\/p>\n<h2><u><strong><b>EXENCI\u00d3N DE DA\u00d1OS TOTAL (FDW) \u2013 EXENCI\u00d3N DE ALQUILER DE COCHES<\/b><\/strong><\/u><\/h2>\n<p>EXENCI\u00d3N DE DA\u00d1OS POR COLISI\u00d3N (C.D.W.) &#8211; EXENCI\u00d3N DE ALQUILER DE COCHES<br \/>\nLA TARIFA DEL C.D.W ES DE &#8230;8,00&#8230;&#8230;&#8230;. EURO POR DIA. ESTE SEGURO INCLUYE TODAS LAS COBERTURAS ANTERIORES Y<br \/>\nEL ARRENDATARIO ES RESPONSABLE DE LOS PRIMEROS 450,00 EUROS POR DA\u00d1OS MATERIALES AL COCHE, EN LAS CATEGOR\u00cdAS A, B, B1, E, Y COCHE FAMILIAR.<br \/>\nRESPONSABILIDAD DE LOS PRIMEROS 700,00 EUROS PARA LAS CATEGORIAS C, F Y MINI SUV<\/p>\n<p>&nbsp;<\/p>\n<p><span style=\"text-decoration: underline; font-size: 24px;\"><b>P\u00d3LIZA DE SEGURO DE COCHE DE ALQUILER<\/b><\/span><\/p>\n<p><span style=\"text-decoration: underline; font-size: 24px;\"><b>NO SON V\u00c1LIDAS AMBAS P\u00d3LIZAS DE SEGURO:<\/b><\/span><\/p>\n<p>&nbsp;<\/p>\n<ul>\n<li aria-level=\"1\">CUANDO EL CONDUCTOR NO CUMPLE CON EL C\u00d3DIGO DE V\u00cdA.<\/li>\n<li aria-level=\"1\">CUANDO EL VEH\u00cdCULO SE SALE DE LA CARRETERA.<\/li>\n<li aria-level=\"1\">CUANDO EL CONDUCTOR CONTIN\u00daA CONDUCIENDO CUANDO EL COCHE EST\u00c1 SOBRECALENTADO.<\/li>\n<li aria-level=\"1\">CUANDO EL CONDUCTOR CONTIN\u00daA CONDUCIENDO CON LA RUEDA PINCHADA.<\/li>\n<li aria-level=\"1\">CUANDO EL DA\u00d1O SE CAUSA\u00a0\u00a0<b>DEBAJO<\/b>\u00a0\u00a0DEL VEH\u00cdCULO.<\/li>\n<li aria-level=\"1\">CUANDO EL CONDUCTOR EST\u00c1 BAJO LA INFLUENCIA DEL ALCOHOL<\/li>\n<\/ul>\n<p>&nbsp;<\/p>\n<p><span style=\"text-decoration: underline;\"><b>POL\u00cdTICA DE CANCELACI\u00d3N:<\/b><\/span><u><\/u><\/p>\n<ul>\n<li aria-level=\"1\">SE PUEDE CANCELAR 10 D\u00cdAS ANTES DE LA FECHA DE RESERVA.<\/li>\n<li aria-level=\"1\">SI LA CANCELACION SE REALIZA DESPUES DE 10 DIAS, SE COBRARA \u03a4\u0397\u0395\u039d 20% DE SU RESERVA.<\/li>\n<li aria-level=\"1\">EN CASO DE NO PRESENTARSE O CANCELAR EL MISMO D\u00cdA DE LA RESERVA, SE CARGAR\u00c1 EL 50% DEL TOTAL DE LA RESERVA.<\/li>\n<\/ul>\n<p>[\/vc_column_text][\/vc_column][vc_column width=\u00bb1\/3&#8243;][vc_single_image image=\u00bb1092&#8243; img_size=\u00bbfull\u00bb][\/vc_column][\/vc_row]<\/p>\n<\/div>","protected":false},"excerpt":{"rendered":"<p>[vc_row][vc_column width=\u00bb1\/6&#8243;][\/vc_column][vc_column width=\u00bb2\/3&#8243;][vc_empty_space height=\u00bb20px\u00bb][\/vc_column][vc_column width=\u00bb1\/6&#8243;][\/vc_column][\/vc_row][vc_row][vc_column][vc_column_text] [\/vc_column_text][\/vc_column][\/vc_row][vc_row][vc_column width=\u00bb2\/3&#8243;][vc_column_text css=\u00bb\u00bb] \u00a0SEGURO\u00a0DE TERCERA\u00a0PARTE ES EL SEGURO B\u00c1SICO QUE INCLUYE COBERTURA CONTRA DA\u00d1OS A &#8230; <\/p>\n","protected":false},"author":2,"featured_media":0,"parent":0,"menu_order":0,"comment_status":"closed","ping_status":"closed","template":"","meta":{"footnotes":""},"class_list":["post-2792","page","type-page","status-publish","hentry"],"yoast_head":"<!-- This site is optimized with the Yoast SEO plugin v25.7 - https:\/\/yoast.com\/wordpress\/plugins\/seo\/ -->\n<title>Rent a Car Insurance | Auto Rental Insurance Coverage - Cover<\/title>\n<meta name=\"description\" content=\"Rental Insurance Coverage includes: 3rd Part Insurance &amp; Full Damage Waiver (F.D.W). Read more information about car hire and rental insurance (cover).\" \/>\n<meta name=\"robots\" content=\"index, follow, max-snippet:-1, max-image-preview:large, max-video-preview:-1\" \/>\n<link rel=\"canonical\" href=\"https:\/\/nactionrentacar.com\/es\/insurances\/\" \/>\n<meta property=\"og:locale\" content=\"es_ES\" \/>\n<meta property=\"og:type\" content=\"article\" \/>\n<meta property=\"og:title\" content=\"Rent a Car Insurance | Auto Rental Insurance Coverage - Cover\" \/>\n<meta property=\"og:description\" content=\"Rental Insurance Coverage includes: 3rd Part Insurance &amp; Full Damage Waiver (F.D.W). Read more information about car hire and rental insurance (cover).\" \/>\n<meta property=\"og:url\" content=\"https:\/\/nactionrentacar.com\/es\/insurances\/\" \/>\n<meta property=\"og:site_name\" content=\"Rent a Car Naxos\" \/>\n<meta property=\"article:publisher\" content=\"https:\/\/www.facebook.com\/pg\/sitia-airport-and-heraklion-airport-rent-a-carLGSTJSH-crete-rent-a-car-130348640373331\/about\/?tab=page_info\" \/>\n<meta property=\"article:modified_time\" content=\"2024-12-11T12:42:52+00:00\" \/>\n<meta name=\"twitter:card\" content=\"summary_large_image\" \/>\n<meta name=\"twitter:label1\" content=\"Tiempo de lectura\" \/>\n\t<meta name=\"twitter:data1\" content=\"2 minutos\" \/>\n<script type=\"application\/ld+json\" class=\"yoast-schema-graph\">{\"@context\":\"https:\/\/schema.org\",\"@graph\":[{\"@type\":\"WebPage\",\"@id\":\"https:\/\/nactionrentacar.com\/es\/insurances\/\",\"url\":\"https:\/\/nactionrentacar.com\/es\/insurances\/\",\"name\":\"Rent a Car Insurance | Auto Rental Insurance Coverage - Cover\",\"isPartOf\":{\"@id\":\"https:\/\/nactionrentacar.com\/es\/#website\"},\"datePublished\":\"2023-11-08T15:42:32+00:00\",\"dateModified\":\"2024-12-11T12:42:52+00:00\",\"description\":\"Rental Insurance Coverage includes: 3rd Part Insurance & Full Damage Waiver (F.D.W). Read more information about car hire and rental insurance (cover).\",\"breadcrumb\":{\"@id\":\"https:\/\/nactionrentacar.com\/es\/insurances\/#breadcrumb\"},\"inLanguage\":\"es\",\"potentialAction\":[{\"@type\":\"ReadAction\",\"target\":[\"https:\/\/nactionrentacar.com\/es\/insurances\/\"]}]},{\"@type\":\"BreadcrumbList\",\"@id\":\"https:\/\/nactionrentacar.com\/es\/insurances\/#breadcrumb\",\"itemListElement\":[{\"@type\":\"ListItem\",\"position\":1,\"name\":\"Home\",\"item\":\"https:\/\/nactionrentacar.com\/es\/\"},{\"@type\":\"ListItem\",\"position\":2,\"name\":\"Seguros\"}]},{\"@type\":\"WebSite\",\"@id\":\"https:\/\/nactionrentacar.com\/es\/#website\",\"url\":\"https:\/\/nactionrentacar.com\/es\/\",\"name\":\"Rent a Car Naxos\",\"description\":\"Naction Rent a Car in Naxos\",\"potentialAction\":[{\"@type\":\"SearchAction\",\"target\":{\"@type\":\"EntryPoint\",\"urlTemplate\":\"https:\/\/nactionrentacar.com\/es\/?s={search_term_string}\"},\"query-input\":{\"@type\":\"PropertyValueSpecification\",\"valueRequired\":true,\"valueName\":\"search_term_string\"}}],\"inLanguage\":\"es\"}]}<\/script>\n<!-- \/ Yoast SEO plugin. -->","yoast_head_json":{"title":"Rent a Car Insurance | Auto Rental Insurance Coverage - Cover","description":"Rental Insurance Coverage includes: 3rd Part Insurance & Full Damage Waiver (F.D.W). Read more information about car hire and rental insurance (cover).","robots":{"index":"index","follow":"follow","max-snippet":"max-snippet:-1","max-image-preview":"max-image-preview:large","max-video-preview":"max-video-preview:-1"},"canonical":"https:\/\/nactionrentacar.com\/es\/insurances\/","og_locale":"es_ES","og_type":"article","og_title":"Rent a Car Insurance | Auto Rental Insurance Coverage - Cover","og_description":"Rental Insurance Coverage includes: 3rd Part Insurance & Full Damage Waiver (F.D.W). Read more information about car hire and rental insurance (cover).","og_url":"https:\/\/nactionrentacar.com\/es\/insurances\/","og_site_name":"Rent a Car Naxos","article_publisher":"https:\/\/www.facebook.com\/pg\/sitia-airport-and-heraklion-airport-rent-a-carLGSTJSH-crete-rent-a-car-130348640373331\/about\/?tab=page_info","article_modified_time":"2024-12-11T12:42:52+00:00","twitter_card":"summary_large_image","twitter_misc":{"Tiempo de lectura":"2 minutos"},"schema":{"@context":"https:\/\/schema.org","@graph":[{"@type":"WebPage","@id":"https:\/\/nactionrentacar.com\/es\/insurances\/","url":"https:\/\/nactionrentacar.com\/es\/insurances\/","name":"Rent a Car Insurance | Auto Rental Insurance Coverage - Cover","isPartOf":{"@id":"https:\/\/nactionrentacar.com\/es\/#website"},"datePublished":"2023-11-08T15:42:32+00:00","dateModified":"2024-12-11T12:42:52+00:00","description":"Rental Insurance Coverage includes: 3rd Part Insurance & Full Damage Waiver (F.D.W). Read more information about car hire and rental insurance (cover).","breadcrumb":{"@id":"https:\/\/nactionrentacar.com\/es\/insurances\/#breadcrumb"},"inLanguage":"es","potentialAction":[{"@type":"ReadAction","target":["https:\/\/nactionrentacar.com\/es\/insurances\/"]}]},{"@type":"BreadcrumbList","@id":"https:\/\/nactionrentacar.com\/es\/insurances\/#breadcrumb","itemListElement":[{"@type":"ListItem","position":1,"name":"Home","item":"https:\/\/nactionrentacar.com\/es\/"},{"@type":"ListItem","position":2,"name":"Seguros"}]},{"@type":"WebSite","@id":"https:\/\/nactionrentacar.com\/es\/#website","url":"https:\/\/nactionrentacar.com\/es\/","name":"Rent a Car Naxos","description":"Naction Rent a Car in Naxos","potentialAction":[{"@type":"SearchAction","target":{"@type":"EntryPoint","urlTemplate":"https:\/\/nactionrentacar.com\/es\/?s={search_term_string}"},"query-input":{"@type":"PropertyValueSpecification","valueRequired":true,"valueName":"search_term_string"}}],"inLanguage":"es"}]}},"_links":{"self":[{"href":"https:\/\/nactionrentacar.com\/es\/wp-json\/wp\/v2\/pages\/2792","targetHints":{"allow":["GET"]}}],"collection":[{"href":"https:\/\/nactionrentacar.com\/es\/wp-json\/wp\/v2\/pages"}],"about":[{"href":"https:\/\/nactionrentacar.com\/es\/wp-json\/wp\/v2\/types\/page"}],"author":[{"embeddable":true,"href":"https:\/\/nactionrentacar.com\/es\/wp-json\/wp\/v2\/users\/2"}],"replies":[{"embeddable":true,"href":"https:\/\/nactionrentacar.com\/es\/wp-json\/wp\/v2\/comments?post=2792"}],"version-history":[{"count":4,"href":"https:\/\/nactionrentacar.com\/es\/wp-json\/wp\/v2\/pages\/2792\/revisions"}],"predecessor-version":[{"id":4447,"href":"https:\/\/nactionrentacar.com\/es\/wp-json\/wp\/v2\/pages\/2792\/revisions\/4447"}],"wp:attachment":[{"href":"https:\/\/nactionrentacar.com\/es\/wp-json\/wp\/v2\/media?parent=2792"}],"curies":[{"name":"wp","href":"https:\/\/api.w.org\/{rel}","templated":true}]}}