{"id":3922,"date":"2024-01-22T18:53:36","date_gmt":"2024-01-22T16:53:36","guid":{"rendered":"https:\/\/nactionrentacar.com\/?page_id=3922"},"modified":"2025-01-14T13:49:36","modified_gmt":"2025-01-14T11:49:36","slug":"mikri-vigla","status":"publish","type":"page","link":"https:\/\/nactionrentacar.com\/de\/mikri-vigla\/","title":{"rendered":"Naxos Rent a Car in Mikri Vigla"},"content":{"rendered":"<div class=\"wpb-content-wrapper\"><p>[vc_row][vc_column]<div class=\"cz_gap clr \" style=\"height: 100px\"><\/div>[vc_custom_heading text=&#8220;Naxos Rent a Car in Mikri Vigla&#8220; font_container=&#8220;tag:h1|font_size:36|text_align:center|color:%2300aeef&#8220; use_theme_fonts=&#8220;yes&#8220;]<div class=\"cz_gap clr \" style=\"height: 50px\"><\/div>[vc_separator border_width=&#8220;2&#8243;][vc_column_text]Naction Rent a Car erweitert seinen personalisierten Mietwagenservice auf Mikri Vigla und l\u00e4dt Sie ein, dieses Windsurferparadies mit Leichtigkeit und Stil zu erleben. Basierend auf unserem Engagement f\u00fcr die Kundenzufriedenheit und unserer Leidenschaft f\u00fcr Naxos bieten wir sorgf\u00e4ltig gewartete Fahrzeuge an, um Ihre Reise nach Mikri Vigla unvergesslich zu machen. Mit wettbewerbsf\u00e4higen Tarifen, umfassenden Versicherungsoptionen und einem benutzerfreundlichen Buchungsprozess stellen wir sicher, dass Ihre Erkundung der atemberaubenden Str\u00e4nde und des kristallklaren Wassers von Mikri Vigla richtig beginnt. Lassen Sie uns Ihr Abenteuer an diesem legend\u00e4ren Ort in Naxi bereichern.[\/vc_column_text][\/vc_column][\/vc_row][vc_row full_width=&#8220;stretch_row_content_no_spaces&#8220; css=&#8220;.vc_custom_1637582358544{padding-top: 30px !important;background-color: #2abbf1 !important;}&#8220;][vc_column width=&#8220;1\/3&#8243;][\/vc_column][vc_column width=&#8220;1\/3&#8243; css=&#8220;.vc_custom_1643794856074{margin-top: 0px !important;margin-bottom: 0px !important;border-top-width: 0px !important;border-bottom-width: 0px !important;padding-top: 0px !important;padding-bottom: 0px !important;}&#8220;][vc_column_text css=&#8220;.vc_custom_1705938476027{margin-top: 0px !important;margin-bottom: 0px !important;border-top-width: 0px !important;border-bottom-width: 0px !important;padding-top: 0px !important;padding-bottom: 0px !important;}&#8220;]<\/p>\n<p style=\"text-align: center;\"><span style=\"font-size: 26px; color: #ffffff;\"><strong>Need help or have a question?<\/strong><\/span><\/p>\n<p style=\"text-align: center;\"><span style=\"font-size: 26px; color: #ffffff;\"><strong>Call Us: +30 6938454714<\/strong><\/span><\/p>\n<p>[\/vc_column_text]<div class=\"cz_gap clr \" style=\"height: 50px\"><\/div>[vc_btn title=&#8220;CALL NOW&#8220; shape=&#8220;square&#8220; color=&#8220;white&#8220; align=&#8220;center&#8220; i_type=&#8220;material&#8220; i_icon_material=&#8220;vc-material vc-material-time_to_leave&#8220; add_icon=&#8220;true&#8220; link=&#8220;url:tel%3A%2B306938454714|title:Our%20Fleet||rel:nofollow&#8220;][\/vc_column][vc_column width=&#8220;1\/3&#8243;][\/vc_column][\/vc_row][vc_row][vc_column]<div class=\"cz_gap clr \" style=\"height: 100px\"><\/div>[\/vc_column][\/vc_row][vc_row][vc_column width=&#8220;1\/4&#8243;][\/vc_column][vc_column width=&#8220;1\/2&#8243;][vc_custom_heading text=&#8220;Search for your Vehicle&#8220; font_container=&#8220;tag:h3|font_size:20|text_align:center|color:%232abbf1&#8243; use_theme_fonts=&#8220;yes&#8220;]<div class=\"cz_gap clr \" style=\"height: 50px\"><\/div>[vc_raw_html css=&#8220;&#8220;]JTNDaWZyYW1lJTIwc3JjJTNEJTIyaHR0cHMlM0ElMkYlMkZuYWN0aW9ucmVudGFjYXIuY29tJTJGZm9ybS12aWdsYS5waHAlMkYlMjIlMjBuYW1lJTNEJTIyY2FyZnJhbWUlMjIlMjBpZCUzRCUyMmNhcmZyYW1lJTIyJTIwZnJhbWVib3JkZXIlM0QlMjIwJTIyJTIwYm9yZGVyJTNEJTIyMCUyMiUyMGNlbGxzcGFjaW5nJTNEJTIyMCUyMiUyMHN0eWxlJTNEJTIyYm9yZGVyLXN0eWxlJTNBJTIwbm9uZSUzQndpZHRoJTNBJTIwMTEwJTI1JTNCJTIwaGVpZ2h0JTNBJTIwNTUwcHglM0IlMjIlM0UlM0MlMkZpZnJhbWUlM0U=[\/vc_raw_html][\/vc_column][vc_column width=&#8220;1\/4&#8243;][\/vc_column][\/vc_row][vc_column][\/vc_column]<\/p>\n<\/div>","protected":false},"excerpt":{"rendered":"<p>[vc_row][vc_column][vc_custom_heading text=&#8220;Naxos Rent a Car in Mikri Vigla&#8220; font_container=&#8220;tag:h1|font_size:36|text_align:center|color:%2300aeef&#8220; use_theme_fonts=&#8220;yes&#8220;][vc_separator border_width=&#8220;2&#8243;][vc_column_text]Naction Rent a Car erweitert seinen personalisierten Mietwagenservice auf Mikri &#8230; <\/p>\n","protected":false},"author":2,"featured_media":0,"parent":0,"menu_order":0,"comment_status":"closed","ping_status":"closed","template":"","meta":{"footnotes":""},"class_list":["post-3922","page","type-page","status-publish","hentry"],"yoast_head":"<!-- This site is optimized with the Yoast SEO plugin v25.7 - https:\/\/yoast.com\/wordpress\/plugins\/seo\/ -->\n<title>Mikri Vigla - Naxos Rent a Car | Naction<\/title>\n<meta name=\"description\" content=\"Nactionrentacar is here to serve you on your vacation, even if you are looking for a car in Mikri Vigla, Naxos.\" \/>\n<meta name=\"robots\" content=\"index, follow, max-snippet:-1, max-image-preview:large, max-video-preview:-1\" \/>\n<link rel=\"canonical\" href=\"https:\/\/nactionrentacar.com\/de\/mikri-vigla\/\" \/>\n<meta property=\"og:locale\" content=\"de_DE\" \/>\n<meta property=\"og:type\" content=\"article\" \/>\n<meta property=\"og:title\" content=\"Mikri Vigla - Naxos Rent a Car | Naction\" \/>\n<meta property=\"og:description\" content=\"Nactionrentacar is here to serve you on your vacation, even if you are looking for a car in Mikri Vigla, Naxos.\" \/>\n<meta property=\"og:url\" content=\"https:\/\/nactionrentacar.com\/de\/mikri-vigla\/\" \/>\n<meta property=\"og:site_name\" content=\"Rent a Car Naxos\" \/>\n<meta property=\"article:publisher\" content=\"https:\/\/www.facebook.com\/pg\/sitia-airport-and-heraklion-airport-rent-a-carLGSTJSH-crete-rent-a-car-130348640373331\/about\/?tab=page_info\" \/>\n<meta property=\"article:modified_time\" content=\"2025-01-14T11:49:36+00:00\" \/>\n<meta name=\"twitter:card\" content=\"summary_large_image\" \/>\n<meta name=\"twitter:label1\" content=\"Gesch\u00e4tzte Lesezeit\" \/>\n\t<meta name=\"twitter:data1\" content=\"1\u00a0Minute\" \/>\n<script type=\"application\/ld+json\" class=\"yoast-schema-graph\">{\"@context\":\"https:\/\/schema.org\",\"@graph\":[{\"@type\":\"WebPage\",\"@id\":\"https:\/\/nactionrentacar.com\/de\/mikri-vigla\/\",\"url\":\"https:\/\/nactionrentacar.com\/de\/mikri-vigla\/\",\"name\":\"Mikri Vigla - Naxos Rent a Car | Naction\",\"isPartOf\":{\"@id\":\"https:\/\/nactionrentacar.com\/de\/#website\"},\"datePublished\":\"2024-01-22T16:53:36+00:00\",\"dateModified\":\"2025-01-14T11:49:36+00:00\",\"description\":\"Nactionrentacar is here to serve you on your vacation, even if you are looking for a car in Mikri Vigla, Naxos.\",\"breadcrumb\":{\"@id\":\"https:\/\/nactionrentacar.com\/de\/mikri-vigla\/#breadcrumb\"},\"inLanguage\":\"de\",\"potentialAction\":[{\"@type\":\"ReadAction\",\"target\":[\"https:\/\/nactionrentacar.com\/de\/mikri-vigla\/\"]}]},{\"@type\":\"BreadcrumbList\",\"@id\":\"https:\/\/nactionrentacar.com\/de\/mikri-vigla\/#breadcrumb\",\"itemListElement\":[{\"@type\":\"ListItem\",\"position\":1,\"name\":\"Home\",\"item\":\"https:\/\/nactionrentacar.com\/de\/\"},{\"@type\":\"ListItem\",\"position\":2,\"name\":\"Naxos Rent a Car in Mikri Vigla\"}]},{\"@type\":\"WebSite\",\"@id\":\"https:\/\/nactionrentacar.com\/de\/#website\",\"url\":\"https:\/\/nactionrentacar.com\/de\/\",\"name\":\"Rent a Car Naxos\",\"description\":\"Naction Rent a Car in Naxos\",\"potentialAction\":[{\"@type\":\"SearchAction\",\"target\":{\"@type\":\"EntryPoint\",\"urlTemplate\":\"https:\/\/nactionrentacar.com\/de\/?s={search_term_string}\"},\"query-input\":{\"@type\":\"PropertyValueSpecification\",\"valueRequired\":true,\"valueName\":\"search_term_string\"}}],\"inLanguage\":\"de\"}]}<\/script>\n<!-- \/ Yoast SEO plugin. -->","yoast_head_json":{"title":"Mikri Vigla - Naxos Rent a Car | Naction","description":"Nactionrentacar is here to serve you on your vacation, even if you are looking for a car in Mikri Vigla, Naxos.","robots":{"index":"index","follow":"follow","max-snippet":"max-snippet:-1","max-image-preview":"max-image-preview:large","max-video-preview":"max-video-preview:-1"},"canonical":"https:\/\/nactionrentacar.com\/de\/mikri-vigla\/","og_locale":"de_DE","og_type":"article","og_title":"Mikri Vigla - Naxos Rent a Car | Naction","og_description":"Nactionrentacar is here to serve you on your vacation, even if you are looking for a car in Mikri Vigla, Naxos.","og_url":"https:\/\/nactionrentacar.com\/de\/mikri-vigla\/","og_site_name":"Rent a Car Naxos","article_publisher":"https:\/\/www.facebook.com\/pg\/sitia-airport-and-heraklion-airport-rent-a-carLGSTJSH-crete-rent-a-car-130348640373331\/about\/?tab=page_info","article_modified_time":"2025-01-14T11:49:36+00:00","twitter_card":"summary_large_image","twitter_misc":{"Gesch\u00e4tzte Lesezeit":"1\u00a0Minute"},"schema":{"@context":"https:\/\/schema.org","@graph":[{"@type":"WebPage","@id":"https:\/\/nactionrentacar.com\/de\/mikri-vigla\/","url":"https:\/\/nactionrentacar.com\/de\/mikri-vigla\/","name":"Mikri Vigla - Naxos Rent a Car | Naction","isPartOf":{"@id":"https:\/\/nactionrentacar.com\/de\/#website"},"datePublished":"2024-01-22T16:53:36+00:00","dateModified":"2025-01-14T11:49:36+00:00","description":"Nactionrentacar is here to serve you on your vacation, even if you are looking for a car in Mikri Vigla, Naxos.","breadcrumb":{"@id":"https:\/\/nactionrentacar.com\/de\/mikri-vigla\/#breadcrumb"},"inLanguage":"de","potentialAction":[{"@type":"ReadAction","target":["https:\/\/nactionrentacar.com\/de\/mikri-vigla\/"]}]},{"@type":"BreadcrumbList","@id":"https:\/\/nactionrentacar.com\/de\/mikri-vigla\/#breadcrumb","itemListElement":[{"@type":"ListItem","position":1,"name":"Home","item":"https:\/\/nactionrentacar.com\/de\/"},{"@type":"ListItem","position":2,"name":"Naxos Rent a Car in Mikri Vigla"}]},{"@type":"WebSite","@id":"https:\/\/nactionrentacar.com\/de\/#website","url":"https:\/\/nactionrentacar.com\/de\/","name":"Rent a Car Naxos","description":"Naction Rent a Car in Naxos","potentialAction":[{"@type":"SearchAction","target":{"@type":"EntryPoint","urlTemplate":"https:\/\/nactionrentacar.com\/de\/?s={search_term_string}"},"query-input":{"@type":"PropertyValueSpecification","valueRequired":true,"valueName":"search_term_string"}}],"inLanguage":"de"}]}},"_links":{"self":[{"href":"https:\/\/nactionrentacar.com\/de\/wp-json\/wp\/v2\/pages\/3922","targetHints":{"allow":["GET"]}}],"collection":[{"href":"https:\/\/nactionrentacar.com\/de\/wp-json\/wp\/v2\/pages"}],"about":[{"href":"https:\/\/nactionrentacar.com\/de\/wp-json\/wp\/v2\/types\/page"}],"author":[{"embeddable":true,"href":"https:\/\/nactionrentacar.com\/de\/wp-json\/wp\/v2\/users\/2"}],"replies":[{"embeddable":true,"href":"https:\/\/nactionrentacar.com\/de\/wp-json\/wp\/v2\/comments?post=3922"}],"version-history":[{"count":6,"href":"https:\/\/nactionrentacar.com\/de\/wp-json\/wp\/v2\/pages\/3922\/revisions"}],"predecessor-version":[{"id":4004,"href":"https:\/\/nactionrentacar.com\/de\/wp-json\/wp\/v2\/pages\/3922\/revisions\/4004"}],"wp:attachment":[{"href":"https:\/\/nactionrentacar.com\/de\/wp-json\/wp\/v2\/media?parent=3922"}],"curies":[{"name":"wp","href":"https:\/\/api.w.org\/{rel}","templated":true}]}}