{"id":3910,"date":"2024-01-22T18:25:44","date_gmt":"2024-01-22T16:25:44","guid":{"rendered":"https:\/\/nactionrentacar.com\/?page_id=3910"},"modified":"2025-01-14T13:45:14","modified_gmt":"2025-01-14T11:45:14","slug":"agios-prokopios","status":"publish","type":"page","link":"https:\/\/nactionrentacar.com\/de\/agios-prokopios\/","title":{"rendered":"Naxos Rent a Car in Agios Prokopios"},"content":{"rendered":"<div class=\"wpb-content-wrapper\"><p>[vc_row][vc_column]<div class=\"cz_gap clr \" style=\"height: 100px\"><\/div>[vc_custom_heading text=&#8220;Naxos Rent a Car in Agios Prokopios&#8220; font_container=&#8220;tag:h1|font_size:36|text_align:center|color:%2300aeef&#8220; use_theme_fonts=&#8220;yes&#8220;]<div class=\"cz_gap clr \" style=\"height: 50px\"><\/div>[vc_separator border_width=&#8220;2&#8243;][vc_column_text]Bei Naction Rent a Car in Agios Prokopios kombinieren wir nahtlos hochwertigen Service mit wettbewerbsf\u00e4higen Preisen, um Ihre Zufriedenheit sicherzustellen. Unsere Auswahl an gut gewarteten Fahrzeugen ist auf die einzigartige Sch\u00f6nheit und den Geist von Agios Prokopios abgestimmt und sorgt daf\u00fcr, dass Ihre Erkundung der unber\u00fchrten Str\u00e4nde und der lebendigen lokalen Kultur sowohl komfortabel als auch unvergesslich ist. Unser engagiertes Team ist bestrebt, Ihnen das bestm\u00f6gliche Erlebnis zu bieten, mit umfassender Versicherung, Pannenhilfe rund um die Uhr und unbegrenzten Kilometern. Lassen Sie uns der Beginn Ihres Abenteuers in Agios Prokopios sein.[\/vc_column_text][\/vc_column][\/vc_row][vc_row full_width=&#8220;stretch_row_content_no_spaces&#8220; css=&#8220;.vc_custom_1637582358544{padding-top: 30px !important;background-color: #2abbf1 !important;}&#8220;][vc_column width=&#8220;1\/3&#8243;][\/vc_column][vc_column width=&#8220;1\/3&#8243; css=&#8220;.vc_custom_1643794856074{margin-top: 0px !important;margin-bottom: 0px !important;border-top-width: 0px !important;border-bottom-width: 0px !important;padding-top: 0px !important;padding-bottom: 0px !important;}&#8220;][vc_column_text css=&#8220;.vc_custom_1705938476027{margin-top: 0px !important;margin-bottom: 0px !important;border-top-width: 0px !important;border-bottom-width: 0px !important;padding-top: 0px !important;padding-bottom: 0px !important;}&#8220;]<\/p>\n<p style=\"text-align: center;\"><span style=\"font-size: 26px; color: #ffffff;\"><strong>Need help or have a question?<\/strong><\/span><\/p>\n<p style=\"text-align: center;\"><span style=\"font-size: 26px; color: #ffffff;\"><strong>Call Us: +30 6938454714<\/strong><\/span><\/p>\n<p>[\/vc_column_text]<div class=\"cz_gap clr \" style=\"height: 50px\"><\/div>[vc_btn title=&#8220;CALL NOW&#8220; shape=&#8220;square&#8220; color=&#8220;white&#8220; align=&#8220;center&#8220; i_type=&#8220;material&#8220; i_icon_material=&#8220;vc-material vc-material-time_to_leave&#8220; add_icon=&#8220;true&#8220; link=&#8220;url:tel%3A%2B306938454714|title:Our%20Fleet||rel:nofollow&#8220;][\/vc_column][vc_column width=&#8220;1\/3&#8243;][\/vc_column][\/vc_row][vc_row][vc_column]<div class=\"cz_gap clr \" style=\"height: 100px\"><\/div>[\/vc_column][\/vc_row][vc_row][vc_column width=&#8220;1\/4&#8243;][\/vc_column][vc_column width=&#8220;1\/2&#8243;][vc_custom_heading text=&#8220;Search for your Vehicle&#8220; font_container=&#8220;tag:h3|font_size:20|text_align:center|color:%232abbf1&#8243; use_theme_fonts=&#8220;yes&#8220;]<div class=\"cz_gap clr \" style=\"height: 50px\"><\/div>[vc_raw_html css=&#8220;&#8220;]JTNDaWZyYW1lJTIwc3JjJTNEJTIyaHR0cHMlM0ElMkYlMkZuYWN0aW9ucmVudGFjYXIuY29tJTJGZm9ybS1wcm9rb3Bpb3MucGhwJTJGJTIyJTIwbmFtZSUzRCUyMmNhcmZyYW1lJTIyJTIwaWQlM0QlMjJjYXJmcmFtZSUyMiUyMGZyYW1lYm9yZGVyJTNEJTIyMCUyMiUyMGJvcmRlciUzRCUyMjAlMjIlMjBjZWxsc3BhY2luZyUzRCUyMjAlMjIlMjBzdHlsZSUzRCUyMmJvcmRlci1zdHlsZSUzQSUyMG5vbmUlM0J3aWR0aCUzQSUyMDExMCUyNSUzQiUyMGhlaWdodCUzQSUyMDU1MHB4JTNCJTIyJTNFJTNDJTJGaWZyYW1lJTNF[\/vc_raw_html][\/vc_column][vc_column width=&#8220;1\/4&#8243;][\/vc_column][\/vc_row][vc_column][\/vc_column]<\/p>\n<\/div>","protected":false},"excerpt":{"rendered":"<p>[vc_row][vc_column][vc_custom_heading text=&#8220;Naxos Rent a Car in Agios Prokopios&#8220; font_container=&#8220;tag:h1|font_size:36|text_align:center|color:%2300aeef&#8220; use_theme_fonts=&#8220;yes&#8220;][vc_separator border_width=&#8220;2&#8243;][vc_column_text]Bei Naction Rent a Car in Agios Prokopios kombinieren wir &#8230; <\/p>\n","protected":false},"author":2,"featured_media":0,"parent":0,"menu_order":0,"comment_status":"closed","ping_status":"closed","template":"","meta":{"footnotes":""},"class_list":["post-3910","page","type-page","status-publish","hentry"],"yoast_head":"<!-- This site is optimized with the Yoast SEO plugin v25.7 - https:\/\/yoast.com\/wordpress\/plugins\/seo\/ -->\n<title>Agios Prokopios - Naxos Rent a Car | Naction<\/title>\n<meta name=\"description\" content=\"Nactionrentacar is here to serve you on your vacation, even if you are looking for a car in Agios Prokopios, Naxos.\" \/>\n<meta name=\"robots\" content=\"index, follow, max-snippet:-1, max-image-preview:large, max-video-preview:-1\" \/>\n<link rel=\"canonical\" href=\"https:\/\/nactionrentacar.com\/de\/agios-prokopios\/\" \/>\n<meta property=\"og:locale\" content=\"de_DE\" \/>\n<meta property=\"og:type\" content=\"article\" \/>\n<meta property=\"og:title\" content=\"Agios Prokopios - Naxos Rent a Car | Naction\" \/>\n<meta property=\"og:description\" content=\"Nactionrentacar is here to serve you on your vacation, even if you are looking for a car in Agios Prokopios, Naxos.\" \/>\n<meta property=\"og:url\" content=\"https:\/\/nactionrentacar.com\/de\/agios-prokopios\/\" \/>\n<meta property=\"og:site_name\" content=\"Rent a Car Naxos\" \/>\n<meta property=\"article:publisher\" content=\"https:\/\/www.facebook.com\/pg\/sitia-airport-and-heraklion-airport-rent-a-carLGSTJSH-crete-rent-a-car-130348640373331\/about\/?tab=page_info\" \/>\n<meta property=\"article:modified_time\" content=\"2025-01-14T11:45:14+00:00\" \/>\n<meta name=\"twitter:card\" content=\"summary_large_image\" \/>\n<meta name=\"twitter:label1\" content=\"Gesch\u00e4tzte Lesezeit\" \/>\n\t<meta name=\"twitter:data1\" content=\"1\u00a0Minute\" \/>\n<script type=\"application\/ld+json\" class=\"yoast-schema-graph\">{\"@context\":\"https:\/\/schema.org\",\"@graph\":[{\"@type\":\"WebPage\",\"@id\":\"https:\/\/nactionrentacar.com\/de\/agios-prokopios\/\",\"url\":\"https:\/\/nactionrentacar.com\/de\/agios-prokopios\/\",\"name\":\"Agios Prokopios - Naxos Rent a Car | Naction\",\"isPartOf\":{\"@id\":\"https:\/\/nactionrentacar.com\/de\/#website\"},\"datePublished\":\"2024-01-22T16:25:44+00:00\",\"dateModified\":\"2025-01-14T11:45:14+00:00\",\"description\":\"Nactionrentacar is here to serve you on your vacation, even if you are looking for a car in Agios Prokopios, Naxos.\",\"breadcrumb\":{\"@id\":\"https:\/\/nactionrentacar.com\/de\/agios-prokopios\/#breadcrumb\"},\"inLanguage\":\"de\",\"potentialAction\":[{\"@type\":\"ReadAction\",\"target\":[\"https:\/\/nactionrentacar.com\/de\/agios-prokopios\/\"]}]},{\"@type\":\"BreadcrumbList\",\"@id\":\"https:\/\/nactionrentacar.com\/de\/agios-prokopios\/#breadcrumb\",\"itemListElement\":[{\"@type\":\"ListItem\",\"position\":1,\"name\":\"Home\",\"item\":\"https:\/\/nactionrentacar.com\/de\/\"},{\"@type\":\"ListItem\",\"position\":2,\"name\":\"Naxos Rent a Car in Agios Prokopios\"}]},{\"@type\":\"WebSite\",\"@id\":\"https:\/\/nactionrentacar.com\/de\/#website\",\"url\":\"https:\/\/nactionrentacar.com\/de\/\",\"name\":\"Rent a Car Naxos\",\"description\":\"Naction Rent a Car in Naxos\",\"potentialAction\":[{\"@type\":\"SearchAction\",\"target\":{\"@type\":\"EntryPoint\",\"urlTemplate\":\"https:\/\/nactionrentacar.com\/de\/?s={search_term_string}\"},\"query-input\":{\"@type\":\"PropertyValueSpecification\",\"valueRequired\":true,\"valueName\":\"search_term_string\"}}],\"inLanguage\":\"de\"}]}<\/script>\n<!-- \/ Yoast SEO plugin. -->","yoast_head_json":{"title":"Agios Prokopios - Naxos Rent a Car | Naction","description":"Nactionrentacar is here to serve you on your vacation, even if you are looking for a car in Agios Prokopios, Naxos.","robots":{"index":"index","follow":"follow","max-snippet":"max-snippet:-1","max-image-preview":"max-image-preview:large","max-video-preview":"max-video-preview:-1"},"canonical":"https:\/\/nactionrentacar.com\/de\/agios-prokopios\/","og_locale":"de_DE","og_type":"article","og_title":"Agios Prokopios - Naxos Rent a Car | Naction","og_description":"Nactionrentacar is here to serve you on your vacation, even if you are looking for a car in Agios Prokopios, Naxos.","og_url":"https:\/\/nactionrentacar.com\/de\/agios-prokopios\/","og_site_name":"Rent a Car Naxos","article_publisher":"https:\/\/www.facebook.com\/pg\/sitia-airport-and-heraklion-airport-rent-a-carLGSTJSH-crete-rent-a-car-130348640373331\/about\/?tab=page_info","article_modified_time":"2025-01-14T11:45:14+00:00","twitter_card":"summary_large_image","twitter_misc":{"Gesch\u00e4tzte Lesezeit":"1\u00a0Minute"},"schema":{"@context":"https:\/\/schema.org","@graph":[{"@type":"WebPage","@id":"https:\/\/nactionrentacar.com\/de\/agios-prokopios\/","url":"https:\/\/nactionrentacar.com\/de\/agios-prokopios\/","name":"Agios Prokopios - Naxos Rent a Car | Naction","isPartOf":{"@id":"https:\/\/nactionrentacar.com\/de\/#website"},"datePublished":"2024-01-22T16:25:44+00:00","dateModified":"2025-01-14T11:45:14+00:00","description":"Nactionrentacar is here to serve you on your vacation, even if you are looking for a car in Agios Prokopios, Naxos.","breadcrumb":{"@id":"https:\/\/nactionrentacar.com\/de\/agios-prokopios\/#breadcrumb"},"inLanguage":"de","potentialAction":[{"@type":"ReadAction","target":["https:\/\/nactionrentacar.com\/de\/agios-prokopios\/"]}]},{"@type":"BreadcrumbList","@id":"https:\/\/nactionrentacar.com\/de\/agios-prokopios\/#breadcrumb","itemListElement":[{"@type":"ListItem","position":1,"name":"Home","item":"https:\/\/nactionrentacar.com\/de\/"},{"@type":"ListItem","position":2,"name":"Naxos Rent a Car in Agios Prokopios"}]},{"@type":"WebSite","@id":"https:\/\/nactionrentacar.com\/de\/#website","url":"https:\/\/nactionrentacar.com\/de\/","name":"Rent a Car Naxos","description":"Naction Rent a Car in Naxos","potentialAction":[{"@type":"SearchAction","target":{"@type":"EntryPoint","urlTemplate":"https:\/\/nactionrentacar.com\/de\/?s={search_term_string}"},"query-input":{"@type":"PropertyValueSpecification","valueRequired":true,"valueName":"search_term_string"}}],"inLanguage":"de"}]}},"_links":{"self":[{"href":"https:\/\/nactionrentacar.com\/de\/wp-json\/wp\/v2\/pages\/3910","targetHints":{"allow":["GET"]}}],"collection":[{"href":"https:\/\/nactionrentacar.com\/de\/wp-json\/wp\/v2\/pages"}],"about":[{"href":"https:\/\/nactionrentacar.com\/de\/wp-json\/wp\/v2\/types\/page"}],"author":[{"embeddable":true,"href":"https:\/\/nactionrentacar.com\/de\/wp-json\/wp\/v2\/users\/2"}],"replies":[{"embeddable":true,"href":"https:\/\/nactionrentacar.com\/de\/wp-json\/wp\/v2\/comments?post=3910"}],"version-history":[{"count":7,"href":"https:\/\/nactionrentacar.com\/de\/wp-json\/wp\/v2\/pages\/3910\/revisions"}],"predecessor-version":[{"id":4550,"href":"https:\/\/nactionrentacar.com\/de\/wp-json\/wp\/v2\/pages\/3910\/revisions\/4550"}],"wp:attachment":[{"href":"https:\/\/nactionrentacar.com\/de\/wp-json\/wp\/v2\/media?parent=3910"}],"curies":[{"name":"wp","href":"https:\/\/api.w.org\/{rel}","templated":true}]}}