{"id":3819,"date":"2024-01-21T23:42:31","date_gmt":"2024-01-21T21:42:31","guid":{"rendered":"https:\/\/nactionrentacar.com\/?page_id=3819"},"modified":"2025-01-14T13:54:57","modified_gmt":"2025-01-14T11:54:57","slug":"airport","status":"publish","type":"page","link":"https:\/\/nactionrentacar.com\/de\/airport\/","title":{"rendered":"Airport &#8211; Naxos Rent a Car"},"content":{"rendered":"<div class=\"wpb-content-wrapper\"><p>[vc_row][vc_column]<div class=\"cz_gap clr \" style=\"height: 100px\"><\/div>[vc_custom_heading text=&#8220;Airport &#8211; Naxos Rent a Car&#8220; font_container=&#8220;tag:h1|font_size:36|text_align:center|color:%2300aeef&#8220; use_theme_fonts=&#8220;yes&#8220;]<div class=\"cz_gap clr \" style=\"height: 50px\"><\/div>[vc_column_text]Naction Rent a car Naxos ist eine zuverl\u00e4ssige Autovermietung mit ausreichend Erfahrung in der Vermietung und im Tourismussektor. Respekt und Verantwortung gegen\u00fcber jedem Besucher der Insel Naxos geben dem Team von Naction Rental Car die Motivation, einen umfassenden Mietwagenservice anzubieten. Unser Team bietet mehrere gef\u00fchrte Touren an, um Besuchern Anregungen zu den Sch\u00f6nheiten von Naxos zu geben.<br \/>\nUnsere Zusammenarbeit mit mehreren Touristenresorts in Naxos verleiht der Agentur Rent a Car Naxos Glaubw\u00fcrdigkeit und anerkannte Vorteile f\u00fcr unser Unternehmen. Zun\u00e4chst die Auswahl exzellenter Neuwagenmodelle mit hohen Anspr\u00fcchen an sicherere und komfortablere Touren, nat\u00fcrlich mit stets pers\u00f6nlicher Betreuung jedes Kunden.<br \/>\nWir liefern Ihr Fahrzeug \u00fcberall auf der Insel und bieten eine gro\u00dfe Auswahl an Fahrzeugen. Wir sind stolz darauf, die besten Angebote ohne versteckte Kosten anzubieten!<br \/>\nHaben Sie sich entschieden, mit dem Flugzeug nach Naxos zu reisen? Perfekt! Es ist die beste Wahl f\u00fcr eine schnelle und angenehme Reise.<br \/>\nUnd wir von Naction Rent a Car, Naxos machen es Ihnen noch einfacher, ein Auto direkt am Flughafen zu mieten, was Geld und Zeit spart.<br \/>\nDie Autovermietung am Flughafen ist jetzt ein Kinderspiel!<br \/>\nUnser Unternehmen erm\u00f6glicht Ihnen die Auswahl des gew\u00fcnschten Fahrzeugs zum gew\u00fcnschten Zeitpunkt und an dem Ort, an dem Sie ankommen.<br \/>\nSie m\u00fcssen nichts weiter tun, als den Flughafen als Lieferort auszuw\u00e4hlen und uns Ihre Flugnummer und Flugzeit mitzuteilen.<br \/>\nBei Ihrer Ankunft treffen Sie unseren Partner am Flughafen, um das Fahrzeug zu \u00fcbergeben, Ihnen n\u00fctzliche Ratschl\u00e4ge zu geben und direkt zu Ihrem Ziel zu fahren.<br \/>\nIhr Urlaub im wundersch\u00f6nen Naxos hat bereits begonnen! Willkommen!<\/p>\n<h2>Allgemeine Informationen zum Flughafen Naxos<\/h2>\n<p>TDer Flughafen von Naxos mit dem Namen \u201eApollon\u201c befindet sich in einer wunderbaren Lage.<br \/>\nEs liegt in der N\u00e4he von Chora von Naxos (Stadt), nur 3 Kilometer entfernt, und in der N\u00e4he von Touristengebieten.<br \/>\nAkzeptiert derzeit nur Inlandsfl\u00fcge.<br \/>\nZuverl\u00e4ssigen Informationen zufolge wurden jedoch Verfahren eingeleitet, um den Flughafen so zu modernisieren, dass er internationale Direktfl\u00fcge empfangen kann .<br \/>\nDer Zugang zum Flughafen Naxos ist einfach, sofern Sie \u00fcber ein Transportmittel verf\u00fcgen, das Sie dorthin bringt.<br \/>\nDer Flughafen von Naxos funktioniert einwandfrei und verf\u00fcgt \u00fcber die erforderliche Infrastruktur f\u00fcr die sichere Ankunft und Abreise von Flugzeugen und Passagieren.<br \/>\nIm Flughafenbereich finden Sie eine kleine Kantine, in der Sie einen kleinen Snack oder Kaffee und alkoholfreie Getr\u00e4nke erhalten.<br \/>\nSchlie\u00dflich finden Sie au\u00dferhalb des Gebiets verf\u00fcgbare Taxis oder Mietwagen (auf Anfrage).<\/p>\n<h2>Naction- Mietverfahren<\/h2>\n<p>Bei Naction Rent a Car, Naxos finden Sie das Fahrzeug, das Ihren Bed\u00fcrfnissen entspricht. In unserem Fuhrpark verf\u00fcgen wir \u00fcber mehrere Kategorien erkennbarer und zuverl\u00e4ssiger Fahrzeuge.<br \/>\nGerne bieten wir Ihnen verschiedene Fahrzeugkategorien wie Klein- und Economy-Fahrzeuge, Cabrios, Familienautos und SUVs an.<br \/>\nMit zus\u00e4tzlichen Optionen in manuellen oder automatischen Fahrzeugen, f\u00fcr den besten Komfort unserer Kunden.<br \/>\nDer Buchungsvorgang ist sehr einfach und dauert nur 4 Minuten.<br \/>\nBesuchen Sie unsere Website und w\u00e4hlen Sie im Kalender die Daten (Lieferung \u2013 R\u00fcckgabe), Zeiten, Ort und Ihr Alter aus und es werden Ihnen sofort die verf\u00fcgbaren Fahrzeuge zur Miete mit dem Gesamtmietpreis angezeigt.<br \/>\nIm n\u00e4chsten Schritt k\u00f6nnen Sie ausw\u00e4hlen, ob Sie kleine Kindersitze ben\u00f6tigen, die Ihnen kostenlos zur Verf\u00fcgung gestellt werden, und ob Sie f\u00fcr das Fahrzeug, das Sie mieten m\u00f6chten, eine Versicherung ben\u00f6tigen, und dann Ihre Daten eingeben.<br \/>\nDie letzte Phase ist die Zahlungsphase. F\u00fcr die Reservierungsbest\u00e4tigung sind 30 % des Gesamtbetrages erforderlich.<br \/>\nDort w\u00e4hlen Sie die Zahlungsart aus.<br \/>\nSie k\u00f6nnen w\u00e4hlen zwischen der Bezahlung mit:<\/p>\n<ul>\n<li>Kreditkarte<\/li>\n<li>Bank\u00fcberweisung<\/li>\n<li>PayPal<\/li>\n<\/ul>\n<p>Ihre Reservierung ist fertig. Ab diesem Zeitpunkt verpflichten wir uns, Sie \u00fcber Ihre Reservierung zu informieren. Alternativ k\u00f6nnen Sie uns auch per E-Mail, telefonisch oder per WhatsApp kontaktieren.<br \/>\nEiner unserer Vertreter wird Ihre Fragen so schnell wie m\u00f6glich beantworten und Ihnen Mietoptionen nennen, um Ihre Reise zu erleichtern.<br \/>\nJetzt m\u00fcssen Sie nur noch auf unserer Insel ankommen, wo jemand aus unserem Team an dem von Ihnen gew\u00e4hlten Ort und zum von Ihnen gew\u00e4hlten Zeitpunkt auf Sie wartet, Ihnen das Auto zeigt, Ihren Vertrag abschlie\u00dft und alle Ihre Fragen kl\u00e4rt M\u00f6glicherweise haben Sie Informationen \u00fcber unsere Insel.<br \/>\nZum Zeitpunkt des Vertragsabschlusses muss der Mieter zur Sicherheit des Fahrzeugs \u00fcber einen g\u00fcltigen F\u00fchrerschein und eine g\u00fcltige Kreditkarte verf\u00fcgen.<br \/>\nBitte beachten Sie, dass wir die M\u00f6glichkeit eines Zusatzfahrers ohne Aufpreis anbieten. Wichtig ist nur, dass er einen g\u00fcltigen F\u00fchrerschein dabei hat.<br \/>\nJahren im Besitz eines F\u00fchrerscheins sein und dieser muss in lateinischen Buchstaben ausgestellt sein.[\/vc_column_text][\/vc_column][\/vc_row][vc_row][vc_column]<div class=\"cz_gap clr \" style=\"height: 50px\"><\/div>[vc_custom_heading text=&#8220;H\u00e4ufig Fragte Fragen (FAQ)&#8220; font_container=&#8220;tag:h2|text_align:center|color:%23000000&#8243; use_theme_fonts=&#8220;yes&#8220;]<div class=\"cz_gap clr \" style=\"height: 50px\"><\/div>[vc_toggle title=&#8220;Was sind die Voraussetzungen f\u00fcr eine Autovermietung am Flughafen Naxos?&#8220; custom_font_container=&#8220;tag:h3|text_align:left|color:%2300aeef&#8220; custom_use_theme_fonts=&#8220;yes&#8220; use_custom_heading=&#8220;true&#8220;]Es ist sehr einfach, am Flughafen Naxos ein Auto zu mieten, sofern Sie am Abholpunkt den richtigen \u201eFlughafen\u201c ausgew\u00e4hlt haben.<br \/>\nIn diesem Fall sollten Sie das Formular mit Ihren Daten, Ankunftszeit und Flugnummer ausf\u00fcllen. Diese beiden sind die wichtigsten, damit wir das Auto p\u00fcnktlich und ohne Verz\u00f6gerungen bei Ihnen abliefern k\u00f6nnen.<br \/>\nWenn Sie also aus dem Flugzeug steigen, erwartet Sie unser Vertreter mit dem Fahrzeug, das Sie f\u00fcr die Begleitung dieser Urlaubsreise ausgew\u00e4hlt haben.<\/p>\n<p>Nat\u00fcrlich gibt es auch F\u00e4lle, in denen keine Reservierung vorgenommen wurde.<br \/>\nAm Flughafen angekommen denken sie dar\u00fcber nach, ein Fahrzeug zu mieten.<br \/>\nKein Problem! Sie k\u00f6nnen uns anrufen oder uns eine Nachricht per WhatsApp senden und wir informieren Sie umgehend \u00fcber die verf\u00fcgbaren Fahrzeuge.<br \/>\nBei Verf\u00fcgbarkeit erhalten Sie in kurzer Zeit das Auto Ihrer Wahl direkt am Flughafen, ohne dass Sie etwas anderes tun m\u00fcssen.[\/vc_toggle][vc_toggle title=&#8220;Wie kann ich meinen Mietwagen am Flughafen Naxos bezahlen?&#8220; custom_font_container=&#8220;tag:h3|text_align:left|color:%2300aeef&#8220; custom_use_theme_fonts=&#8220;yes&#8220; use_custom_heading=&#8220;true&#8220;]Sobald Sie in Naxos angekommen sind und wir Sie willkommen hei\u00dfen, zeigt Ihnen unser Vertreter das Fahrzeug und schlie\u00dft Ihren Reservierungsvertrag ab.<br \/>\nDann haben Sie die M\u00f6glichkeit, je nach den Vorlieben jedes Kunden die Zahlungsmethode zwischen Bargeld oder Karte zu w\u00e4hlen.[\/vc_toggle][vc_toggle title=&#8220;Welche Dokumente sollte ich f\u00fcr meine Autovermietung am Flughafen Naxos mitbringen?&#8220; custom_font_container=&#8220;tag:h3|text_align:left|color:%2300aeef&#8220; custom_use_theme_fonts=&#8220;yes&#8220; use_custom_heading=&#8220;true&#8220;]Es ist wichtig, dass der Mieter einen g\u00fcltigen F\u00fchrerschein bei sich hat und in F\u00e4llen, in denen dies erforderlich ist, einen internationalen F\u00fchrerschein.<br \/>\nWenn f\u00fcr die Reservierung ein zweiter Fahrer ausgew\u00e4hlt wurde, ist zus\u00e4tzlich der g\u00fcltige F\u00fchrerschein des weiteren Fahrers erforderlich.<\/p>\n<p>Schlie\u00dflich muss der Mieter zur Sicherheit des von ihm gemieteten Fahrzeugs eine g\u00fcltige Kreditkarte bei sich haben. Sollte er keine g\u00fcltige Kreditkarte besitzen, sollte er dies schnellstm\u00f6glich dem Vermieter melden, bei dem das Auto gebucht wurde, damit dieser ihn \u00fcber entsprechende M\u00f6glichkeiten informieren kann.[\/vc_toggle][\/vc_column][\/vc_row][vc_row][vc_column width=&#8220;1\/4&#8243;][\/vc_column][vc_column width=&#8220;1\/2&#8243;]<div class=\"cz_gap clr \" style=\"height: 50px\"><\/div>[vc_custom_heading text=&#8220;Search for vehicle&#8220; font_container=&#8220;tag:p|font_size:24|text_align:left|color:%23000000&#8243; use_theme_fonts=&#8220;yes&#8220;][vc_raw_html css=&#8220;&#8220;]JTNDaWZyYW1lJTIwc3JjJTNEJTIyaHR0cHMlM0ElMkYlMkZuYWN0aW9ucmVudGFjYXIuY29tJTJGZm9ybS1haXJwb3J0LnBocCUyRiUyMiUyMG5hbWUlM0QlMjJjYXJmcmFtZSUyMiUyMGlkJTNEJTIyY2FyZnJhbWUlMjIlMjBmcmFtZWJvcmRlciUzRCUyMjAlMjIlMjBib3JkZXIlM0QlMjIwJTIyJTIwY2VsbHNwYWNpbmclM0QlMjIwJTIyJTIwc3R5bGUlM0QlMjJib3JkZXItc3R5bGUlM0ElMjBub25lJTNCd2lkdGglM0ElMjAxMTAlMjUlM0IlMjBoZWlnaHQlM0ElMjA1NTBweCUzQiUyMiUzRSUzQyUyRmlmcmFtZSUzRQ==[\/vc_raw_html][\/vc_column][vc_column width=&#8220;1\/4&#8243;][\/vc_column][\/vc_row]<\/p>\n<\/div>","protected":false},"excerpt":{"rendered":"<p>[vc_row][vc_column][vc_custom_heading text=&#8220;Airport &#8211; Naxos Rent a Car&#8220; font_container=&#8220;tag:h1|font_size:36|text_align:center|color:%2300aeef&#8220; use_theme_fonts=&#8220;yes&#8220;][vc_column_text]Naction Rent a car Naxos ist eine zuverl\u00e4ssige Autovermietung mit ausreichend Erfahrung &#8230; <\/p>\n","protected":false},"author":2,"featured_media":0,"parent":0,"menu_order":0,"comment_status":"closed","ping_status":"closed","template":"","meta":{"footnotes":""},"class_list":["post-3819","page","type-page","status-publish","hentry"],"yoast_head":"<!-- This site is optimized with the Yoast SEO plugin v25.7 - https:\/\/yoast.com\/wordpress\/plugins\/seo\/ -->\n<title>Airport - Naxos Rent a Car | Naction<\/title>\n<meta name=\"description\" content=\"Choose us and we will serve you for your transfer to the airport of Naxos. Rent a car with pick-up and drop-off location the airport of Naxos.\" \/>\n<meta name=\"robots\" content=\"index, follow, max-snippet:-1, max-image-preview:large, max-video-preview:-1\" \/>\n<link rel=\"canonical\" href=\"https:\/\/nactionrentacar.com\/de\/airport\/\" \/>\n<meta property=\"og:locale\" content=\"de_DE\" \/>\n<meta property=\"og:type\" content=\"article\" \/>\n<meta property=\"og:title\" content=\"Airport - Naxos Rent a Car | Naction\" \/>\n<meta property=\"og:description\" content=\"Choose us and we will serve you for your transfer to the airport of Naxos. Rent a car with pick-up and drop-off location the airport of Naxos.\" \/>\n<meta property=\"og:url\" content=\"https:\/\/nactionrentacar.com\/de\/airport\/\" \/>\n<meta property=\"og:site_name\" content=\"Rent a Car Naxos\" \/>\n<meta property=\"article:publisher\" content=\"https:\/\/www.facebook.com\/pg\/sitia-airport-and-heraklion-airport-rent-a-carLGSTJSH-crete-rent-a-car-130348640373331\/about\/?tab=page_info\" \/>\n<meta property=\"article:modified_time\" content=\"2025-01-14T11:54:57+00:00\" \/>\n<meta name=\"twitter:card\" content=\"summary_large_image\" \/>\n<meta name=\"twitter:label1\" content=\"Gesch\u00e4tzte Lesezeit\" \/>\n\t<meta name=\"twitter:data1\" content=\"5\u00a0Minuten\" \/>\n<script type=\"application\/ld+json\" class=\"yoast-schema-graph\">{\"@context\":\"https:\/\/schema.org\",\"@graph\":[{\"@type\":\"WebPage\",\"@id\":\"https:\/\/nactionrentacar.com\/de\/airport\/\",\"url\":\"https:\/\/nactionrentacar.com\/de\/airport\/\",\"name\":\"Airport - Naxos Rent a Car | Naction\",\"isPartOf\":{\"@id\":\"https:\/\/nactionrentacar.com\/de\/#website\"},\"datePublished\":\"2024-01-21T21:42:31+00:00\",\"dateModified\":\"2025-01-14T11:54:57+00:00\",\"description\":\"Choose us and we will serve you for your transfer to the airport of Naxos. Rent a car with pick-up and drop-off location the airport of Naxos.\",\"breadcrumb\":{\"@id\":\"https:\/\/nactionrentacar.com\/de\/airport\/#breadcrumb\"},\"inLanguage\":\"de\",\"potentialAction\":[{\"@type\":\"ReadAction\",\"target\":[\"https:\/\/nactionrentacar.com\/de\/airport\/\"]}]},{\"@type\":\"BreadcrumbList\",\"@id\":\"https:\/\/nactionrentacar.com\/de\/airport\/#breadcrumb\",\"itemListElement\":[{\"@type\":\"ListItem\",\"position\":1,\"name\":\"Home\",\"item\":\"https:\/\/nactionrentacar.com\/de\/\"},{\"@type\":\"ListItem\",\"position\":2,\"name\":\"Airport &#8211; Naxos Rent a Car\"}]},{\"@type\":\"WebSite\",\"@id\":\"https:\/\/nactionrentacar.com\/de\/#website\",\"url\":\"https:\/\/nactionrentacar.com\/de\/\",\"name\":\"Rent a Car Naxos\",\"description\":\"Naction Rent a Car in Naxos\",\"potentialAction\":[{\"@type\":\"SearchAction\",\"target\":{\"@type\":\"EntryPoint\",\"urlTemplate\":\"https:\/\/nactionrentacar.com\/de\/?s={search_term_string}\"},\"query-input\":{\"@type\":\"PropertyValueSpecification\",\"valueRequired\":true,\"valueName\":\"search_term_string\"}}],\"inLanguage\":\"de\"}]}<\/script>\n<!-- \/ Yoast SEO plugin. -->","yoast_head_json":{"title":"Airport - Naxos Rent a Car | Naction","description":"Choose us and we will serve you for your transfer to the airport of Naxos. Rent a car with pick-up and drop-off location the airport of Naxos.","robots":{"index":"index","follow":"follow","max-snippet":"max-snippet:-1","max-image-preview":"max-image-preview:large","max-video-preview":"max-video-preview:-1"},"canonical":"https:\/\/nactionrentacar.com\/de\/airport\/","og_locale":"de_DE","og_type":"article","og_title":"Airport - Naxos Rent a Car | Naction","og_description":"Choose us and we will serve you for your transfer to the airport of Naxos. Rent a car with pick-up and drop-off location the airport of Naxos.","og_url":"https:\/\/nactionrentacar.com\/de\/airport\/","og_site_name":"Rent a Car Naxos","article_publisher":"https:\/\/www.facebook.com\/pg\/sitia-airport-and-heraklion-airport-rent-a-carLGSTJSH-crete-rent-a-car-130348640373331\/about\/?tab=page_info","article_modified_time":"2025-01-14T11:54:57+00:00","twitter_card":"summary_large_image","twitter_misc":{"Gesch\u00e4tzte Lesezeit":"5\u00a0Minuten"},"schema":{"@context":"https:\/\/schema.org","@graph":[{"@type":"WebPage","@id":"https:\/\/nactionrentacar.com\/de\/airport\/","url":"https:\/\/nactionrentacar.com\/de\/airport\/","name":"Airport - Naxos Rent a Car | Naction","isPartOf":{"@id":"https:\/\/nactionrentacar.com\/de\/#website"},"datePublished":"2024-01-21T21:42:31+00:00","dateModified":"2025-01-14T11:54:57+00:00","description":"Choose us and we will serve you for your transfer to the airport of Naxos. Rent a car with pick-up and drop-off location the airport of Naxos.","breadcrumb":{"@id":"https:\/\/nactionrentacar.com\/de\/airport\/#breadcrumb"},"inLanguage":"de","potentialAction":[{"@type":"ReadAction","target":["https:\/\/nactionrentacar.com\/de\/airport\/"]}]},{"@type":"BreadcrumbList","@id":"https:\/\/nactionrentacar.com\/de\/airport\/#breadcrumb","itemListElement":[{"@type":"ListItem","position":1,"name":"Home","item":"https:\/\/nactionrentacar.com\/de\/"},{"@type":"ListItem","position":2,"name":"Airport &#8211; Naxos Rent a Car"}]},{"@type":"WebSite","@id":"https:\/\/nactionrentacar.com\/de\/#website","url":"https:\/\/nactionrentacar.com\/de\/","name":"Rent a Car Naxos","description":"Naction Rent a Car in Naxos","potentialAction":[{"@type":"SearchAction","target":{"@type":"EntryPoint","urlTemplate":"https:\/\/nactionrentacar.com\/de\/?s={search_term_string}"},"query-input":{"@type":"PropertyValueSpecification","valueRequired":true,"valueName":"search_term_string"}}],"inLanguage":"de"}]}},"_links":{"self":[{"href":"https:\/\/nactionrentacar.com\/de\/wp-json\/wp\/v2\/pages\/3819","targetHints":{"allow":["GET"]}}],"collection":[{"href":"https:\/\/nactionrentacar.com\/de\/wp-json\/wp\/v2\/pages"}],"about":[{"href":"https:\/\/nactionrentacar.com\/de\/wp-json\/wp\/v2\/types\/page"}],"author":[{"embeddable":true,"href":"https:\/\/nactionrentacar.com\/de\/wp-json\/wp\/v2\/users\/2"}],"replies":[{"embeddable":true,"href":"https:\/\/nactionrentacar.com\/de\/wp-json\/wp\/v2\/comments?post=3819"}],"version-history":[{"count":8,"href":"https:\/\/nactionrentacar.com\/de\/wp-json\/wp\/v2\/pages\/3819\/revisions"}],"predecessor-version":[{"id":4564,"href":"https:\/\/nactionrentacar.com\/de\/wp-json\/wp\/v2\/pages\/3819\/revisions\/4564"}],"wp:attachment":[{"href":"https:\/\/nactionrentacar.com\/de\/wp-json\/wp\/v2\/media?parent=3819"}],"curies":[{"name":"wp","href":"https:\/\/api.w.org\/{rel}","templated":true}]}}