{"id":3636,"date":"2023-12-11T21:01:05","date_gmt":"2023-12-11T19:01:05","guid":{"rendered":"https:\/\/nactionrentacar.com\/?page_id=3636"},"modified":"2023-12-11T21:01:05","modified_gmt":"2023-12-11T19:01:05","slug":"about-us","status":"publish","type":"page","link":"https:\/\/nactionrentacar.com\/de\/about-us\/","title":{"rendered":"About Us"},"content":{"rendered":"<div class=\"wpb-content-wrapper\"><p>[vc_row][vc_column offset=&#8220;vc_col-md-6&#8243;]<div id=\"cz_59862\" class=\"cz_59862 cz_title clr cz_title_pos_inline\"><div class=\"cz_title_content\"><div class=\"cz_wpe_content\"><p><span style=\"font-size: 18px; color: #aaaaaa;\">Company Profile<\/span><\/p>\n<h1><span style=\"font-size: 36px;\">NACTION\u00a0<span style=\"color: #0274bb;\">CAR RENTAL<\/span><\/span><\/h1>\n<\/div><\/div><\/div><div class=\"cz_gap clr \" style=\"height: 30px\"><\/div><div id=\"cz_54715\" class=\"cz_54715 cz_title clr cz_title_pos_inline\"><div class=\"cz_title_content\"><div class=\"cz_wpe_content\"><p>Naction\u00a0Rent a car Naxos\u00a0ist eine brandneue Autovermietung, die jedoch \u00fcber gen\u00fcgend Erfahrung im Bereich Vermietung und Tourismus verf\u00fcgt.\u00a0Mit Respekt und Verantwortung gegen\u00fcber jedem Besucher der Insel Naxos motiviert das Team von Naction Rental Car, einen umfassenden Mietwagenservice anzubieten.\u00a0Unser Team bietet verschiedene F\u00fchrungen an, um den Besuchern Anregungen zu den Sch\u00f6nheiten von Naxos zu geben.<\/p>\n<p>Unsere Zusammenarbeit mit mehreren Touristenorten auf Naxos verleiht der Agentur\u00a0Rent a Car Naxos\u00a0Glaubw\u00fcrdigkeit und anerkannte Vorteile f\u00fcr unser Unternehmen.\u00a0Zun\u00e4chst die Auswahl exzellenter Neuwagenmodelle mit hohen Anspr\u00fcchen an eine sicherere und komfortablere Tour, nat\u00fcrlich mit stets pers\u00f6nlicher Betreuung jedes Kunden.<\/p>\n<\/div><\/div><\/div><div class=\"cz_gap clr \" style=\"height: 30px\"><\/div>[\/vc_column][vc_column offset=&#8220;vc_col-md-6&#8243;]<div class=\"cz_gap clr  hide_on_tablet hide_on_mobile\" style=\"height: 60px\"><\/div><div class=\"cz_gap show_on_tablet clr  show_only_tablet\" style=\"height: 20px\"><\/div><div class=\"cz_gap show_on_mobile clr\" style=\"height: 200\\\"><\/div>[vc_single_image image=&#8220;2391&#8243; img_size=&#8220;full&#8220;][\/vc_column][\/vc_row][vc_row][vc_column]<div class=\"cz_gap clr \" style=\"height: 100px\"><\/div>[\/vc_column][\/vc_row][vc_row][vc_column offset=&#8220;vc_col-md-6&#8243;][vc_empty_space height=&#8220;65px&#8220;][vc_row_inner][vc_column_inner width=&#8220;1\/2&#8243;][vc_column_text]<\/p>\n<h4 style=\"text-align: center;\"><b>Lieferung zu Ihnen nach Hause<\/b><\/h4>\n<p>[\/vc_column_text][vc_single_image image=&#8220;1800&#8243; img_size=&#8220;full&#8220;][\/vc_column_inner][vc_column_inner width=&#8220;1\/2&#8243;][vc_column_text]<\/p>\n<h4 style=\"text-align: center;\">Lieferung zum Flughafen<\/h4>\n<p>[\/vc_column_text][vc_single_image image=&#8220;1796&#8243; img_size=&#8220;full&#8220;][\/vc_column_inner][\/vc_row_inner][vc_row_inner][vc_column_inner][vc_column_text]<\/p>\n<h4 style=\"text-align: center;\"><strong>Lieferung zum Hafen<br \/>\n<\/strong><\/h4>\n<p>[\/vc_column_text][\/vc_column_inner][\/vc_row_inner][\/vc_column][vc_column offset=&#8220;vc_col-md-6&#8243;]<div id=\"cz_92585\" class=\"cz_92585 cz_title clr cz_title_pos_inline\"><div class=\"cz_title_content\"><div class=\"cz_wpe_content\"><p><span style=\"font-size: 18px; color: #aaaaaa;\">Vertrauen Sie Naction <\/span><\/p>\n<h2><span style=\"font-size: 36px;\">UND F\u00dcHLEN SIE\u00a0<span style=\"color: #0274bb;\">SICH SICHER<\/span><\/span><\/h2>\n<\/div><\/div><\/div><div class=\"cz_gap clr \" style=\"height: 30px\"><\/div><div id=\"cz_20001\" class=\"cz_20001\"><div class=\"cz_history_1\"><div><div id=\"cz_30461\" class=\"cz_30461 cz_title clr cz_title_pos_inline\"><div class=\"cz_title_content\"><div class=\"cz_wpe_content\"><h3><span style=\"font-size: 20px;\">Lieferung und Abholung<\/span><\/h3>\n<\/div><\/div><\/div>[vc_column_text]Wir liefern Ihr Fahrzeug \u00fcberall auf der Insel und bieten eine gro\u00dfe Auswahl an Fahrzeugen.\u00a0Wir sind stolz darauf, die besten Angebote ohne versteckte Kosten anzubieten![\/vc_column_text]<div class=\"cz_gap clr \" style=\"height: 50px\"><\/div><\/div><\/div><\/div><div id=\"cz_92775\" class=\"cz_92775\"><div class=\"cz_history_1\"><div><div id=\"cz_109058\" class=\"cz_109058 cz_title clr cz_title_pos_inline\"><div class=\"cz_title_content\"><div class=\"cz_wpe_content\"><h3>Sonderpreise f\u00fcr die Autovermietung<\/h3>\n<\/div><\/div><\/div>[vc_column_text]Die Autovermietung Naction Rent a Car bietet das ganze Jahr \u00fcber die wettbewerbsf\u00e4higsten Preise, ganz im Hinblick auf Ihre Sicherheit![\/vc_column_text]<div class=\"cz_gap clr \" style=\"height: 50px\"><\/div><\/div><\/div><\/div><div id=\"cz_40433\" class=\"cz_40433\"><div class=\"cz_history_1\"><div><div id=\"cz_19205\" class=\"cz_19205 cz_title clr cz_title_pos_inline\"><div class=\"cz_title_content\"><div class=\"cz_wpe_content\"><h3><span style=\"font-size: 20px;\">Einfaches Buchungssystem<br \/>\n<\/span><\/h3>\n<\/div><\/div><\/div>[vc_column_text]Sie k\u00f6nnen Ihr Fahrzeug ganz einfach online \u00fcber unser Buchungssystem in weniger als einer Minute buchen.<\/p>\n<p><span style=\"color: #666666; font-size: 18px;\">\u00a0<\/span>[\/vc_column_text]<\/div><\/div><\/div>[\/vc_column][\/vc_row][vc_row][vc_column]<div class=\"cz_gap clr \" style=\"height: 50px\"><\/div>[\/vc_column][\/vc_row][vc_row css=&#8220;.vc_custom_1497126171788{background-position: center !important;background-repeat: no-repeat !important;background-size: cover !important;}&#8220;][vc_column width=&#8220;2\/3&#8243; offset=&#8220;vc_col-lg-8&#8243; css=&#8220;.vc_custom_1516136899580{padding-right: 20px !important;}&#8220;][vc_empty_space height=&#8220;52px&#8220;]<div id=\"cz_48641\" class=\"cz_48641 cz_title clr cz_title_pos_inline\"><div class=\"cz_title_content\"><div class=\"cz_wpe_content\"><p> s<\/p>\n<h3><span style=\"font-size: 38px;\">Haben Sie <span style=\"color: #0274bb;\">Fragen<\/span>?<\/span><\/h3>\n<\/div><\/div><\/div><div class=\"cz_gap clr \" style=\"height: 40px\"><\/div>[vc_column_text]<span style=\"font-size: 18px; color: #666666;\">Bitte lesen Sie die Fragen unten durch. Wenn Sie Ihre Antwort nicht finden k\u00f6nnen, senden Sie uns bitte Ihre Frage. Wir werden Ihnen so schnell wie m\u00f6glich antworten.<\/span>[\/vc_column_text]<div class=\"cz_gap clr \" style=\"height: 20px\"><\/div><div id=\"cz_37189\" class=\"cz_37189 cz_cf7 clr\"><div>\n<div class=\"wpcf7 no-js\" id=\"wpcf7-f3633-o1\" lang=\"en-US\" dir=\"ltr\" data-wpcf7-id=\"3633\">\n<div class=\"screen-reader-response\"><p role=\"status\" aria-live=\"polite\" aria-atomic=\"true\"><\/p> <ul><\/ul><\/div>\n<form action=\"\/de\/wp-json\/wp\/v2\/pages\/3636#wpcf7-f3633-o1\" method=\"post\" class=\"wpcf7-form init\" aria-label=\"Contact form\" novalidate=\"novalidate\" data-status=\"init\">\n<fieldset class=\"hidden-fields-container\"><input type=\"hidden\" name=\"_wpcf7\" value=\"3633\" \/><input type=\"hidden\" name=\"_wpcf7_version\" value=\"6.1.1\" \/><input type=\"hidden\" name=\"_wpcf7_locale\" value=\"en_US\" \/><input type=\"hidden\" name=\"_wpcf7_unit_tag\" value=\"wpcf7-f3633-o1\" \/><input type=\"hidden\" name=\"_wpcf7_container_post\" value=\"0\" \/><input type=\"hidden\" name=\"_wpcf7_posted_data_hash\" value=\"\" \/><input type=\"hidden\" name=\"_wpcf7_recaptcha_response\" value=\"\" \/>\n<\/fieldset>\n<p><label> Dein Name (erforderlich)<br \/>\n<span class=\"wpcf7-form-control-wrap\" data-name=\"your-name\"><input size=\"40\" maxlength=\"400\" class=\"wpcf7-form-control wpcf7-text wpcf7-validates-as-required\" aria-required=\"true\" aria-invalid=\"false\" value=\"\" type=\"text\" name=\"your-name\" \/><\/span> <\/label>\n<\/p>\n<p><label> Ihre E-Mailadresse (erforderlich)<br \/>\n<span class=\"wpcf7-form-control-wrap\" data-name=\"your-email\"><input size=\"40\" maxlength=\"400\" class=\"wpcf7-form-control wpcf7-email wpcf7-validates-as-required wpcf7-text wpcf7-validates-as-email\" aria-required=\"true\" aria-invalid=\"false\" value=\"\" type=\"email\" name=\"your-email\" \/><\/span> <\/label>\n<\/p>\n<p>Ihre Nachricht<br \/>\n<span class=\"wpcf7-form-control-wrap\" data-name=\"your-message\"><textarea cols=\"40\" rows=\"10\" maxlength=\"2000\" class=\"wpcf7-form-control wpcf7-textarea\" aria-invalid=\"false\" name=\"your-message\"><\/textarea><\/span>\n<\/p>\n<span class=\"wpcf7-form-control-wrap recaptcha\" data-name=\"recaptcha\"><span data-sitekey=\"6LdePWgpAAAAABOEyuZ-wQKlYNWa0bagkQ-MOm0g\" class=\"wpcf7-form-control wpcf7-recaptcha g-recaptcha\"><\/span>\r\n<noscript>\r\n\t<div class=\"grecaptcha-noscript\">\r\n\t\t<iframe loading=\"lazy\" src=\"https:\/\/www.google.com\/recaptcha\/api\/fallback?k=6LdePWgpAAAAABOEyuZ-wQKlYNWa0bagkQ-MOm0g\" frameborder=\"0\" scrolling=\"no\" width=\"310\" height=\"430\">\r\n\t\t<\/iframe>\r\n\t\t<textarea name=\"g-recaptcha-response\" rows=\"3\" cols=\"40\" placeholder=\"reCaptcha Response Here\">\r\n\t\t<\/textarea>\r\n\t<\/div>\r\n<\/noscript>\r\n<\/span>\n<p><input class=\"wpcf7-form-control wpcf7-submit has-spinner\" type=\"submit\" value=\"senden\" \/>\n<\/p><div class=\"wpcf7-response-output\" aria-hidden=\"true\"><\/div>\n<\/form>\n<\/div>\n<\/div><\/div>[\/vc_column][vc_column width=&#8220;1\/3&#8243;]<div class=\"cz_gap clr \" style=\"height: 100px\"><\/div>[vc_single_image image=&#8220;2393&#8243; img_size=&#8220;full&#8220;][\/vc_column][\/vc_row][vc_row][vc_column]<div class=\"cz_gap clr \" style=\"height: 50px\"><\/div>[\/vc_column][\/vc_row]<\/p>\n<\/div>","protected":false},"excerpt":{"rendered":"<p>[vc_row][vc_column offset=&#8220;vc_col-md-6&#8243;][\/vc_column][vc_column offset=&#8220;vc_col-md-6&#8243;][vc_single_image image=&#8220;2391&#8243; img_size=&#8220;full&#8220;][\/vc_column][\/vc_row][vc_row][vc_column][\/vc_column][\/vc_row][vc_row][vc_column offset=&#8220;vc_col-md-6&#8243;][vc_empty_space height=&#8220;65px&#8220;][vc_row_inner][vc_column_inner width=&#8220;1\/2&#8243;][vc_column_text] Lieferung zu Ihnen nach Hause [\/vc_column_text][vc_single_image image=&#8220;1800&#8243; img_size=&#8220;full&#8220;][\/vc_column_inner][vc_column_inner width=&#8220;1\/2&#8243;][vc_column_text] Lieferung zum Flughafen &#8230; <\/p>\n","protected":false},"author":2,"featured_media":0,"parent":0,"menu_order":0,"comment_status":"closed","ping_status":"closed","template":"","meta":{"footnotes":""},"class_list":["post-3636","page","type-page","status-publish","hentry"],"yoast_head":"<!-- This site is optimized with the Yoast SEO plugin v25.7 - https:\/\/yoast.com\/wordpress\/plugins\/seo\/ -->\n<title>About Us | Nactionrentacar.com<\/title>\n<meta name=\"description\" content=\"Nactionrentacar is a high quality Car Rental in Agios Prokopios in Naxos, Greece. High quality services and cars for rent at low prices.\" \/>\n<meta name=\"robots\" content=\"index, follow, max-snippet:-1, max-image-preview:large, max-video-preview:-1\" \/>\n<link rel=\"canonical\" href=\"https:\/\/nactionrentacar.com\/de\/about-us\/\" \/>\n<meta property=\"og:locale\" content=\"de_DE\" \/>\n<meta property=\"og:type\" content=\"article\" \/>\n<meta property=\"og:title\" content=\"About Us | Nactionrentacar.com\" \/>\n<meta property=\"og:description\" content=\"Nactionrentacar is a high quality Car Rental in Agios Prokopios in Naxos, Greece. High quality services and cars for rent at low prices.\" \/>\n<meta property=\"og:url\" content=\"https:\/\/nactionrentacar.com\/de\/about-us\/\" \/>\n<meta property=\"og:site_name\" content=\"Rent a Car Naxos\" \/>\n<meta property=\"article:publisher\" content=\"https:\/\/www.facebook.com\/pg\/sitia-airport-and-heraklion-airport-rent-a-carLGSTJSH-crete-rent-a-car-130348640373331\/about\/?tab=page_info\" \/>\n<meta name=\"twitter:card\" content=\"summary_large_image\" \/>\n<meta name=\"twitter:label1\" content=\"Gesch\u00e4tzte Lesezeit\" \/>\n\t<meta name=\"twitter:data1\" content=\"2\u00a0Minuten\" \/>\n<script type=\"application\/ld+json\" class=\"yoast-schema-graph\">{\"@context\":\"https:\/\/schema.org\",\"@graph\":[{\"@type\":\"WebPage\",\"@id\":\"https:\/\/nactionrentacar.com\/de\/about-us\/\",\"url\":\"https:\/\/nactionrentacar.com\/de\/about-us\/\",\"name\":\"About Us | Nactionrentacar.com\",\"isPartOf\":{\"@id\":\"https:\/\/nactionrentacar.com\/de\/#website\"},\"datePublished\":\"2023-12-11T19:01:05+00:00\",\"description\":\"Nactionrentacar is a high quality Car Rental in Agios Prokopios in Naxos, Greece. High quality services and cars for rent at low prices.\",\"breadcrumb\":{\"@id\":\"https:\/\/nactionrentacar.com\/de\/about-us\/#breadcrumb\"},\"inLanguage\":\"de\",\"potentialAction\":[{\"@type\":\"ReadAction\",\"target\":[\"https:\/\/nactionrentacar.com\/de\/about-us\/\"]}]},{\"@type\":\"BreadcrumbList\",\"@id\":\"https:\/\/nactionrentacar.com\/de\/about-us\/#breadcrumb\",\"itemListElement\":[{\"@type\":\"ListItem\",\"position\":1,\"name\":\"Home\",\"item\":\"https:\/\/nactionrentacar.com\/de\/\"},{\"@type\":\"ListItem\",\"position\":2,\"name\":\"About Us\"}]},{\"@type\":\"WebSite\",\"@id\":\"https:\/\/nactionrentacar.com\/de\/#website\",\"url\":\"https:\/\/nactionrentacar.com\/de\/\",\"name\":\"Rent a Car Naxos\",\"description\":\"Naction Rent a Car in Naxos\",\"potentialAction\":[{\"@type\":\"SearchAction\",\"target\":{\"@type\":\"EntryPoint\",\"urlTemplate\":\"https:\/\/nactionrentacar.com\/de\/?s={search_term_string}\"},\"query-input\":{\"@type\":\"PropertyValueSpecification\",\"valueRequired\":true,\"valueName\":\"search_term_string\"}}],\"inLanguage\":\"de\"}]}<\/script>\n<!-- \/ Yoast SEO plugin. -->","yoast_head_json":{"title":"About Us | Nactionrentacar.com","description":"Nactionrentacar is a high quality Car Rental in Agios Prokopios in Naxos, Greece. High quality services and cars for rent at low prices.","robots":{"index":"index","follow":"follow","max-snippet":"max-snippet:-1","max-image-preview":"max-image-preview:large","max-video-preview":"max-video-preview:-1"},"canonical":"https:\/\/nactionrentacar.com\/de\/about-us\/","og_locale":"de_DE","og_type":"article","og_title":"About Us | Nactionrentacar.com","og_description":"Nactionrentacar is a high quality Car Rental in Agios Prokopios in Naxos, Greece. High quality services and cars for rent at low prices.","og_url":"https:\/\/nactionrentacar.com\/de\/about-us\/","og_site_name":"Rent a Car Naxos","article_publisher":"https:\/\/www.facebook.com\/pg\/sitia-airport-and-heraklion-airport-rent-a-carLGSTJSH-crete-rent-a-car-130348640373331\/about\/?tab=page_info","twitter_card":"summary_large_image","twitter_misc":{"Gesch\u00e4tzte Lesezeit":"2\u00a0Minuten"},"schema":{"@context":"https:\/\/schema.org","@graph":[{"@type":"WebPage","@id":"https:\/\/nactionrentacar.com\/de\/about-us\/","url":"https:\/\/nactionrentacar.com\/de\/about-us\/","name":"About Us | Nactionrentacar.com","isPartOf":{"@id":"https:\/\/nactionrentacar.com\/de\/#website"},"datePublished":"2023-12-11T19:01:05+00:00","description":"Nactionrentacar is a high quality Car Rental in Agios Prokopios in Naxos, Greece. High quality services and cars for rent at low prices.","breadcrumb":{"@id":"https:\/\/nactionrentacar.com\/de\/about-us\/#breadcrumb"},"inLanguage":"de","potentialAction":[{"@type":"ReadAction","target":["https:\/\/nactionrentacar.com\/de\/about-us\/"]}]},{"@type":"BreadcrumbList","@id":"https:\/\/nactionrentacar.com\/de\/about-us\/#breadcrumb","itemListElement":[{"@type":"ListItem","position":1,"name":"Home","item":"https:\/\/nactionrentacar.com\/de\/"},{"@type":"ListItem","position":2,"name":"About Us"}]},{"@type":"WebSite","@id":"https:\/\/nactionrentacar.com\/de\/#website","url":"https:\/\/nactionrentacar.com\/de\/","name":"Rent a Car Naxos","description":"Naction Rent a Car in Naxos","potentialAction":[{"@type":"SearchAction","target":{"@type":"EntryPoint","urlTemplate":"https:\/\/nactionrentacar.com\/de\/?s={search_term_string}"},"query-input":{"@type":"PropertyValueSpecification","valueRequired":true,"valueName":"search_term_string"}}],"inLanguage":"de"}]}},"_links":{"self":[{"href":"https:\/\/nactionrentacar.com\/de\/wp-json\/wp\/v2\/pages\/3636","targetHints":{"allow":["GET"]}}],"collection":[{"href":"https:\/\/nactionrentacar.com\/de\/wp-json\/wp\/v2\/pages"}],"about":[{"href":"https:\/\/nactionrentacar.com\/de\/wp-json\/wp\/v2\/types\/page"}],"author":[{"embeddable":true,"href":"https:\/\/nactionrentacar.com\/de\/wp-json\/wp\/v2\/users\/2"}],"replies":[{"embeddable":true,"href":"https:\/\/nactionrentacar.com\/de\/wp-json\/wp\/v2\/comments?post=3636"}],"version-history":[{"count":1,"href":"https:\/\/nactionrentacar.com\/de\/wp-json\/wp\/v2\/pages\/3636\/revisions"}],"predecessor-version":[{"id":3656,"href":"https:\/\/nactionrentacar.com\/de\/wp-json\/wp\/v2\/pages\/3636\/revisions\/3656"}],"wp:attachment":[{"href":"https:\/\/nactionrentacar.com\/de\/wp-json\/wp\/v2\/media?parent=3636"}],"curies":[{"name":"wp","href":"https:\/\/api.w.org\/{rel}","templated":true}]}}